{"id":242246,"date":"2023-11-24T16:07:23","date_gmt":"2023-11-24T15:07:23","guid":{"rendered":"https:\/\/www.inesgreen.com\/?page_id=242246"},"modified":"2026-04-11T10:07:36","modified_gmt":"2026-04-11T08:07:36","slug":"kits-chaussettes","status":"publish","type":"page","link":"https:\/\/www.inesgreen.com\/en\/kits-chaussettes\/","title":{"rendered":"Socks kits"},"content":{"rendered":"<p>[et_pb_section fb_built=\u00a0\u00bb1&Prime; fullwidth=\u00a0\u00bbon\u00a0\u00bb _builder_version=\u00a0\u00bb4.27.4&Prime; background_enable_image=\u00a0\u00bboff\u00a0\u00bb parallax=\u00a0\u00bbon\u00a0\u00bb custom_margin=\u00a0\u00bb10px||||false|false\u00a0\u00bb custom_padding=\u00a0\u00bb0px||||false|false\u00a0\u00bb locked=\u00a0\u00bboff\u00a0\u00bb global_colors_info=\u00a0\u00bb{}\u00a0\u00bb][et_pb_fullwidth_header title=\u00a0\u00bbKits chaussettes\u00a0\u00bb subhead=\u00a0\u00bbTricoter ses chaussettes est tellement amusant !\u00a0\u00bb text_orientation=\u00a0\u00bbcenter\u00a0\u00bb background_overlay_color=\u00a0\u00bbrgba(255,255,255,0.39)\u00a0\u00bb _builder_version=\u00a0\u00bb4.27.4&Prime; title_level=\u00a0\u00bbh3&Prime; title_font=\u00a0\u00bbDM Serif Text||||||||\u00a0\u00bb title_text_color=\u00a0\u00bb#000000&Prime; title_font_size=\u00a0\u00bb36px\u00a0\u00bb title_line_height=\u00a0\u00bb1.4em\u00a0\u00bb content_font=\u00a0\u00bbRoboto||||||||\u00a0\u00bb content_letter_spacing=\u00a0\u00bb1px\u00a0\u00bb subhead_font=\u00a0\u00bbRoboto||||||||\u00a0\u00bb subhead_text_align=\u00a0\u00bbcenter\u00a0\u00bb subhead_text_color=\u00a0\u00bb#000000&Prime; subhead_font_size=\u00a0\u00bb24px\u00a0\u00bb subhead_line_height=\u00a0\u00bb1.5em\u00a0\u00bb background_enable_color=\u00a0\u00bboff\u00a0\u00bb background_image=\u00a0\u00bbhttps:\/\/www.inesgreen.com\/wp-content\/uploads\/2025\/08\/fond-creme-ines-green.webp\u00a0\u00bb parallax=\u00a0\u00bbon\u00a0\u00bb background_layout=\u00a0\u00bblight\u00a0\u00bb custom_padding=\u00a0\u00bb2%||2%||true|false\u00a0\u00bb custom_css_button_1=\u00a0\u00bbpadding: 8px 30px !important\u00a0\u00bb custom_css_button_2=\u00a0\u00bbpadding: 8px 30px !important\u00a0\u00bb global_colors_info=\u00a0\u00bb{}\u00a0\u00bb]<\/p>\n<p><span>\u00c9veillez votre cr\u00e9ativit\u00e9 avec nos kits chaussettes en laine naturelle tr\u00e8s douce et r\u00e9sistante. Chaque kit offre la quantit\u00e9 de laine parfaite pour tricoter ses chaussettes parfaites.<\/span><\/p>\n<p>[\/et_pb_fullwidth_header][\/et_pb_section][et_pb_section fb_built=\u00a0\u00bb1&Prime; admin_label=\u00a0\u00bbSection &#8211; Lazy Blurb\u00a0\u00bb _builder_version=\u00a0\u00bb4.27.4&Prime; custom_margin=\u00a0\u00bb||||false|false\u00a0\u00bb custom_padding=\u00a0\u00bb|0px|90px||false|false\u00a0\u00bb hover_enabled=\u00a0\u00bb0&Prime; global_colors_info=\u00a0\u00bb{}\u00a0\u00bb sticky_enabled=\u00a0\u00bb0&Prime; locked=\u00a0\u00bboff\u00a0\u00bb][et_pb_row _builder_version=\u00a0\u00bb4.27.4&Prime; _module_preset=\u00a0\u00bbdefault\u00a0\u00bb width=\u00a0\u00bb100%\u00a0\u00bb max_width=\u00a0\u00bb1530px\u00a0\u00bb custom_padding=\u00a0\u00bb|20px||20px|false|false\u00a0\u00bb hover_enabled=\u00a0\u00bb0&Prime; global_colors_info=\u00a0\u00bb{}\u00a0\u00bb sticky_enabled=\u00a0\u00bb0&Prime;][et_pb_column type=\u00a0\u00bb4_4&Prime; _builder_version=\u00a0\u00bb4.27.4&Prime; _module_preset=\u00a0\u00bbdefault\u00a0\u00bb global_colors_info=\u00a0\u00bb{}\u00a0\u00bb][et_pb_shop type=\u00a0\u00bbproduct_category\u00a0\u00bb posts_number=\u00a0\u00bb20&Prime; include_categories=\u00a0\u00bb76&Prime; columns_number=\u00a0\u00bb3&Prime; orderby=\u00a0\u00bbdate-desc\u00a0\u00bb sale_badge_color=\u00a0\u00bb#000000&Prime; _builder_version=\u00a0\u00bb4.27.6&Prime; _module_preset=\u00a0\u00bbdefault\u00a0\u00bb title_font=\u00a0\u00bbRoboto||||||||\u00a0\u00bb title_font_size=\u00a0\u00bb20px\u00a0\u00bb title_line_height=\u00a0\u00bb1.1em\u00a0\u00bb price_font=\u00a0\u00bbRoboto||||||||\u00a0\u00bb price_text_color=\u00a0\u00bb#000000&Prime; sale_badge_font=\u00a0\u00bbRoboto||||||||\u00a0\u00bb sale_price_font=\u00a0\u00bbRoboto|700|||||||\u00a0\u00bb sale_price_text_color=\u00a0\u00bb#000000&Prime; rating_text_color=\u00a0\u00bb#c39b82&Prime; min_height=\u00a0\u00bb100px\u00a0\u00bb custom_margin=\u00a0\u00bb-13px|||||\u00a0\u00bb custom_padding=\u00a0\u00bb32px||0px|||\u00a0\u00bb hover_enabled=\u00a0\u00bb0&Prime; border_style_all_image=\u00a0\u00bbnone\u00a0\u00bb global_colors_info=\u00a0\u00bb{}\u00a0\u00bb sticky_enabled=\u00a0\u00bb0&Prime;][\/et_pb_shop][\/et_pb_column][\/et_pb_row][\/et_pb_section][et_pb_section fb_built=\u00a0\u00bb1&Prime; fullwidth=\u00a0\u00bbon\u00a0\u00bb _builder_version=\u00a0\u00bb4.22.2&Prime; custom_margin=\u00a0\u00bb0px||||false|false\u00a0\u00bb custom_padding=\u00a0\u00bb0px||||false|false\u00a0\u00bb global_colors_info=\u00a0\u00bb{}\u00a0\u00bb][et_pb_fullwidth_header title=\u00a0\u00bbLaines \u00e0 chaussettes\u00a0\u00bb subhead=\u00a0\u00bbKits pour tricoter ses chaussettes toute l&rsquo;ann\u00e9e\u00a0\u00bb text_orientation=\u00a0\u00bbcenter\u00a0\u00bb background_overlay_color=\u00a0\u00bbrgba(255,255,255,0.39)\u00a0\u00bb _builder_version=\u00a0\u00bb4.27.4&Prime; title_level=\u00a0\u00bbh2&Prime; title_font=\u00a0\u00bbDM Serif Text||||||||\u00a0\u00bb title_font_size=\u00a0\u00bb36px\u00a0\u00bb title_line_height=\u00a0\u00bb1.4em\u00a0\u00bb content_font=\u00a0\u00bbRoboto||||||||\u00a0\u00bb content_letter_spacing=\u00a0\u00bb1px\u00a0\u00bb subhead_font=\u00a0\u00bbRoboto||||||||\u00a0\u00bb subhead_text_align=\u00a0\u00bbcenter\u00a0\u00bb subhead_font_size=\u00a0\u00bb24px\u00a0\u00bb subhead_line_height=\u00a0\u00bb1.5em\u00a0\u00bb background_enable_color=\u00a0\u00bboff\u00a0\u00bb background_image=\u00a0\u00bbhttps:\/\/www.inesgreen.com\/wp-content\/uploads\/2025\/08\/fond-creme-ines-green.webp\u00a0\u00bb parallax=\u00a0\u00bbon\u00a0\u00bb background_layout=\u00a0\u00bblight\u00a0\u00bb custom_padding=\u00a0\u00bb4%||4%||true|false\u00a0\u00bb custom_css_button_1=\u00a0\u00bbpadding: 8px 30px !important\u00a0\u00bb custom_css_button_2=\u00a0\u00bbpadding: 8px 30px !important\u00a0\u00bb global_colors_info=\u00a0\u00bb{}\u00a0\u00bb]<\/p>\n<p>D\u00e9couvrez le plaisir du tricot avec notre s\u00e9lection vari\u00e9e de Laines \u00e0 Chaussettes In\u00e8s Green. Nos \u00e9cheveaux de laine naturelle, teints \u00e0 la main, offrent une qualit\u00e9 et une richesse de couleur exceptionnelles. Tricoter vos chaussettes avec notre laine teinte \u00e0 la main vous garantit un r\u00e9sultat \u00e0 la fois unique et confortable. Nos kits de tricot sont con\u00e7us pour inspirer les tricoteurs de tous niveaux, avec une gamme de nuances vibrantes et une texture douce et chaleureuse. En optant pour In\u00e8s Green, vous choisissez une laine respectueuse de l&rsquo;environnement, favorisant des pratiques durables et \u00e9thiques. Nos laines \u00e0 chaussettes sont id\u00e9ales pour tous vos projets de tricot, des chaussettes personnalis\u00e9es aux accessoires cr\u00e9atifs. Chaque \u00e9cheveau est une invitation \u00e0 la cr\u00e9ation, offrant confort et style \u00e0 chaque maille. Laissez-vous s\u00e9duire par la beaut\u00e9 naturelle de notre laine teinte \u00e0 la main et transformez chaque projet en une \u0153uvre personnelle et gratifiante.<\/p>\n<p>[\/et_pb_fullwidth_header][\/et_pb_section]<\/p>\n","protected":false},"excerpt":{"rendered":"<p>\u00c9veillez votre cr\u00e9ativit\u00e9 avec nos kits chaussettes en laine naturelle tr\u00e8s douce et r\u00e9sistante. Chaque kit offre la quantit\u00e9 de laine parfaite pour tricoter ses chaussettes parfaites.D\u00e9couvrez le plaisir du tricot avec notre s\u00e9lection vari\u00e9e de Laines \u00e0 Chaussettes In\u00e8s Green. Nos \u00e9cheveaux de laine naturelle, teints \u00e0 la main, offrent une qualit\u00e9 et une [&hellip;]<\/p>\n","protected":false},"author":2,"featured_media":0,"parent":0,"menu_order":0,"comment_status":"closed","ping_status":"closed","template":"","meta":{"_seopress_robots_primary_cat":"","_seopress_titles_title":"Kits chaussettes color\u00e9s parfaits pour des chaussettes uniques - In\u00e8s Green","_seopress_titles_desc":"R\u00e9veillez votre cr\u00e9ativit\u00e9 avec nos Kits Chaussettes In\u00e8s Green. Chaque kit offre un \u00e9cheveau de laine naturelle teinte \u00e0 la main, parfait pour des chaussettes uniques. Facile et plaisant, tricotez avec style et confort.","_seopress_robots_index":"","_et_pb_use_builder":"on","_et_pb_old_content":"","_et_gb_content_width":"","ep_exclude_from_search":false,"footnotes":""},"class_list":["post-242246","page","type-page","status-publish","hentry"],"_links":{"self":[{"href":"https:\/\/www.inesgreen.com\/en\/wp-json\/wp\/v2\/pages\/242246","targetHints":{"allow":["GET"]}}],"collection":[{"href":"https:\/\/www.inesgreen.com\/en\/wp-json\/wp\/v2\/pages"}],"about":[{"href":"https:\/\/www.inesgreen.com\/en\/wp-json\/wp\/v2\/types\/page"}],"author":[{"embeddable":true,"href":"https:\/\/www.inesgreen.com\/en\/wp-json\/wp\/v2\/users\/2"}],"replies":[{"embeddable":true,"href":"https:\/\/www.inesgreen.com\/en\/wp-json\/wp\/v2\/comments?post=242246"}],"version-history":[{"count":86,"href":"https:\/\/www.inesgreen.com\/en\/wp-json\/wp\/v2\/pages\/242246\/revisions"}],"predecessor-version":[{"id":253689,"href":"https:\/\/www.inesgreen.com\/en\/wp-json\/wp\/v2\/pages\/242246\/revisions\/253689"}],"wp:attachment":[{"href":"https:\/\/www.inesgreen.com\/en\/wp-json\/wp\/v2\/media?parent=242246"}],"curies":[{"name":"wp","href":"https:\/\/api.w.org\/{rel}","templated":true}]}}