{"id":244284,"date":"2024-05-27T12:04:51","date_gmt":"2024-05-27T10:04:51","guid":{"rendered":"https:\/\/www.inesgreen.com\/?page_id=244284"},"modified":"2025-08-10T17:17:29","modified_gmt":"2025-08-10T15:17:29","slug":"carte-cadeau","status":"publish","type":"page","link":"https:\/\/www.inesgreen.com\/en\/carte-cadeau\/","title":{"rendered":"Gift Card"},"content":{"rendered":"<p>[et_pb_section fb_built=\u00a0\u00bb1&Prime; fullwidth=\u00a0\u00bbon\u00a0\u00bb _builder_version=\u00a0\u00bb4.27.4&Prime; background_color=\u00a0\u00bb#93abc1&Prime; background_image=\u00a0\u00bbhttps:\/\/www.inesgreen.com\/wp-content\/uploads\/2024\/05\/cadeau-5-jpg.webp\u00a0\u00bb parallax=\u00a0\u00bbon\u00a0\u00bb custom_margin=\u00a0\u00bb0px||||false|false\u00a0\u00bb custom_padding=\u00a0\u00bb0px||||false|false\u00a0\u00bb global_colors_info=\u00a0\u00bb{}\u00a0\u00bb][et_pb_fullwidth_header title=\u00a0\u00bbCARTE CADEAU\u00a0\u00bb subhead=\u00a0\u00bbOffrez une carte cadeau In\u00e8s Green pour faire plaisir\u00a0\u00bb text_orientation=\u00a0\u00bbcenter\u00a0\u00bb background_overlay_color=\u00a0\u00bbrgba(255,255,255,0.39)\u00a0\u00bb _builder_version=\u00a0\u00bb4.25.1&Prime; title_level=\u00a0\u00bbh2&Prime; title_font_size=\u00a0\u00bb32px\u00a0\u00bb title_letter_spacing=\u00a0\u00bb2px\u00a0\u00bb title_line_height=\u00a0\u00bb1.4em\u00a0\u00bb content_font_size=\u00a0\u00bb17px\u00a0\u00bb subhead_font=\u00a0\u00bbEB Garamond||||||||\u00a0\u00bb subhead_text_align=\u00a0\u00bbcenter\u00a0\u00bb subhead_font_size=\u00a0\u00bb24px\u00a0\u00bb subhead_line_height=\u00a0\u00bb1.5em\u00a0\u00bb background_enable_color=\u00a0\u00bboff\u00a0\u00bb background_enable_image=\u00a0\u00bboff\u00a0\u00bb parallax=\u00a0\u00bbon\u00a0\u00bb background_layout=\u00a0\u00bblight\u00a0\u00bb custom_padding=\u00a0\u00bb2%||2%||true|false\u00a0\u00bb custom_css_button_1=\u00a0\u00bbpadding: 8px 30px !important\u00a0\u00bb custom_css_button_2=\u00a0\u00bbpadding: 8px 30px !important\u00a0\u00bb global_colors_info=\u00a0\u00bb{}\u00a0\u00bb]<\/p>\n<p><span>Une carte cadeau In\u00e8s Green est le cadeau id\u00e9al pour g\u00e2ter vos proches passionn\u00e9s de laine et de tricot. Laissez-les choisir leurs laines naturelles teintes \u00e0 la main pr\u00e9f\u00e9r\u00e9es parmi notre collection unique.<\/span><\/p>\n<p>[\/et_pb_fullwidth_header][\/et_pb_section][et_pb_section fb_built=\u00a0\u00bb1&Prime; admin_label=\u00a0\u00bbSection &#8211; Lazy Blurb\u00a0\u00bb _builder_version=\u00a0\u00bb4.27.4&Prime; custom_margin=\u00a0\u00bb70px||70px||true|false\u00a0\u00bb custom_padding=\u00a0\u00bb||0px||false|false\u00a0\u00bb global_colors_info=\u00a0\u00bb{}\u00a0\u00bb][et_pb_row column_structure=\u00a0\u00bb3_5,2_5&Prime; use_custom_gutter=\u00a0\u00bbon\u00a0\u00bb make_equal=\u00a0\u00bbon\u00a0\u00bb custom_padding_last_edited=\u00a0\u00bbon|phone\u00a0\u00bb admin_label=\u00a0\u00bbRow &#8211; Lazy Blurb\u00a0\u00bb module_class=\u00a0\u00bbannettepro_blurbserv\u00a0\u00bb _builder_version=\u00a0\u00bb4.27.4&Prime; width_tablet=\u00a0\u00bb100%\u00a0\u00bb width_phone=\u00a0\u00bb\u00a0\u00bb width_last_edited=\u00a0\u00bbon|desktop\u00a0\u00bb max_width=\u00a0\u00bb100%\u00a0\u00bb max_width_tablet=\u00a0\u00bb100%\u00a0\u00bb max_width_phone=\u00a0\u00bb\u00a0\u00bb max_width_last_edited=\u00a0\u00bbon|tablet\u00a0\u00bb custom_padding_tablet=\u00a0\u00bb|8%||8%|false|true\u00a0\u00bb custom_padding_phone=\u00a0\u00bb\u00a0\u00bb make_fullwidth=\u00a0\u00bbon\u00a0\u00bb global_colors_info=\u00a0\u00bb{}\u00a0\u00bb][et_pb_column type=\u00a0\u00bb3_5&Prime; _builder_version=\u00a0\u00bb4.16&Prime; background_enable_image=\u00a0\u00bboff\u00a0\u00bb custom_padding=\u00a0\u00bb|||\u00a0\u00bb global_colors_info=\u00a0\u00bb{}\u00a0\u00bb custom_padding__hover=\u00a0\u00bb|||\u00a0\u00bb][et_pb_image src=\u00a0\u00bbhttps:\/\/www.inesgreen.com\/wp-content\/uploads\/2025\/08\/carte-cadeau-aout-2025-ines-green.webp\u00a0\u00bb title_text=\u00a0\u00bbcarte cadeau aout 2025 ines green\u00a0\u00bb url=\u00a0\u00bbhttps:\/\/www.inesgreen.com\/produit\/carte-cadeau\/\u00a0\u00bb _builder_version=\u00a0\u00bb4.27.4&Prime; _module_preset=\u00a0\u00bbdefault\u00a0\u00bb width=\u00a0\u00bb100%\u00a0\u00bb custom_margin=\u00a0\u00bb||69px|||\u00a0\u00bb hover_enabled=\u00a0\u00bb0&Prime; global_colors_info=\u00a0\u00bb{}\u00a0\u00bb src__hover_enabled=\u00a0\u00bboff|hover\u00a0\u00bb sticky_enabled=\u00a0\u00bb0&Prime;][\/et_pb_image][\/et_pb_column][et_pb_column type=\u00a0\u00bb2_5&Prime; _builder_version=\u00a0\u00bb4.16&Prime; background_enable_image=\u00a0\u00bboff\u00a0\u00bb custom_padding=\u00a0\u00bb|||\u00a0\u00bb global_colors_info=\u00a0\u00bb{}\u00a0\u00bb custom_padding__hover=\u00a0\u00bb|||\u00a0\u00bb][et_pb_wc_title product=\u00a0\u00bb244245&Prime; _builder_version=\u00a0\u00bb4.25.1&Prime; _module_preset=\u00a0\u00bbdefault\u00a0\u00bb global_colors_info=\u00a0\u00bb{}\u00a0\u00bb][\/et_pb_wc_title][et_pb_text _builder_version=\u00a0\u00bb4.25.1&Prime; _module_preset=\u00a0\u00bbdefault\u00a0\u00bb text_font_size=\u00a0\u00bb18px\u00a0\u00bb global_colors_info=\u00a0\u00bb{}\u00a0\u00bb]<\/p>\n<p><span>Une\u00a0<\/span><strong>carte cadeau In\u00e8s Green<\/strong><span>\u00a0est le cadeau id\u00e9al pour g\u00e2ter vos proches passionn\u00e9s de laine et de tricot. Laissez votre ami ou proche choisir lui-m\u00eame les laines naturelles teintes \u00e0 la main qui lui fera envie parmi notre riche collection de coloris uniques. Que ce soit pour un anniversaire, la f\u00eate des m\u00e8res, cadeau de No\u00ebl ou tout autre \u00e9v\u00e9nement sp\u00e9cial, rien de tel qu\u2019une carte cadeau pour \u00eatre certain de faire mouche.<\/span><\/p>\n<p>[\/et_pb_text][et_pb_button button_url=\u00a0\u00bbhttps:\/\/www.inesgreen.com\/produit\/carte-cadeau\/\u00a0\u00bb button_text=\u00a0\u00bbJ&rsquo;offre une carte cadeau\u00a0\u00bb _builder_version=\u00a0\u00bb4.27.4&Prime; _module_preset=\u00a0\u00bbdefault\u00a0\u00bb custom_button=\u00a0\u00bbon\u00a0\u00bb button_text_size=\u00a0\u00bb20px\u00a0\u00bb hover_enabled=\u00a0\u00bb0&Prime; global_colors_info=\u00a0\u00bb{}\u00a0\u00bb button_bg_color=\u00a0\u00bb#b58461&Prime; button_bg_enable_color=\u00a0\u00bbon\u00a0\u00bb background_layout=\u00a0\u00bbdark\u00a0\u00bb button_text_color=\u00a0\u00bb#FFFFFF\u00a0\u00bb button_border_width=\u00a0\u00bb0px\u00a0\u00bb sticky_enabled=\u00a0\u00bb0&Prime;][\/et_pb_button][\/et_pb_column][\/et_pb_row][\/et_pb_section][et_pb_section fb_built=\u00a0\u00bb1&Prime; fullwidth=\u00a0\u00bbon\u00a0\u00bb _builder_version=\u00a0\u00bb4.27.4&Prime; background_image=\u00a0\u00bbhttps:\/\/www.inesgreen.com\/wp-content\/uploads\/2025\/07\/vanille-laine-jaune-ines-green.webp\u00a0\u00bb custom_margin=\u00a0\u00bb0px||||false|false\u00a0\u00bb custom_padding=\u00a0\u00bb0px||||false|false\u00a0\u00bb hover_enabled=\u00a0\u00bb0&Prime; global_colors_info=\u00a0\u00bb{}\u00a0\u00bb title_text=\u00a0\u00bbvanille laine jaune ines green\u00a0\u00bb sticky_enabled=\u00a0\u00bb0&Prime;][et_pb_fullwidth_header title=\u00a0\u00bbCARTES CADEAUX\u00a0\u00bb subhead=\u00a0\u00bbOffrir une carte cadeau, c&rsquo;est aussi faire un geste \u00e9co-responsable en encourageant l&rsquo;artisanat local et les produits durables\u00a0\u00bb text_orientation=\u00a0\u00bbcenter\u00a0\u00bb background_overlay_color=\u00a0\u00bbrgba(255,255,255,0.39)\u00a0\u00bb _builder_version=\u00a0\u00bb4.25.1&Prime; title_level=\u00a0\u00bbh2&Prime; title_font_size=\u00a0\u00bb32px\u00a0\u00bb title_letter_spacing=\u00a0\u00bb2px\u00a0\u00bb title_line_height=\u00a0\u00bb1.4em\u00a0\u00bb subhead_font=\u00a0\u00bbEB Garamond||||||||\u00a0\u00bb subhead_text_align=\u00a0\u00bbcenter\u00a0\u00bb subhead_font_size=\u00a0\u00bb24px\u00a0\u00bb subhead_line_height=\u00a0\u00bb1.5em\u00a0\u00bb background_enable_color=\u00a0\u00bboff\u00a0\u00bb background_enable_image=\u00a0\u00bboff\u00a0\u00bb parallax=\u00a0\u00bbon\u00a0\u00bb background_layout=\u00a0\u00bblight\u00a0\u00bb custom_padding=\u00a0\u00bb4%||4%||true|false\u00a0\u00bb hover_enabled=\u00a0\u00bb0&Prime; custom_css_button_1=\u00a0\u00bbpadding: 8px 30px !important\u00a0\u00bb custom_css_button_2=\u00a0\u00bbpadding: 8px 30px !important\u00a0\u00bb global_colors_info=\u00a0\u00bb{}\u00a0\u00bb sticky_enabled=\u00a0\u00bb0&Prime;]<\/p>\n<p><span>Que ce soit pour un anniversaire, la f\u00eate des m\u00e8res, cadeau de No\u00ebl ou tout autre \u00e9v\u00e9nement sp\u00e9cial, rien de tel qu&rsquo;une carte cadeau pour \u00eatre certain de faire mouche. Plus besoin de deviner les go\u00fbts et les pr\u00e9f\u00e9rences, votre proche pourra s\u00e9lectionner en toute libert\u00e9 la laine parfaite pour son prochain projet de tricot, ou crochet. <\/span><span>In\u00e8s Green propose une large palette de fibres naturelles de qualit\u00e9 sup\u00e9rieure. Votre destinataire n&rsquo;aura que l&#8217;embarras du choix pour trouver la base de laine id\u00e9ale, qu&rsquo;il s&rsquo;agisse de r\u00e9aliser un ch\u00e2le a\u00e9rien, un pull tendance ou encore un accessoire unique.<\/span><\/p>\n<p>[\/et_pb_fullwidth_header][\/et_pb_section]<\/p>\n","protected":false},"excerpt":{"rendered":"<p>Une carte cadeau In\u00e8s Green est le cadeau id\u00e9al pour g\u00e2ter vos proches passionn\u00e9s de laine et de tricot. Laissez-les choisir leurs laines naturelles teintes \u00e0 la main pr\u00e9f\u00e9r\u00e9es parmi notre collection unique.Une\u00a0carte cadeau In\u00e8s Green\u00a0est le cadeau id\u00e9al pour g\u00e2ter vos proches passionn\u00e9s de laine et de tricot. Laissez votre ami ou proche choisir [&hellip;]<\/p>\n","protected":false},"author":2,"featured_media":244283,"parent":0,"menu_order":0,"comment_status":"closed","ping_status":"closed","template":"","meta":{"_seopress_robots_primary_cat":"","_seopress_titles_title":"Cartes Cadeaux Laine Naturelle Teinte \u00e0 la Main | In\u00e8s Green","_seopress_titles_desc":"D\u00e9couvrez nos cartes cadeaux In\u00e8s Green pour offrir des laines naturelles teintes \u00e0 la main. Plusieurs th\u00e9matiques : No\u00ebl, F\u00eate des M\u00e8res, Anniversaire, Amiti\u00e9... Un cadeau cr\u00e9atif et \u00e9co-responsable !","_seopress_robots_index":"","_et_pb_use_builder":"on","_et_pb_old_content":"","_et_gb_content_width":"","ep_exclude_from_search":false,"footnotes":""},"class_list":["post-244284","page","type-page","status-publish","has-post-thumbnail","hentry"],"_links":{"self":[{"href":"https:\/\/www.inesgreen.com\/en\/wp-json\/wp\/v2\/pages\/244284","targetHints":{"allow":["GET"]}}],"collection":[{"href":"https:\/\/www.inesgreen.com\/en\/wp-json\/wp\/v2\/pages"}],"about":[{"href":"https:\/\/www.inesgreen.com\/en\/wp-json\/wp\/v2\/types\/page"}],"author":[{"embeddable":true,"href":"https:\/\/www.inesgreen.com\/en\/wp-json\/wp\/v2\/users\/2"}],"replies":[{"embeddable":true,"href":"https:\/\/www.inesgreen.com\/en\/wp-json\/wp\/v2\/comments?post=244284"}],"version-history":[{"count":35,"href":"https:\/\/www.inesgreen.com\/en\/wp-json\/wp\/v2\/pages\/244284\/revisions"}],"predecessor-version":[{"id":250183,"href":"https:\/\/www.inesgreen.com\/en\/wp-json\/wp\/v2\/pages\/244284\/revisions\/250183"}],"wp:featuredmedia":[{"embeddable":true,"href":"https:\/\/www.inesgreen.com\/en\/wp-json\/wp\/v2\/media\/244283"}],"wp:attachment":[{"href":"https:\/\/www.inesgreen.com\/en\/wp-json\/wp\/v2\/media?parent=244284"}],"curies":[{"name":"wp","href":"https:\/\/api.w.org\/{rel}","templated":true}]}}