{"id":249408,"date":"2025-05-06T13:24:34","date_gmt":"2025-05-06T11:24:34","guid":{"rendered":"https:\/\/www.inesgreen.com\/?page_id=249408"},"modified":"2025-05-06T13:24:34","modified_gmt":"2025-05-06T11:24:34","slug":"collection-forget-me-not","status":"publish","type":"page","link":"https:\/\/www.inesgreen.com\/en\/collection-forget-me-not\/","title":{"rendered":"Forget me not Collection"},"content":{"rendered":"<p>[et_pb_section fb_built=\u00a0\u00bb1&Prime; _builder_version=\u00a0\u00bb4.16&Prime; _module_preset=\u00a0\u00bbdefault\u00a0\u00bb custom_padding=\u00a0\u00bb0px||0px||false|false\u00a0\u00bb locked=\u00a0\u00bboff\u00a0\u00bb global_colors_info=\u00a0\u00bb{}\u00a0\u00bb][et_pb_row _builder_version=\u00a0\u00bb4.27.4&Prime; _module_preset=\u00a0\u00bbdefault\u00a0\u00bb hover_enabled=\u00a0\u00bb0&Prime; locked=\u00a0\u00bboff\u00a0\u00bb global_colors_info=\u00a0\u00bb{}\u00a0\u00bb sticky_enabled=\u00a0\u00bb0&Prime;][et_pb_column type=\u00a0\u00bb4_4&Prime; _builder_version=\u00a0\u00bb4.27.4&Prime; _module_preset=\u00a0\u00bbdefault\u00a0\u00bb background_color=\u00a0\u00bbrgba(92,84,183,0.86)\u00a0\u00bb hover_enabled=\u00a0\u00bb0&Prime; global_colors_info=\u00a0\u00bb{}\u00a0\u00bb sticky_enabled=\u00a0\u00bb0&Prime;][et_pb_divider color=\u00a0\u00bbRGBA(255,255,255,0)\u00a0\u00bb _builder_version=\u00a0\u00bb4.27.4&Prime; _module_preset=\u00a0\u00bbdefault\u00a0\u00bb hover_enabled=\u00a0\u00bb0&Prime; global_colors_info=\u00a0\u00bb{}\u00a0\u00bb sticky_enabled=\u00a0\u00bb0&Prime;][\/et_pb_divider][et_pb_text _builder_version=\u00a0\u00bb4.27.4&Prime; _module_preset=\u00a0\u00bbdefault\u00a0\u00bb header_2_text_align=\u00a0\u00bbcenter\u00a0\u00bb header_2_font_size=\u00a0\u00bb30px\u00a0\u00bb header_2_letter_spacing=\u00a0\u00bb1px\u00a0\u00bb header_2_line_height=\u00a0\u00bb1.6em\u00a0\u00bb text_orientation=\u00a0\u00bbcenter\u00a0\u00bb custom_margin=\u00a0\u00bb||2%||false|false\u00a0\u00bb hover_enabled=\u00a0\u00bb0&Prime; global_colors_info=\u00a0\u00bb{}\u00a0\u00bb sticky_enabled=\u00a0\u00bb0&Prime;]<\/p>\n<p><span style=\"color: #ffffff;\"><strong>COLLECTION<\/strong><\/span><\/p>\n<h2><span style=\"color: #ffffff;\">FORGET ME NOT<\/span><\/h2>\n<p>[\/et_pb_text][\/et_pb_column][\/et_pb_row][et_pb_row column_structure=\u00a0\u00bb1_2,1_2&Prime; use_custom_gutter=\u00a0\u00bbon\u00a0\u00bb make_equal=\u00a0\u00bbon\u00a0\u00bb _builder_version=\u00a0\u00bb4.16&Prime; positioning=\u00a0\u00bbnone\u00a0\u00bb z_index=\u00a0\u00bb0&Prime; locked=\u00a0\u00bboff\u00a0\u00bb global_colors_info=\u00a0\u00bb{}\u00a0\u00bb][et_pb_column type=\u00a0\u00bb1_2&Prime; _builder_version=\u00a0\u00bb4.16&Prime; z_index=\u00a0\u00bb9&Prime; custom_css_main_element=\u00a0\u00bbtransform: translateY(0px);||transition: all .4s cubic-bezier(0.445, 0.05, 0.55, 0.95);\u00a0\u00bb global_colors_info=\u00a0\u00bb{}\u00a0\u00bb custom_css_main_element__hover_enabled=\u00a0\u00bbon|hover\u00a0\u00bb custom_css_main_element__hover=\u00a0\u00bbtransform: translateY(-10px);||transition: all .4s cubic-bezier(0.445, 0.05, 0.55, 0.95);\u00a0\u00bb][et_pb_image src=\u00a0\u00bbhttps:\/\/www.inesgreen.com\/wp-content\/uploads\/2025\/03\/laine-teinturiere-lilas-speckles-forget-me-note-ines-green-2.webp\u00a0\u00bb title_text=\u00a0\u00bblaine teinturiere lilas speckles forget me note ines green\u00a0\u00bb url=\u00a0\u00bbhttps:\/\/www.inesgreen.com\/produit\/mars-2025-forget-me-not\/\u00a0\u00bb admin_label=\u00a0\u00bbImage 1000 x 667 px\u00a0\u00bb _builder_version=\u00a0\u00bb4.27.4&Prime; z_index=\u00a0\u00bb1&Prime; custom_css_main_element=\u00a0\u00bbmax-height: 450px;||overflow:hidden;\u00a0\u00bb global_colors_info=\u00a0\u00bb{}\u00a0\u00bb custom_css_after__hover_enabled=\u00a0\u00bbon|desktop\u00a0\u00bb custom_css_after__hover=\u00a0\u00bb background-color: #eef4f1;\u00a0\u00bb][\/et_pb_image][et_pb_divider show_divider=\u00a0\u00bboff\u00a0\u00bb module_class=\u00a0\u00bbannettepro_light_background\u00a0\u00bb _builder_version=\u00a0\u00bb4.16&Prime; background_color=\u00a0\u00bb#f5f5f5&Prime; positioning=\u00a0\u00bbabsolute\u00a0\u00bb vertical_offset=\u00a0\u00bb-30px\u00a0\u00bb horizontal_offset=\u00a0\u00bb-60px\u00a0\u00bb z_index=\u00a0\u00bb0&Prime; vertical_offset_phone=\u00a0\u00bb-6vw\u00a0\u00bb vertical_offset_last_edited=\u00a0\u00bboff|tablet\u00a0\u00bb horizontal_offset_tablet=\u00a0\u00bb-20px\u00a0\u00bb horizontal_offset_phone=\u00a0\u00bb-6vw\u00a0\u00bb horizontal_offset_last_edited=\u00a0\u00bbon|tablet\u00a0\u00bb width=\u00a0\u00bb60%\u00a0\u00bb height=\u00a0\u00bb43%\u00a0\u00bb height_tablet=\u00a0\u00bb50%\u00a0\u00bb height_phone=\u00a0\u00bb32%\u00a0\u00bb height_last_edited=\u00a0\u00bbon|tablet\u00a0\u00bb custom_margin=\u00a0\u00bb25%|||3%|false|false\u00a0\u00bb custom_margin_tablet=\u00a0\u00bb18%|||-3%|false|false\u00a0\u00bb custom_margin_phone=\u00a0\u00bb|||-1%|false|false\u00a0\u00bb custom_margin_last_edited=\u00a0\u00bbon|phone\u00a0\u00bb custom_padding=\u00a0\u00bb||||false|false\u00a0\u00bb scroll_vertical_motion=\u00a0\u00bb0|70|70|100|0.5|0|-0.5&Prime; border_color_all=\u00a0\u00bb#000000&Prime; global_colors_info=\u00a0\u00bb{}\u00a0\u00bb][\/et_pb_divider][et_pb_text _builder_version=\u00a0\u00bb4.27.4&Prime; header_2_font_size=\u00a0\u00bb50px\u00a0\u00bb z_index=\u00a0\u00bb9&Prime; custom_margin=\u00a0\u00bb-9%|||-5%|false|false\u00a0\u00bb custom_margin_tablet=\u00a0\u00bb\u00a0\u00bb custom_margin_phone=\u00a0\u00bb-30%|||-5%|false|false\u00a0\u00bb custom_margin_last_edited=\u00a0\u00bbon|phone\u00a0\u00bb header_2_font_size_tablet=\u00a0\u00bb\u00a0\u00bb header_2_font_size_phone=\u00a0\u00bb35px\u00a0\u00bb header_2_font_size_last_edited=\u00a0\u00bbon|phone\u00a0\u00bb custom_css_before=\u00a0\u00bb    content: %22%22;||    height: 1px;||    width: 50px;||    background-color: #2d2d2d;||    display: inline-block;||    margin-bottom: -35px;||    margin-left: -60px;||    z-index: 999;\u00a0\u00bb custom_css_main_element=\u00a0\u00bb-moz-transform:rotate(270deg);  ||-webkit-transform:rotate(270deg);  ||-o-transform:rotate(270deg);  ||-ms-transform:rotate(270deg);||transform: rotate(270deg); ||||float: left;\u00a0\u00bb global_colors_info=\u00a0\u00bb{}\u00a0\u00bb]<\/p>\n<h2>Mars<\/h2>\n<p>[\/et_pb_text][et_pb_cta title=\u00a0\u00bbForget me not\u00a0\u00bb button_url=\u00a0\u00bbhttps:\/\/www.inesgreen.com\/produit\/mars-2025-forget-me-not\/\u00a0\u00bb button_text=\u00a0\u00bbCOMMANDER\u00a0\u00bb module_class=\u00a0\u00bbannettepro_boxservice\u00a0\u00bb _builder_version=\u00a0\u00bb4.27.4&Prime; header_font=\u00a0\u00bbAlice||||||||\u00a0\u00bb header_font_size=\u00a0\u00bb60px\u00a0\u00bb header_letter_spacing=\u00a0\u00bb1px\u00a0\u00bb header_line_height=\u00a0\u00bb1.2em\u00a0\u00bb background_enable_color=\u00a0\u00bboff\u00a0\u00bb custom_button=\u00a0\u00bbon\u00a0\u00bb button_bg_color=\u00a0\u00bbrgba(0,0,0,0)\u00a0\u00bb button_use_icon=\u00a0\u00bboff\u00a0\u00bb button_alignment=\u00a0\u00bbcenter\u00a0\u00bb positioning=\u00a0\u00bbrelative\u00a0\u00bb z_index=\u00a0\u00bb9999&Prime; background_layout=\u00a0\u00bblight\u00a0\u00bb module_alignment=\u00a0\u00bbright\u00a0\u00bb custom_margin=\u00a0\u00bb||||false|false\u00a0\u00bb header_font_size_tablet=\u00a0\u00bb\u00a0\u00bb header_font_size_phone=\u00a0\u00bb42px\u00a0\u00bb header_font_size_last_edited=\u00a0\u00bbon|phone\u00a0\u00bb custom_css_main_element=\u00a0\u00bbposition: relative;||transform: translate(12%,-5%);||z-index: 9;\u00a0\u00bb custom_css_promo_button=\u00a0\u00bbpadding: 8px 30px !important;\u00a0\u00bb global_colors_info=\u00a0\u00bb{}\u00a0\u00bb custom_css_main_element_last_edited=\u00a0\u00bbon|phone\u00a0\u00bb custom_css_main_element_tablet=\u00a0\u00bbtransform: translate(0%,0%);\u00a0\u00bb button_bg_color__hover_enabled=\u00a0\u00bbon|hover\u00a0\u00bb button_bg_color__hover=\u00a0\u00bb#ffffff\u00a0\u00bb button_bg_enable_color__hover=\u00a0\u00bbon\u00a0\u00bb button_text_color__hover_enabled=\u00a0\u00bbon|hover\u00a0\u00bb button_text_color__hover=\u00a0\u00bb#000000&Prime; background__hover_enabled=\u00a0\u00bbon|desktop\u00a0\u00bb custom_css_main_element_phone=\u00a0\u00bbtransform: translate(0%,0%);\u00a0\u00bb]<\/p>\n<p style=\"text-align: left;\"><span>Plongez dans l\u2019histoire romantique de la l\u00e9gende de <\/span><strong><em>Forget me not<\/em><\/strong><span>, o\u00f9 les\u00a0<\/span><strong><em>tons violet nacr\u00e9<\/em>\u00a0et\u00a0<em>blanc cr\u00e8me<\/em><\/strong><span>\u00a0s\u2019entrelacent de subtils <strong>\u00e9clats rose poudr\u00e9<\/strong>. Inspir\u00e9 par la l\u00e9gende du chevalier fran\u00e7ais et du myosotis, cet \u00e9cheveau incarne <strong>la tendresse d\u2019un printemps naissant<\/strong>. Chaque \u00e9cheveau, teint \u00e0 la main dans notre atelier, \u00e9voque la <strong>d\u00e9licatesse des p\u00e9tales<\/strong> s\u2019ouvrant sous une ros\u00e9e matinale.<\/span><\/p>\n<p>[\/et_pb_cta][\/et_pb_column][et_pb_column type=\u00a0\u00bb1_2&Prime; _builder_version=\u00a0\u00bb4.16&Prime; z_index=\u00a0\u00bb1&Prime; custom_css_main_element=\u00a0\u00bbtransform: translateY(0px);||transition: all .4s cubic-bezier(0.445, 0.05, 0.55, 0.95);||\u00a0\u00bb global_colors_info=\u00a0\u00bb{}\u00a0\u00bb custom_css_main_element__hover_enabled=\u00a0\u00bbon|hover\u00a0\u00bb custom_css_main_element__hover=\u00a0\u00bbtransform: translateY(-10px);||transition: all .4s cubic-bezier(0.445, 0.05, 0.55, 0.95);\u00a0\u00bb][et_pb_divider show_divider=\u00a0\u00bboff\u00a0\u00bb module_class=\u00a0\u00bbannettepro_medium_border\u00a0\u00bb _builder_version=\u00a0\u00bb4.16&Prime; transform_translate_linked=\u00a0\u00bboff\u00a0\u00bb positioning=\u00a0\u00bbabsolute\u00a0\u00bb position_origin_a=\u00a0\u00bbbottom_right\u00a0\u00bb vertical_offset=\u00a0\u00bb-60px\u00a0\u00bb horizontal_offset=\u00a0\u00bb-60px\u00a0\u00bb vertical_offset_tablet=\u00a0\u00bb-4vw\u00a0\u00bb vertical_offset_phone=\u00a0\u00bb-6vw\u00a0\u00bb vertical_offset_last_edited=\u00a0\u00bboff|desktop\u00a0\u00bb horizontal_offset_tablet=\u00a0\u00bb-20px\u00a0\u00bb horizontal_offset_phone=\u00a0\u00bb-6vw\u00a0\u00bb horizontal_offset_last_edited=\u00a0\u00bbon|tablet\u00a0\u00bb width=\u00a0\u00bb60%\u00a0\u00bb width_tablet=\u00a0\u00bb60%\u00a0\u00bb width_phone=\u00a0\u00bb65%\u00a0\u00bb width_last_edited=\u00a0\u00bbon|phone\u00a0\u00bb height=\u00a0\u00bb60%\u00a0\u00bb custom_margin=\u00a0\u00bb|2%|23%||false|false\u00a0\u00bb custom_margin_tablet=\u00a0\u00bb|-2%|||false|false\u00a0\u00bb custom_margin_phone=\u00a0\u00bb|-1%|41%||false|false\u00a0\u00bb custom_margin_last_edited=\u00a0\u00bbon|phone\u00a0\u00bb scroll_vertical_motion=\u00a0\u00bb0|46|46|100|0.5|0|-0.5&Prime; border_width_all=\u00a0\u00bb16px\u00a0\u00bb border_color_all=\u00a0\u00bb#eef4f1&Prime; border_width_all_tablet=\u00a0\u00bb\u00a0\u00bb border_width_all_phone=\u00a0\u00bb10px\u00a0\u00bb border_width_all_last_edited=\u00a0\u00bbon|phone\u00a0\u00bb global_colors_info=\u00a0\u00bb{}\u00a0\u00bb][\/et_pb_divider][et_pb_image src=\u00a0\u00bbhttps:\/\/www.inesgreen.com\/wp-content\/uploads\/2025\/03\/coloris-mars-2025-forget-me-note-ines-green.webp\u00a0\u00bb title_text=\u00a0\u00bbcoloris mars 2025 forget me note ines green\u00a0\u00bb url=\u00a0\u00bbhttps:\/\/www.inesgreen.com\/produit\/mars-2025-forget-me-not\/\u00a0\u00bb _builder_version=\u00a0\u00bb4.27.4&Prime; global_colors_info=\u00a0\u00bb{}\u00a0\u00bb][\/et_pb_image][\/et_pb_column][\/et_pb_row][et_pb_row _builder_version=\u00a0\u00bb4.27.4&Prime; _module_preset=\u00a0\u00bbdefault\u00a0\u00bb global_colors_info=\u00a0\u00bb{}\u00a0\u00bb][et_pb_column type=\u00a0\u00bb4_4&Prime; _builder_version=\u00a0\u00bb4.27.4&Prime; _module_preset=\u00a0\u00bbdefault\u00a0\u00bb global_colors_info=\u00a0\u00bb{}\u00a0\u00bb][et_pb_divider color=\u00a0\u00bbRGBA(255,255,255,0)\u00a0\u00bb _builder_version=\u00a0\u00bb4.27.4&Prime; _module_preset=\u00a0\u00bbdefault\u00a0\u00bb global_colors_info=\u00a0\u00bb{}\u00a0\u00bb][\/et_pb_divider][et_pb_text _builder_version=\u00a0\u00bb4.27.4&Prime; _module_preset=\u00a0\u00bbdefault\u00a0\u00bb header_2_text_align=\u00a0\u00bbcenter\u00a0\u00bb header_2_font_size=\u00a0\u00bb30px\u00a0\u00bb header_2_letter_spacing=\u00a0\u00bb1px\u00a0\u00bb header_2_line_height=\u00a0\u00bb1.6em\u00a0\u00bb text_orientation=\u00a0\u00bbcenter\u00a0\u00bb custom_margin=\u00a0\u00bb||2%||false|false\u00a0\u00bb hover_enabled=\u00a0\u00bb0&Prime; global_colors_info=\u00a0\u00bb{}\u00a0\u00bb sticky_enabled=\u00a0\u00bb0&Prime;]<\/p>\n<p><strong>NOUVEAUX COLORIS<\/strong><\/p>\n<h2>CAPSULE FORGET ME NOT<\/h2>\n<p>[\/et_pb_text][\/et_pb_column][\/et_pb_row][et_pb_row use_custom_gutter=\u00a0\u00bbon\u00a0\u00bb _builder_version=\u00a0\u00bb4.27.4&Prime; _module_preset=\u00a0\u00bbdefault\u00a0\u00bb width=\u00a0\u00bb100%\u00a0\u00bb max_width=\u00a0\u00bb1196px\u00a0\u00bb max_width_last_edited=\u00a0\u00bboff|desktop\u00a0\u00bb min_height=\u00a0\u00bb248.2px\u00a0\u00bb min_height_tablet=\u00a0\u00bb248.2px\u00a0\u00bb min_height_phone=\u00a0\u00bb248.2px\u00a0\u00bb min_height_last_edited=\u00a0\u00bbon|desktop\u00a0\u00bb custom_margin=\u00a0\u00bb-30px|auto||auto|false|false\u00a0\u00bb custom_margin_tablet=\u00a0\u00bb-30px|auto||auto|false|false\u00a0\u00bb custom_margin_phone=\u00a0\u00bb||||false|false\u00a0\u00bb custom_margin_last_edited=\u00a0\u00bbon|phone\u00a0\u00bb custom_padding=\u00a0\u00bb||0px||false|false\u00a0\u00bb global_colors_info=\u00a0\u00bb{}\u00a0\u00bb locked=\u00a0\u00bboff\u00a0\u00bb][et_pb_column type=\u00a0\u00bb4_4&Prime; _builder_version=\u00a0\u00bb4.27.4&Prime; _module_preset=\u00a0\u00bbdefault\u00a0\u00bb global_colors_info=\u00a0\u00bb{}\u00a0\u00bb][et_pb_image src=\u00a0\u00bbhttps:\/\/www.inesgreen.com\/wp-content\/uploads\/2025\/03\/capsule-mars-2025-ines-green.webp\u00a0\u00bb title_text=\u00a0\u00bbcapsule mars 2025 ines green\u00a0\u00bb url=\u00a0\u00bbhttps:\/\/www.inesgreen.com\/produit\/mars-2025-forget-me-not\/\u00a0\u00bb _builder_version=\u00a0\u00bb4.27.4&Prime; _module_preset=\u00a0\u00bbdefault\u00a0\u00bb global_colors_info=\u00a0\u00bb{}\u00a0\u00bb][\/et_pb_image][\/et_pb_column][\/et_pb_row][et_pb_row _builder_version=\u00a0\u00bb4.27.4&Prime; _module_preset=\u00a0\u00bbdefault\u00a0\u00bb global_colors_info=\u00a0\u00bb{}\u00a0\u00bb][et_pb_column type=\u00a0\u00bb4_4&Prime; _builder_version=\u00a0\u00bb4.27.4&Prime; _module_preset=\u00a0\u00bbdefault\u00a0\u00bb global_colors_info=\u00a0\u00bb{}\u00a0\u00bb][et_pb_text _builder_version=\u00a0\u00bb4.27.4&Prime; _module_preset=\u00a0\u00bbdefault\u00a0\u00bb hover_enabled=\u00a0\u00bb0&Prime; global_colors_info=\u00a0\u00bb{}\u00a0\u00bb sticky_enabled=\u00a0\u00bb0&Prime;]<\/p>\n<p class=\"my-0\" style=\"text-align: center;\">D\u00e9couvrez notre nouvelle capsule de mars, m\u00ealant un <strong>coloris du mois tendre et discret<\/strong> pour des pi\u00e8ces tricot\u00e9es d\u00e9licates aux <strong>teintes chin\u00e9es de parme et cr\u00e8me<\/strong>. Impossible de rester indiff\u00e9rent au coloris <strong>p\u00e9tillant Cheeky Pink<\/strong>, con\u00e7u pour vos jacquards de printemps et cr\u00e9er des pi\u00e8ces enti\u00e8res tr\u00e8s lumineuses et joyeuses : chaque brin de cette <strong><em>laine teinte \u00e0 la main<\/em><\/strong> capte la lumi\u00e8re pour illuminer les motifs g\u00e9om\u00e9triques ou les points complexes.<\/p>\n<p class=\"my-0\" style=\"text-align: center;\">Amusez-vous \u00e0 <strong>associer les coloris<\/strong> ensemble ou s\u00e9par\u00e9ment, cette nouvelle capsule a \u00e9t\u00e9 cr\u00e9\u00e9 pour vos pi\u00e8ces de <strong>printemps et d&rsquo;\u00e9t\u00e9<\/strong>. Les nombreuses combinaisons possibles vous permettront de composer votre dressing de petits pulls l\u00e9gers, de <strong>cardigans en dentelles<\/strong> romantiques ou des pulls en <strong>jacquards<\/strong> p\u00e9tillants.<\/p>\n<p>[\/et_pb_text][\/et_pb_column][\/et_pb_row][et_pb_row column_structure=\u00a0\u00bb1_3,1_3,1_3&Prime; use_custom_gutter=\u00a0\u00bbon\u00a0\u00bb _builder_version=\u00a0\u00bb4.27.4&Prime; _module_preset=\u00a0\u00bbdefault\u00a0\u00bb width=\u00a0\u00bb100%\u00a0\u00bb max_width=\u00a0\u00bb1196px\u00a0\u00bb global_colors_info=\u00a0\u00bb{}\u00a0\u00bb locked=\u00a0\u00bboff\u00a0\u00bb][et_pb_column type=\u00a0\u00bb1_3&Prime; _builder_version=\u00a0\u00bb4.27.4&Prime; _module_preset=\u00a0\u00bbdefault\u00a0\u00bb global_colors_info=\u00a0\u00bb{}\u00a0\u00bb][et_pb_image src=\u00a0\u00bbhttps:\/\/www.inesgreen.com\/wp-content\/uploads\/2023\/09\/printemps-laine-mauve-parme-pastel-ines-green.webp\u00a0\u00bb title_text=\u00a0\u00bbprintemps\u00a0\u00bb url=\u00a0\u00bbhttps:\/\/www.inesgreen.com\/produit\/printemps\/\u00a0\u00bb _builder_version=\u00a0\u00bb4.27.4&Prime; _module_preset=\u00a0\u00bbdefault\u00a0\u00bb global_colors_info=\u00a0\u00bb{}\u00a0\u00bb][\/et_pb_image][et_pb_text _builder_version=\u00a0\u00bb4.27.4&Prime; _module_preset=\u00a0\u00bbdefault\u00a0\u00bb header_2_text_align=\u00a0\u00bbcenter\u00a0\u00bb header_2_font_size=\u00a0\u00bb30px\u00a0\u00bb header_2_letter_spacing=\u00a0\u00bb1px\u00a0\u00bb header_2_line_height=\u00a0\u00bb1.6em\u00a0\u00bb text_orientation=\u00a0\u00bbcenter\u00a0\u00bb custom_margin=\u00a0\u00bb||2%||false|false\u00a0\u00bb link_option_url=\u00a0\u00bbhttps:\/\/www.inesgreen.com\/produit\/bleuet\/\u00a0\u00bb global_colors_info=\u00a0\u00bb{}\u00a0\u00bb]<\/p>\n<h3><strong><a href=\"https:\/\/www.inesgreen.com\/produit\/printemps\/\">Printemps<\/a><\/strong><\/h3>\n<p>[\/et_pb_text][\/et_pb_column][et_pb_column type=\u00a0\u00bb1_3&Prime; _builder_version=\u00a0\u00bb4.27.4&Prime; _module_preset=\u00a0\u00bbdefault\u00a0\u00bb global_colors_info=\u00a0\u00bb{}\u00a0\u00bb][et_pb_image src=\u00a0\u00bbhttps:\/\/www.inesgreen.com\/wp-content\/uploads\/2025\/03\/cheeky-pink-laine-rose-fluo-ines-green.webp\u00a0\u00bb title_text=\u00a0\u00bbcheeky pink laine rose fluo ines green\u00a0\u00bb url=\u00a0\u00bbhttps:\/\/www.inesgreen.com\/produit\/cheeky-pink\/\u00a0\u00bb _builder_version=\u00a0\u00bb4.27.4&Prime; _module_preset=\u00a0\u00bbdefault\u00a0\u00bb global_colors_info=\u00a0\u00bb{}\u00a0\u00bb][\/et_pb_image][et_pb_text _builder_version=\u00a0\u00bb4.27.4&Prime; _module_preset=\u00a0\u00bbdefault\u00a0\u00bb header_2_text_align=\u00a0\u00bbcenter\u00a0\u00bb header_2_font_size=\u00a0\u00bb30px\u00a0\u00bb header_2_letter_spacing=\u00a0\u00bb1px\u00a0\u00bb header_2_line_height=\u00a0\u00bb1.6em\u00a0\u00bb text_orientation=\u00a0\u00bbcenter\u00a0\u00bb custom_margin=\u00a0\u00bb||2%||false|false\u00a0\u00bb link_option_url=\u00a0\u00bbhttps:\/\/www.inesgreen.com\/produit\/cheeky-pink\/\u00a0\u00bb global_colors_info=\u00a0\u00bb{}\u00a0\u00bb]<\/p>\n<h3><strong><a href=\"https:\/\/www.inesgreen.com\/produit\/cheeky-pink\/\">Cheeky Pink<\/a><\/strong><\/h3>\n<p>[\/et_pb_text][\/et_pb_column][et_pb_column type=\u00a0\u00bb1_3&Prime; _builder_version=\u00a0\u00bb4.27.4&Prime; _module_preset=\u00a0\u00bbdefault\u00a0\u00bb global_colors_info=\u00a0\u00bb{}\u00a0\u00bb][et_pb_image src=\u00a0\u00bbhttps:\/\/www.inesgreen.com\/wp-content\/uploads\/2025\/03\/boutique-laine-naturelle-couleur-violet-ines-green-pensees-sauvages.webp\u00a0\u00bb title_text=\u00a0\u00bbboutique laine naturelle couleur violet ines green pensees sauvages\u00a0\u00bb url=\u00a0\u00bbhttps:\/\/www.inesgreen.com\/produit\/pensees-sauvages\/\u00a0\u00bb _builder_version=\u00a0\u00bb4.27.4&Prime; _module_preset=\u00a0\u00bbdefault\u00a0\u00bb global_colors_info=\u00a0\u00bb{}\u00a0\u00bb][\/et_pb_image][et_pb_text _builder_version=\u00a0\u00bb4.27.4&Prime; _module_preset=\u00a0\u00bbdefault\u00a0\u00bb header_2_text_align=\u00a0\u00bbcenter\u00a0\u00bb header_2_font_size=\u00a0\u00bb30px\u00a0\u00bb header_2_letter_spacing=\u00a0\u00bb1px\u00a0\u00bb header_2_line_height=\u00a0\u00bb1.6em\u00a0\u00bb text_orientation=\u00a0\u00bbcenter\u00a0\u00bb custom_margin=\u00a0\u00bb||2%||false|false\u00a0\u00bb link_option_url=\u00a0\u00bbhttps:\/\/www.inesgreen.com\/produit\/bleuet\/\u00a0\u00bb global_colors_info=\u00a0\u00bb{}\u00a0\u00bb]<\/p>\n<h3><strong><a href=\"https:\/\/www.inesgreen.com\/produit\/pensees-sauvages\/\">Pens\u00e9es sauvages<\/a><\/strong><\/h3>\n<p>[\/et_pb_text][\/et_pb_column][\/et_pb_row][et_pb_row _builder_version=\u00a0\u00bb4.27.4&Prime; _module_preset=\u00a0\u00bbdefault\u00a0\u00bb global_colors_info=\u00a0\u00bb{}\u00a0\u00bb][et_pb_column type=\u00a0\u00bb4_4&Prime; _builder_version=\u00a0\u00bb4.27.4&Prime; _module_preset=\u00a0\u00bbdefault\u00a0\u00bb global_colors_info=\u00a0\u00bb{}\u00a0\u00bb][et_pb_text _builder_version=\u00a0\u00bb4.27.4&Prime; _module_preset=\u00a0\u00bbdefault\u00a0\u00bb hover_enabled=\u00a0\u00bb0&Prime; global_colors_info=\u00a0\u00bb{}\u00a0\u00bb sticky_enabled=\u00a0\u00bb0&Prime;]<\/p>\n<p class=\"p1\"><span>\u00c9lectrisez vos cr\u00e9ations avec\u00a0<strong>Cheeky Pink<\/strong>, un rose fluorescent qui pulse comme un courant cr\u00e9atif. Con\u00e7u pour r\u00e9veiller les <strong>jacquards traditionnels<\/strong>, cet \u00e9cheveau apporte une <strong>intensit\u00e9 lumineuse<\/strong> o\u00f9 le\u00a0<em>rose \u00e9lectrique<\/em> apporte bonne humeur assur\u00e9e!<\/span><\/p>\n<p>[\/et_pb_text][\/et_pb_column][\/et_pb_row][et_pb_row _builder_version=\u00a0\u00bb4.27.4&Prime; _module_preset=\u00a0\u00bbdefault\u00a0\u00bb global_colors_info=\u00a0\u00bb{}\u00a0\u00bb][et_pb_column type=\u00a0\u00bb4_4&Prime; _builder_version=\u00a0\u00bb4.27.4&Prime; _module_preset=\u00a0\u00bbdefault\u00a0\u00bb global_colors_info=\u00a0\u00bb{}\u00a0\u00bb][et_pb_divider color=\u00a0\u00bbRGBA(255,255,255,0)\u00a0\u00bb _builder_version=\u00a0\u00bb4.27.4&Prime; _module_preset=\u00a0\u00bbdefault\u00a0\u00bb global_colors_info=\u00a0\u00bb{}\u00a0\u00bb][\/et_pb_divider][et_pb_divider color=\u00a0\u00bbRGBA(255,255,255,0)\u00a0\u00bb _builder_version=\u00a0\u00bb4.27.4&Prime; _module_preset=\u00a0\u00bbdefault\u00a0\u00bb global_colors_info=\u00a0\u00bb{}\u00a0\u00bb][\/et_pb_divider][\/et_pb_column][\/et_pb_row][\/et_pb_section][et_pb_section fb_built=\u00a0\u00bb1&Prime; fullwidth=\u00a0\u00bbon\u00a0\u00bb _builder_version=\u00a0\u00bb4.27.4&Prime; custom_margin=\u00a0\u00bb0px||||false|false\u00a0\u00bb custom_padding=\u00a0\u00bb0px||||false|false\u00a0\u00bb hover_enabled=\u00a0\u00bb0&Prime; global_colors_info=\u00a0\u00bb{}\u00a0\u00bb sticky_enabled=\u00a0\u00bb0&Prime;][et_pb_fullwidth_header title=\u00a0\u00bbCOLLECTION FORGET ME NOT\u00a0\u00bb subhead=\u00a0\u00bbCr\u00e9ez des pi\u00e8ces durables pour un dressing unique\u00a0\u00bb text_orientation=\u00a0\u00bbcenter\u00a0\u00bb background_overlay_color=\u00a0\u00bbrgba(255,255,255,0.39)\u00a0\u00bb _builder_version=\u00a0\u00bb4.27.4&Prime; title_level=\u00a0\u00bbh2&Prime; title_font_size=\u00a0\u00bb32px\u00a0\u00bb title_letter_spacing=\u00a0\u00bb2px\u00a0\u00bb title_line_height=\u00a0\u00bb1.4em\u00a0\u00bb subhead_font=\u00a0\u00bbEB Garamond||||||||\u00a0\u00bb subhead_text_align=\u00a0\u00bbcenter\u00a0\u00bb subhead_font_size=\u00a0\u00bb24px\u00a0\u00bb subhead_line_height=\u00a0\u00bb1.5em\u00a0\u00bb background_color=\u00a0\u00bb#6b89a0&Prime; background_image=\u00a0\u00bbhttps:\/\/www.inesgreen.com\/wp-content\/uploads\/2025\/03\/laine-teinturiere-lilas-speckles-forget-me-note-ines-green-2.webp\u00a0\u00bb parallax=\u00a0\u00bbon\u00a0\u00bb background_layout=\u00a0\u00bblight\u00a0\u00bb custom_padding=\u00a0\u00bb4%||4%||true|false\u00a0\u00bb hover_enabled=\u00a0\u00bb0&Prime; custom_css_button_1=\u00a0\u00bbpadding: 8px 30px !important\u00a0\u00bb custom_css_button_2=\u00a0\u00bbpadding: 8px 30px !important\u00a0\u00bb global_colors_info=\u00a0\u00bb{}\u00a0\u00bb title_text=\u00a0\u00bblaine teinturiere lilas speckles forget me note ines green\u00a0\u00bb sticky_enabled=\u00a0\u00bb0&Prime;]<\/p>\n<p>Cette capsule de chaudes sera vous ravir pour r\u00e9ussir vos projets tricots, pulls douillets, cardigans et accessoires.<\/p>\n<p>[\/et_pb_fullwidth_header][\/et_pb_section]<\/p>\n","protected":false},"excerpt":{"rendered":"<p>COLLECTION FORGET ME NOTMarsPlongez dans l\u2019histoire romantique de la l\u00e9gende de Forget me not, o\u00f9 les\u00a0tons violet nacr\u00e9\u00a0et\u00a0blanc cr\u00e8me\u00a0s\u2019entrelacent de subtils \u00e9clats rose poudr\u00e9. Inspir\u00e9 par la l\u00e9gende du chevalier fran\u00e7ais et du myosotis, cet \u00e9cheveau incarne la tendresse d\u2019un printemps naissant. Chaque \u00e9cheveau, teint \u00e0 la main dans notre atelier, \u00e9voque la d\u00e9licatesse des [&hellip;]<\/p>\n","protected":false},"author":2,"featured_media":0,"parent":0,"menu_order":0,"comment_status":"closed","ping_status":"closed","template":"","meta":{"_seopress_robots_primary_cat":"","_seopress_titles_title":"Collection Forget me not - In\u00e8s Green","_seopress_titles_desc":"","_seopress_robots_index":"","_et_pb_use_builder":"on","_et_pb_old_content":"","_et_gb_content_width":"","ep_exclude_from_search":false,"footnotes":""},"class_list":["post-249408","page","type-page","status-publish","hentry"],"_links":{"self":[{"href":"https:\/\/www.inesgreen.com\/en\/wp-json\/wp\/v2\/pages\/249408","targetHints":{"allow":["GET"]}}],"collection":[{"href":"https:\/\/www.inesgreen.com\/en\/wp-json\/wp\/v2\/pages"}],"about":[{"href":"https:\/\/www.inesgreen.com\/en\/wp-json\/wp\/v2\/types\/page"}],"author":[{"embeddable":true,"href":"https:\/\/www.inesgreen.com\/en\/wp-json\/wp\/v2\/users\/2"}],"replies":[{"embeddable":true,"href":"https:\/\/www.inesgreen.com\/en\/wp-json\/wp\/v2\/comments?post=249408"}],"version-history":[{"count":2,"href":"https:\/\/www.inesgreen.com\/en\/wp-json\/wp\/v2\/pages\/249408\/revisions"}],"predecessor-version":[{"id":249411,"href":"https:\/\/www.inesgreen.com\/en\/wp-json\/wp\/v2\/pages\/249408\/revisions\/249411"}],"wp:attachment":[{"href":"https:\/\/www.inesgreen.com\/en\/wp-json\/wp\/v2\/media?parent=249408"}],"curies":[{"name":"wp","href":"https:\/\/api.w.org\/{rel}","templated":true}]}}