{"id":252616,"date":"2025-11-09T13:51:23","date_gmt":"2025-11-09T12:51:23","guid":{"rendered":"https:\/\/www.inesgreen.com\/?page_id=252616"},"modified":"2025-11-09T16:32:11","modified_gmt":"2025-11-09T15:32:11","slug":"collection-pain-depices","status":"publish","type":"page","link":"https:\/\/www.inesgreen.com\/en\/collection-pain-depices\/","title":{"rendered":"Pain d&rsquo;\u00e9pices Collection"},"content":{"rendered":"<p>[et_pb_section fb_built=\u00a0\u00bb1&Prime; fullwidth=\u00a0\u00bbon\u00a0\u00bb _builder_version=\u00a0\u00bb4.27.4&Prime; background_enable_image=\u00a0\u00bboff\u00a0\u00bb parallax=\u00a0\u00bbon\u00a0\u00bb custom_margin=\u00a0\u00bb10px||||false|false\u00a0\u00bb custom_padding=\u00a0\u00bb0px||||false|false\u00a0\u00bb locked=\u00a0\u00bboff\u00a0\u00bb global_colors_info=\u00a0\u00bb{}\u00a0\u00bb][et_pb_fullwidth_header title=\u00a0\u00bbCollection Pain d&rsquo;\u00e9pices\u00a0\u00bb subhead=\u00a0\u00bbCapsule Novembre 2025&Prime; text_orientation=\u00a0\u00bbcenter\u00a0\u00bb background_overlay_color=\u00a0\u00bbrgba(255,255,255,0)\u00a0\u00bb _builder_version=\u00a0\u00bb4.27.4&Prime; title_level=\u00a0\u00bbh3&Prime; title_font=\u00a0\u00bbDM Serif Text||||||||\u00a0\u00bb title_text_color=\u00a0\u00bb#FFFFFF\u00a0\u00bb title_font_size=\u00a0\u00bb36px\u00a0\u00bb title_line_height=\u00a0\u00bb1.4em\u00a0\u00bb content_font=\u00a0\u00bbRoboto||||||||\u00a0\u00bb content_text_color=\u00a0\u00bb#FFFFFF\u00a0\u00bb content_letter_spacing=\u00a0\u00bb1px\u00a0\u00bb subhead_font=\u00a0\u00bbRoboto||||||||\u00a0\u00bb subhead_text_align=\u00a0\u00bbcenter\u00a0\u00bb subhead_text_color=\u00a0\u00bb#FFFFFF\u00a0\u00bb subhead_font_size=\u00a0\u00bb24px\u00a0\u00bb subhead_line_height=\u00a0\u00bb1.5em\u00a0\u00bb background_color=\u00a0\u00bb#7a3b07&Prime; background_enable_image=\u00a0\u00bboff\u00a0\u00bb parallax=\u00a0\u00bbon\u00a0\u00bb custom_padding=\u00a0\u00bb2%||2%||true|false\u00a0\u00bb custom_css_button_1=\u00a0\u00bbpadding: 8px 30px !important\u00a0\u00bb custom_css_button_2=\u00a0\u00bbpadding: 8px 30px !important\u00a0\u00bb global_colors_info=\u00a0\u00bb{}\u00a0\u00bb]<\/p>\n<p>Cette collection gourmande capture l&rsquo;essence m\u00eame du <b>partage et de la cr\u00e9ation<\/b> durant le temps des f\u00eates pour r\u00e9chauffer les froides journ\u00e9es. Offrez \u00e0 vos aiguilles le plaisir de ces <b>nuances intemporelles<\/b> pour des cr\u00e9ations qui deviendront, \u00e0 leur tour, de pr\u00e9cieux h\u00e9ritages.<\/p>\n<p>[\/et_pb_fullwidth_header][\/et_pb_section][et_pb_section fb_built=\u00a0\u00bb1&Prime; _builder_version=\u00a0\u00bb4.16&Prime; _module_preset=\u00a0\u00bbdefault\u00a0\u00bb custom_padding=\u00a0\u00bb0px||0px||false|false\u00a0\u00bb locked=\u00a0\u00bboff\u00a0\u00bb global_colors_info=\u00a0\u00bb{}\u00a0\u00bb][et_pb_row _builder_version=\u00a0\u00bb4.27.4&Prime; _module_preset=\u00a0\u00bbdefault\u00a0\u00bb custom_margin=\u00a0\u00bb-23px|auto||auto||\u00a0\u00bb global_colors_info=\u00a0\u00bb{}\u00a0\u00bb][et_pb_column type=\u00a0\u00bb4_4&Prime; _builder_version=\u00a0\u00bb4.27.4&Prime; _module_preset=\u00a0\u00bbdefault\u00a0\u00bb global_colors_info=\u00a0\u00bb{}\u00a0\u00bb][et_pb_divider color=\u00a0\u00bbRGBA(255,255,255,0)\u00a0\u00bb _builder_version=\u00a0\u00bb4.27.4&Prime; _module_preset=\u00a0\u00bbdefault\u00a0\u00bb custom_margin=\u00a0\u00bb-15px|||||\u00a0\u00bb custom_padding=\u00a0\u00bb||0px|||\u00a0\u00bb global_colors_info=\u00a0\u00bb{}\u00a0\u00bb][\/et_pb_divider][et_pb_divider color=\u00a0\u00bbRGBA(255,255,255,0)\u00a0\u00bb _builder_version=\u00a0\u00bb4.27.4&Prime; _module_preset=\u00a0\u00bbdefault\u00a0\u00bb custom_margin=\u00a0\u00bb-15px|||||\u00a0\u00bb custom_padding=\u00a0\u00bb||0px|||\u00a0\u00bb global_colors_info=\u00a0\u00bb{}\u00a0\u00bb][\/et_pb_divider][\/et_pb_column][\/et_pb_row][et_pb_row column_structure=\u00a0\u00bb1_2,1_2&Prime; _builder_version=\u00a0\u00bb4.16&Prime; custom_padding=\u00a0\u00bb0px||||false|false\u00a0\u00bb global_colors_info=\u00a0\u00bb{}\u00a0\u00bb][et_pb_column type=\u00a0\u00bb1_2&Prime; _builder_version=\u00a0\u00bb4.16&Prime; global_colors_info=\u00a0\u00bb{}\u00a0\u00bb][et_pb_image src=\u00a0\u00bbhttps:\/\/www.inesgreen.com\/wp-content\/uploads\/2025\/11\/home-left-nov_02.webp\u00a0\u00bb title_text=\u00a0\u00bbhome left nov 02&Prime; url=\u00a0\u00bbhttps:\/\/www.inesgreen.com\/produit\/novembre-2025-pain-depices\/\u00a0\u00bb _builder_version=\u00a0\u00bb4.27.4&Prime; max_height_tablet=\u00a0\u00bb\u00a0\u00bb max_height_phone=\u00a0\u00bb\u00a0\u00bb max_height_last_edited=\u00a0\u00bbon|tablet\u00a0\u00bb global_colors_info=\u00a0\u00bb{}\u00a0\u00bb][\/et_pb_image][\/et_pb_column][et_pb_column type=\u00a0\u00bb1_2&Prime; _builder_version=\u00a0\u00bb4.16&Prime; custom_padding=\u00a0\u00bb5%||||false|false\u00a0\u00bb custom_padding_tablet=\u00a0\u00bb0%||||false|false\u00a0\u00bb custom_padding_phone=\u00a0\u00bb0px||||false|false\u00a0\u00bb custom_padding_last_edited=\u00a0\u00bbon|tablet\u00a0\u00bb global_colors_info=\u00a0\u00bb{}\u00a0\u00bb][et_pb_text _builder_version=\u00a0\u00bb4.27.4&Prime; text_font=\u00a0\u00bbRoboto||||||||\u00a0\u00bb header_2_font=\u00a0\u00bbDM Serif Text||||||||\u00a0\u00bb header_2_font_size=\u00a0\u00bb36px\u00a0\u00bb header_2_line_height=\u00a0\u00bb1.4em\u00a0\u00bb module_alignment=\u00a0\u00bbleft\u00a0\u00bb header_2_font_size_tablet=\u00a0\u00bb40px\u00a0\u00bb header_2_font_size_phone=\u00a0\u00bb26px\u00a0\u00bb header_2_font_size_last_edited=\u00a0\u00bbon|phone\u00a0\u00bb locked=\u00a0\u00bboff\u00a0\u00bb global_colors_info=\u00a0\u00bb{}\u00a0\u00bb]<\/p>\n<h2>Pain d&rsquo;\u00e9pices<\/h2>\n<p style=\"text-align: justify;\"><strong>Un vrai cocon de douceurs pour les f\u00eates !<\/strong><\/p>\n<p class=\"my-0\">Laissez-vous envelopper par la <strong>douceur gourmande<\/strong> de notre coloris Pain d&rsquo;\u00c9pices. C&rsquo;est un \u00e9cheveau de laine riche et \u00e9pic\u00e9, avec des reflets orang\u00e9s et roses gourmands.<\/p>\n<p class=\"my-0\">Il incarne le <strong>cocon douillet<\/strong> des soir\u00e9es chaleureuses, parfum\u00e9 \u00e0 la <strong>cannelle et au clou de girofle<\/strong>. Un v\u00e9ritable plaisir pour les yeux et \u00e0 tricoter.<\/p>\n<p>Ce coloris <a href=\"https:\/\/www.inesgreen.com\/produit\/novembre-2025-pain-depices\/\"><strong>Pain d&rsquo;\u00c9pices<\/strong><\/a>\u00a0\u00e9voque imm\u00e9diatement le <strong>c\u00f4t\u00e9 r\u00e9confortant<\/strong> de cette p\u00e2tisserie hivernale, apportant une <strong>chaleur douce et accueillante<\/strong> \u00e0 tous vos projets de tricot.<\/p>\n<p style=\"text-align: justify;\">[\/et_pb_text][et_pb_image src=\u00a0\u00bbhttps:\/\/www.inesgreen.com\/wp-content\/uploads\/2025\/11\/home_right_oct_25-2.webp\u00a0\u00bb title_text=\u00a0\u00bbhome right oct 25 2&Prime; url=\u00a0\u00bbhttps:\/\/www.inesgreen.com\/produit\/novembre-2025-pain-depices\/\u00a0\u00bb _builder_version=\u00a0\u00bb4.27.4&Prime; width_tablet=\u00a0\u00bb100%\u00a0\u00bb width_phone=\u00a0\u00bb100%\u00a0\u00bb width_last_edited=\u00a0\u00bbon|tablet\u00a0\u00bb max_width_tablet=\u00a0\u00bb400px\u00a0\u00bb max_width_phone=\u00a0\u00bb250px\u00a0\u00bb max_width_last_edited=\u00a0\u00bboff|desktop\u00a0\u00bb custom_margin=\u00a0\u00bb|||40px|false|false\u00a0\u00bb custom_margin_tablet=\u00a0\u00bb|||0px|false|false\u00a0\u00bb custom_margin_phone=\u00a0\u00bb\u00a0\u00bb custom_margin_last_edited=\u00a0\u00bbon|tablet\u00a0\u00bb locked=\u00a0\u00bboff\u00a0\u00bb global_colors_info=\u00a0\u00bb{}\u00a0\u00bb][\/et_pb_image][et_pb_image src=\u00a0\u00bbhttps:\/\/www.inesgreen.com\/wp-content\/uploads\/2025\/11\/home_center_04.webp\u00a0\u00bb title_text=\u00a0\u00bbhome center 04&Prime; url=\u00a0\u00bbhttps:\/\/www.inesgreen.com\/produit\/novembre-2025-pain-depices\/\u00a0\u00bb align_tablet=\u00a0\u00bbleft\u00a0\u00bb align_last_edited=\u00a0\u00bboff|desktop\u00a0\u00bb _builder_version=\u00a0\u00bb4.27.4&Prime; width=\u00a0\u00bb450px\u00a0\u00bb width_tablet=\u00a0\u00bb100%\u00a0\u00bb width_phone=\u00a0\u00bb\u00a0\u00bb width_last_edited=\u00a0\u00bbon|tablet\u00a0\u00bb custom_margin=\u00a0\u00bb-70%|||-52%|false|false\u00a0\u00bb custom_margin_tablet=\u00a0\u00bb0vw|||0%|false|false\u00a0\u00bb custom_margin_phone=\u00a0\u00bb\u00a0\u00bb custom_margin_last_edited=\u00a0\u00bbon|tablet\u00a0\u00bb border_width_all=\u00a0\u00bb20px\u00a0\u00bb border_color_all=\u00a0\u00bb#ffffff\u00a0\u00bb border_width_all_tablet=\u00a0\u00bb0px\u00a0\u00bb border_width_all_phone=\u00a0\u00bb\u00a0\u00bb border_width_all_last_edited=\u00a0\u00bbon|phone\u00a0\u00bb locked=\u00a0\u00bboff\u00a0\u00bb global_colors_info=\u00a0\u00bb{}\u00a0\u00bb][\/et_pb_image][\/et_pb_column][\/et_pb_row][et_pb_row _builder_version=\u00a0\u00bb4.27.4&Prime; _module_preset=\u00a0\u00bbdefault\u00a0\u00bb global_colors_info=\u00a0\u00bb{}\u00a0\u00bb][et_pb_column type=\u00a0\u00bb4_4&Prime; _builder_version=\u00a0\u00bb4.27.4&Prime; _module_preset=\u00a0\u00bbdefault\u00a0\u00bb global_colors_info=\u00a0\u00bb{}\u00a0\u00bb][et_pb_divider color=\u00a0\u00bbRGBA(255,255,255,0)\u00a0\u00bb _builder_version=\u00a0\u00bb4.27.4&Prime; _module_preset=\u00a0\u00bbdefault\u00a0\u00bb global_colors_info=\u00a0\u00bb{}\u00a0\u00bb][\/et_pb_divider][et_pb_divider color=\u00a0\u00bbRGBA(255,255,255,0)\u00a0\u00bb _builder_version=\u00a0\u00bb4.27.4&Prime; _module_preset=\u00a0\u00bbdefault\u00a0\u00bb global_colors_info=\u00a0\u00bb{}\u00a0\u00bb][\/et_pb_divider][et_pb_heading title=\u00a0\u00bbUne collection gourmande et r\u00e9confortante\u00a0\u00bb _builder_version=\u00a0\u00bb4.27.4&Prime; _module_preset=\u00a0\u00bbdefault\u00a0\u00bb title_level=\u00a0\u00bbh3&Prime; title_font=\u00a0\u00bbDM Serif Text||||||||\u00a0\u00bb title_text_align=\u00a0\u00bbcenter\u00a0\u00bb title_font_size=\u00a0\u00bb36px\u00a0\u00bb animation_style=\u00a0\u00bbfade\u00a0\u00bb hover_enabled=\u00a0\u00bb0&Prime; global_colors_info=\u00a0\u00bb{}\u00a0\u00bb sticky_enabled=\u00a0\u00bb0&Prime;][\/et_pb_heading][\/et_pb_column][\/et_pb_row][et_pb_row column_structure=\u00a0\u00bb1_2,1_2&Prime; use_custom_gutter=\u00a0\u00bbon\u00a0\u00bb make_equal=\u00a0\u00bbon\u00a0\u00bb _builder_version=\u00a0\u00bb4.16&Prime; positioning=\u00a0\u00bbnone\u00a0\u00bb z_index=\u00a0\u00bb0&Prime; locked=\u00a0\u00bboff\u00a0\u00bb global_colors_info=\u00a0\u00bb{}\u00a0\u00bb][et_pb_column type=\u00a0\u00bb1_2&Prime; _builder_version=\u00a0\u00bb4.16&Prime; z_index=\u00a0\u00bb9&Prime; custom_css_main_element=\u00a0\u00bbtransform: translateY(0px);||transition: all .4s cubic-bezier(0.445, 0.05, 0.55, 0.95);\u00a0\u00bb global_colors_info=\u00a0\u00bb{}\u00a0\u00bb custom_css_main_element__hover_enabled=\u00a0\u00bbon|hover\u00a0\u00bb custom_css_main_element__hover=\u00a0\u00bbtransform: translateY(-10px);||transition: all .4s cubic-bezier(0.445, 0.05, 0.55, 0.95);\u00a0\u00bb][et_pb_image src=\u00a0\u00bbhttps:\/\/www.inesgreen.com\/wp-content\/uploads\/2025\/11\/christmas-2.webp\u00a0\u00bb title_text=\u00a0\u00bbchristmas 2&Prime; url=\u00a0\u00bbhttps:\/\/www.inesgreen.com\/produit\/novembre-2025-pain-depices\/\u00a0\u00bb admin_label=\u00a0\u00bbImage 1000 x 667 px\u00a0\u00bb _builder_version=\u00a0\u00bb4.27.4&Prime; z_index=\u00a0\u00bb1&Prime; width=\u00a0\u00bb95%\u00a0\u00bb custom_css_main_element=\u00a0\u00bbmax-height: 450px;||overflow:hidden;\u00a0\u00bb global_colors_info=\u00a0\u00bb{}\u00a0\u00bb custom_css_after__hover_enabled=\u00a0\u00bbon|desktop\u00a0\u00bb custom_css_after__hover=\u00a0\u00bb background-color: #eef4f1;\u00a0\u00bb][\/et_pb_image][et_pb_text _builder_version=\u00a0\u00bb4.27.4&Prime; text_font=\u00a0\u00bbRoboto||||||||\u00a0\u00bb header_2_font=\u00a0\u00bbDM Serif Text||||||||\u00a0\u00bb header_2_font_size=\u00a0\u00bb36px\u00a0\u00bb header_2_line_height=\u00a0\u00bb1.4em\u00a0\u00bb width=\u00a0\u00bb95.1%\u00a0\u00bb module_alignment=\u00a0\u00bbleft\u00a0\u00bb min_height=\u00a0\u00bb264.8px\u00a0\u00bb custom_padding=\u00a0\u00bb22px|||||\u00a0\u00bb header_2_font_size_tablet=\u00a0\u00bb40px\u00a0\u00bb header_2_font_size_phone=\u00a0\u00bb26px\u00a0\u00bb header_2_font_size_last_edited=\u00a0\u00bbon|phone\u00a0\u00bb locked=\u00a0\u00bboff\u00a0\u00bb global_colors_info=\u00a0\u00bb{}\u00a0\u00bb]<\/p>\n<h2>Un No\u00ebl r\u00e9confortant<\/h2>\n<p>Plongez dans l&rsquo;<strong>atmosph\u00e8re r\u00e9confortante<\/strong> des F\u00eates avec la collection \u00ab Pain d&rsquo;\u00e9pices \u00bb, une invitation sensorielle \u00e0 la gourmandise.<\/p>\n<p>Cette collection capsule c\u00e9l\u00e8bre les <strong>traditions de No\u00ebl<\/strong> et la chaleur des tabl\u00e9es familiales, capturant la palette irr\u00e9sistible des plus beaux biscuits de fin d&rsquo;ann\u00e9e.<\/p>\n<p>Ensemble, ces coloris cr\u00e9ent un <strong>duo parfait et \u00e9quilibr\u00e9<\/strong>. Le coloris <a href=\"https:\/\/www.inesgreen.com\/produit\/novembre-2025-pain-depices\/\"><strong>Pain d&rsquo;\u00e9pices<\/strong><\/a> apporte l&rsquo;ancrage et l&rsquo;intensit\u00e9, tandis que le coloris <a href=\"https:\/\/www.inesgreen.com\/produit\/biscuits-de-noel\/\"><strong>Biscuits de No\u00eb<\/strong><b>l<\/b><\/a> offre la douceur et l&rsquo;\u00e9clat. Ils sont id\u00e9aux pour tricoter des accessoires douillets (\u00e9charpes, bonnets), des <strong>pulls intemporels<\/strong> ou des d\u00e9corations de No\u00ebl qui traverseront les ann\u00e9es.<\/p>\n<p>Laissez-vous tenter par ce voyage gustatif et cr\u00e9ez des pi\u00e8ces qui portent en elles tout le charme et la <strong>magie de la saison<\/strong>.<\/p>\n<p>[\/et_pb_text][\/et_pb_column][et_pb_column type=\u00a0\u00bb1_2&Prime; _builder_version=\u00a0\u00bb4.16&Prime; z_index=\u00a0\u00bb1&Prime; custom_css_main_element=\u00a0\u00bbtransform: translateY(0px);||transition: all .4s cubic-bezier(0.445, 0.05, 0.55, 0.95);||\u00a0\u00bb global_colors_info=\u00a0\u00bb{}\u00a0\u00bb custom_css_main_element__hover_enabled=\u00a0\u00bbon|hover\u00a0\u00bb custom_css_main_element__hover=\u00a0\u00bbtransform: translateY(-10px);||transition: all .4s cubic-bezier(0.445, 0.05, 0.55, 0.95);\u00a0\u00bb][et_pb_image src=\u00a0\u00bbhttps:\/\/www.inesgreen.com\/wp-content\/uploads\/2025\/11\/laines-pain-depices-biscuits-noel-ines-green.webp\u00a0\u00bb title_text=\u00a0\u00bbbiscuits de no\u00ebl\u00a0\u00bb url=\u00a0\u00bbhttps:\/\/www.inesgreen.com\/produit\/biscuits-de-noel\/\u00a0\u00bb _builder_version=\u00a0\u00bb4.27.4&Prime; _module_preset=\u00a0\u00bbdefault\u00a0\u00bb global_colors_info=\u00a0\u00bb{}\u00a0\u00bb][\/et_pb_image][et_pb_text _builder_version=\u00a0\u00bb4.27.4&Prime; _module_preset=\u00a0\u00bbdefault\u00a0\u00bb header_2_font=\u00a0\u00bbDM Serif Text||||||||\u00a0\u00bb header_2_text_align=\u00a0\u00bbcenter\u00a0\u00bb header_2_font_size=\u00a0\u00bb30px\u00a0\u00bb header_2_letter_spacing=\u00a0\u00bb1px\u00a0\u00bb header_2_line_height=\u00a0\u00bb1.6em\u00a0\u00bb header_3_font=\u00a0\u00bbDM Serif Text||||||||\u00a0\u00bb header_3_font_size=\u00a0\u00bb25px\u00a0\u00bb text_orientation=\u00a0\u00bbcenter\u00a0\u00bb custom_margin=\u00a0\u00bb||2%||false|false\u00a0\u00bb link_option_url=\u00a0\u00bbhttps:\/\/www.inesgreen.com\/produit\/romance\/\u00a0\u00bb global_colors_info=\u00a0\u00bb{}\u00a0\u00bb]<\/p>\n<h3><a href=\"https:\/\/www.inesgreen.com\/produit\/biscuits-de-noel\/\">Biscuits de No\u00ebl &amp; Pain d&rsquo;\u00e9pices<\/a><\/h3>\n<p>[\/et_pb_text][\/et_pb_column][\/et_pb_row][et_pb_row column_structure=\u00a0\u00bb1_3,1_3,1_3&Prime; use_custom_gutter=\u00a0\u00bbon\u00a0\u00bb _builder_version=\u00a0\u00bb4.27.4&Prime; _module_preset=\u00a0\u00bbdefault\u00a0\u00bb width=\u00a0\u00bb100%\u00a0\u00bb max_width=\u00a0\u00bb1407px\u00a0\u00bb custom_padding=\u00a0\u00bb|20px||20px|false|false\u00a0\u00bb locked=\u00a0\u00bboff\u00a0\u00bb global_colors_info=\u00a0\u00bb{}\u00a0\u00bb][et_pb_column type=\u00a0\u00bb1_3&Prime; _builder_version=\u00a0\u00bb4.27.4&Prime; _module_preset=\u00a0\u00bbdefault\u00a0\u00bb global_colors_info=\u00a0\u00bb{}\u00a0\u00bb][et_pb_image src=\u00a0\u00bbhttps:\/\/www.inesgreen.com\/wp-content\/uploads\/2024\/03\/laine-merinos-mohair-soie-rouge-gorge-ines-green.webp\u00a0\u00bb title_text=\u00a0\u00bbrouge gorge\u00a0\u00bb url=\u00a0\u00bbhttps:\/\/www.inesgreen.com\/produit\/rouge-gorge\/\u00a0\u00bb _builder_version=\u00a0\u00bb4.27.4&Prime; _module_preset=\u00a0\u00bbdefault\u00a0\u00bb filter_brightness=\u00a0\u00bb116%\u00a0\u00bb global_colors_info=\u00a0\u00bb{}\u00a0\u00bb][\/et_pb_image][et_pb_text _builder_version=\u00a0\u00bb4.27.4&Prime; _module_preset=\u00a0\u00bbdefault\u00a0\u00bb header_2_font=\u00a0\u00bbDM Serif Text||||||||\u00a0\u00bb header_2_text_align=\u00a0\u00bbcenter\u00a0\u00bb header_2_font_size=\u00a0\u00bb30px\u00a0\u00bb header_2_letter_spacing=\u00a0\u00bb1px\u00a0\u00bb header_2_line_height=\u00a0\u00bb1.6em\u00a0\u00bb header_3_font=\u00a0\u00bbDM Serif Text||||||||\u00a0\u00bb header_3_font_size=\u00a0\u00bb25px\u00a0\u00bb text_orientation=\u00a0\u00bbcenter\u00a0\u00bb custom_margin=\u00a0\u00bb||2%||false|false\u00a0\u00bb link_option_url=\u00a0\u00bbhttps:\/\/www.inesgreen.com\/produit\/romance\/\u00a0\u00bb global_colors_info=\u00a0\u00bb{}\u00a0\u00bb]<\/p>\n<h3><a href=\"https:\/\/www.inesgreen.com\/produit\/rouge-gorge\/\">Rouge gorge<\/a><\/h3>\n<p>[\/et_pb_text][\/et_pb_column][et_pb_column type=\u00a0\u00bb1_3&Prime; _builder_version=\u00a0\u00bb4.27.4&Prime; _module_preset=\u00a0\u00bbdefault\u00a0\u00bb global_colors_info=\u00a0\u00bb{}\u00a0\u00bb][et_pb_image src=\u00a0\u00bbhttps:\/\/www.inesgreen.com\/wp-content\/uploads\/2025\/11\/laine-naturelle-speckles-noel-ines-green-1.webp\u00a0\u00bb title_text=\u00a0\u00bbbiscuits de no\u00ebl\u00a0\u00bb url=\u00a0\u00bbhttps:\/\/www.inesgreen.com\/produit\/biscuits-de-noel\/\u00a0\u00bb _builder_version=\u00a0\u00bb4.27.4&Prime; _module_preset=\u00a0\u00bbdefault\u00a0\u00bb global_colors_info=\u00a0\u00bb{}\u00a0\u00bb][\/et_pb_image][et_pb_text _builder_version=\u00a0\u00bb4.27.4&Prime; _module_preset=\u00a0\u00bbdefault\u00a0\u00bb header_2_font=\u00a0\u00bbDM Serif Text||||||||\u00a0\u00bb header_2_text_align=\u00a0\u00bbcenter\u00a0\u00bb header_2_font_size=\u00a0\u00bb30px\u00a0\u00bb header_2_letter_spacing=\u00a0\u00bb1px\u00a0\u00bb header_2_line_height=\u00a0\u00bb1.6em\u00a0\u00bb header_3_font=\u00a0\u00bbDM Serif Text||||||||\u00a0\u00bb header_3_font_size=\u00a0\u00bb25px\u00a0\u00bb text_orientation=\u00a0\u00bbcenter\u00a0\u00bb custom_margin=\u00a0\u00bb||2%||false|false\u00a0\u00bb link_option_url=\u00a0\u00bbhttps:\/\/www.inesgreen.com\/produit\/romance\/\u00a0\u00bb global_colors_info=\u00a0\u00bb{}\u00a0\u00bb]<\/p>\n<h3><a href=\"https:\/\/www.inesgreen.com\/produit\/biscuits-de-noel\/\">Biscuits de No\u00ebl<\/a><\/h3>\n<p>[\/et_pb_text][\/et_pb_column][et_pb_column type=\u00a0\u00bb1_3&Prime; _builder_version=\u00a0\u00bb4.27.4&Prime; _module_preset=\u00a0\u00bbdefault\u00a0\u00bb global_colors_info=\u00a0\u00bb{}\u00a0\u00bb][et_pb_image src=\u00a0\u00bbhttps:\/\/www.inesgreen.com\/wp-content\/uploads\/2025\/09\/canyon-laine-camel-lumineux-orange-automne-ines-green.webp\u00a0\u00bb title_text=\u00a0\u00bbcanyon\u00a0\u00bb url=\u00a0\u00bbhttps:\/\/www.inesgreen.com\/produit\/canyon\/\u00a0\u00bb _builder_version=\u00a0\u00bb4.27.4&Prime; _module_preset=\u00a0\u00bbdefault\u00a0\u00bb global_colors_info=\u00a0\u00bb{}\u00a0\u00bb][\/et_pb_image][et_pb_text _builder_version=\u00a0\u00bb4.27.4&Prime; _module_preset=\u00a0\u00bbdefault\u00a0\u00bb header_2_font=\u00a0\u00bbDM Serif Text||||||||\u00a0\u00bb header_2_text_align=\u00a0\u00bbcenter\u00a0\u00bb header_2_font_size=\u00a0\u00bb30px\u00a0\u00bb header_2_letter_spacing=\u00a0\u00bb1px\u00a0\u00bb header_2_line_height=\u00a0\u00bb1.6em\u00a0\u00bb header_3_font=\u00a0\u00bbDM Serif Text||||||||\u00a0\u00bb header_3_font_size=\u00a0\u00bb25px\u00a0\u00bb text_orientation=\u00a0\u00bbcenter\u00a0\u00bb custom_margin=\u00a0\u00bb||2%||false|false\u00a0\u00bb link_option_url=\u00a0\u00bbhttps:\/\/www.inesgreen.com\/produit\/romance\/\u00a0\u00bb global_colors_info=\u00a0\u00bb{}\u00a0\u00bb]<\/p>\n<h3><a href=\"https:\/\/www.inesgreen.com\/produit\/canyon\/\">Canyon<\/a><\/h3>\n<p>[\/et_pb_text][\/et_pb_column][\/et_pb_row][et_pb_row _builder_version=\u00a0\u00bb4.27.4&Prime; _module_preset=\u00a0\u00bbdefault\u00a0\u00bb global_colors_info=\u00a0\u00bb{}\u00a0\u00bb][et_pb_column type=\u00a0\u00bb4_4&Prime; _builder_version=\u00a0\u00bb4.27.4&Prime; _module_preset=\u00a0\u00bbdefault\u00a0\u00bb global_colors_info=\u00a0\u00bb{}\u00a0\u00bb][et_pb_divider color=\u00a0\u00bbRGBA(255,255,255,0)\u00a0\u00bb _builder_version=\u00a0\u00bb4.27.4&Prime; _module_preset=\u00a0\u00bbdefault\u00a0\u00bb global_colors_info=\u00a0\u00bb{}\u00a0\u00bb][\/et_pb_divider][\/et_pb_column][\/et_pb_row][\/et_pb_section][et_pb_section fb_built=\u00a0\u00bb1&Prime; fullwidth=\u00a0\u00bbon\u00a0\u00bb _builder_version=\u00a0\u00bb4.22.2&Prime; custom_margin=\u00a0\u00bb0px||||false|false\u00a0\u00bb custom_padding=\u00a0\u00bb0px||||false|false\u00a0\u00bb locked=\u00a0\u00bboff\u00a0\u00bb global_colors_info=\u00a0\u00bb{}\u00a0\u00bb][et_pb_fullwidth_header title=\u00a0\u00bbCollection de laines Novembre 2025&Prime; subhead=\u00a0\u00bbLe confort \u00e0 l&rsquo;\u00e9tat pur.\u00a0\u00bb text_orientation=\u00a0\u00bbcenter\u00a0\u00bb background_overlay_color=\u00a0\u00bbrgba(255,255,255,0.39)\u00a0\u00bb _builder_version=\u00a0\u00bb4.27.4&Prime; title_level=\u00a0\u00bbh2&Prime; title_font=\u00a0\u00bbDM Serif Text||||||||\u00a0\u00bb title_font_size=\u00a0\u00bb36px\u00a0\u00bb title_line_height=\u00a0\u00bb1.4em\u00a0\u00bb content_font=\u00a0\u00bbRoboto||||||||\u00a0\u00bb content_letter_spacing=\u00a0\u00bb1px\u00a0\u00bb subhead_font=\u00a0\u00bbRoboto||||||||\u00a0\u00bb subhead_text_align=\u00a0\u00bbcenter\u00a0\u00bb subhead_font_size=\u00a0\u00bb24px\u00a0\u00bb subhead_line_height=\u00a0\u00bb1.5em\u00a0\u00bb background_enable_color=\u00a0\u00bboff\u00a0\u00bb background_image=\u00a0\u00bbhttps:\/\/www.inesgreen.com\/wp-content\/uploads\/2025\/08\/fond-creme-ines-green.webp\u00a0\u00bb parallax=\u00a0\u00bbon\u00a0\u00bb background_layout=\u00a0\u00bblight\u00a0\u00bb custom_padding=\u00a0\u00bb4%||4%||true|false\u00a0\u00bb custom_css_button_1=\u00a0\u00bbpadding: 8px 30px !important\u00a0\u00bb custom_css_button_2=\u00a0\u00bbpadding: 8px 30px !important\u00a0\u00bb global_colors_info=\u00a0\u00bb{}\u00a0\u00bb]<\/p>\n<p>Accordez-vous un moment de douceur avec la collection de laines \u00ab Pain d&rsquo;\u00e9pices \u00bb, une ode au calme et au bien-\u00eatre cr\u00e9atif. Imaginez-vous, install\u00e9(e) confortablement, votre projet en cours et les ar\u00f4mes des \u00e9pices qui flottent dans l&rsquo;air&#8230; C&rsquo;est cette <b>ambiance chaleureuse et r\u00e9confortante<\/b> que nous avons voulu capturer dans nos \u00e9cheveaux.<\/p>\n<p>[\/et_pb_fullwidth_header][\/et_pb_section]<\/p>\n","protected":false},"excerpt":{"rendered":"<p>Cette collection gourmande capture l&rsquo;essence m\u00eame du partage et de la cr\u00e9ation durant le temps des f\u00eates pour r\u00e9chauffer les froides journ\u00e9es. Offrez \u00e0 vos aiguilles le plaisir de ces nuances intemporelles pour des cr\u00e9ations qui deviendront, \u00e0 leur tour, de pr\u00e9cieux h\u00e9ritages.Pain d&rsquo;\u00e9pices Un vrai cocon de douceurs pour les f\u00eates ! Laissez-vous envelopper [&hellip;]<\/p>\n","protected":false},"author":2,"featured_media":0,"parent":0,"menu_order":0,"comment_status":"closed","ping_status":"closed","template":"","meta":{"_seopress_robots_primary_cat":"","_seopress_titles_title":"Collection Pain d'\u00e9pices - In\u00e8s Green","_seopress_titles_desc":"","_seopress_robots_index":"","_et_pb_use_builder":"on","_et_pb_old_content":"","_et_gb_content_width":"","ep_exclude_from_search":false,"footnotes":""},"class_list":["post-252616","page","type-page","status-publish","hentry"],"_links":{"self":[{"href":"https:\/\/www.inesgreen.com\/en\/wp-json\/wp\/v2\/pages\/252616","targetHints":{"allow":["GET"]}}],"collection":[{"href":"https:\/\/www.inesgreen.com\/en\/wp-json\/wp\/v2\/pages"}],"about":[{"href":"https:\/\/www.inesgreen.com\/en\/wp-json\/wp\/v2\/types\/page"}],"author":[{"embeddable":true,"href":"https:\/\/www.inesgreen.com\/en\/wp-json\/wp\/v2\/users\/2"}],"replies":[{"embeddable":true,"href":"https:\/\/www.inesgreen.com\/en\/wp-json\/wp\/v2\/comments?post=252616"}],"version-history":[{"count":10,"href":"https:\/\/www.inesgreen.com\/en\/wp-json\/wp\/v2\/pages\/252616\/revisions"}],"predecessor-version":[{"id":252673,"href":"https:\/\/www.inesgreen.com\/en\/wp-json\/wp\/v2\/pages\/252616\/revisions\/252673"}],"wp:attachment":[{"href":"https:\/\/www.inesgreen.com\/en\/wp-json\/wp\/v2\/media?parent=252616"}],"curies":[{"name":"wp","href":"https:\/\/api.w.org\/{rel}","templated":true}]}}