{"id":4,"date":"2020-04-26T17:16:14","date_gmt":"2020-04-26T17:16:14","guid":{"rendered":"http:\/\/demosdivi.lovelyconfetti.com\/annettepro\/shop\/"},"modified":"2023-09-08T15:48:38","modified_gmt":"2023-09-08T13:48:38","slug":"boutique","status":"publish","type":"page","link":"https:\/\/www.inesgreen.com\/en\/boutique\/","title":{"rendered":"Shop"},"content":{"rendered":"\n[et_pb_section fb_built=\u00a0\u00bb1&Prime; _builder_version=\u00a0\u00bb4.16&Prime; global_colors_info=\u00a0\u00bb{}\u00a0\u00bb][et_pb_row _builder_version=\u00a0\u00bb4.16&Prime; global_colors_info=\u00a0\u00bb{}\u00a0\u00bb][et_pb_column type=\u00a0\u00bb4_4&Prime; _builder_version=\u00a0\u00bb4.16&Prime; global_colors_info=\u00a0\u00bb{}\u00a0\u00bb][et_pb_shop posts_number=\u00a0\u00bb15&Prime; columns_number=\u00a0\u00bb3&Prime; _builder_version=\u00a0\u00bb4.22.1&Prime; title_font=\u00a0\u00bb||||||||\u00a0\u00bb title_text_align=\u00a0\u00bbcenter\u00a0\u00bb title_text_color=\u00a0\u00bb#333333&Prime; title_font_size=\u00a0\u00bb22px\u00a0\u00bb price_text_align=\u00a0\u00bbcenter\u00a0\u00bb hover_enabled=\u00a0\u00bb0&Prime; global_colors_info=\u00a0\u00bb{}\u00a0\u00bb sticky_enabled=\u00a0\u00bb0&Prime; show_pagination=\u00a0\u00bbon\u00a0\u00bb][\/et_pb_shop][\/et_pb_column][\/et_pb_row][\/et_pb_section]\n","protected":false},"excerpt":{"rendered":"<p>Online store of hand-dyed yarns.<\/p>","protected":false},"author":2,"featured_media":0,"parent":0,"menu_order":0,"comment_status":"closed","ping_status":"closed","template":"","meta":{"_seopress_robots_primary_cat":"","_seopress_titles_title":"Boutique In\u00e8s Green - Laines Artisanales Teintes \u00e0 la Main \u00e0 Lille","_seopress_titles_desc":"Explorez notre boutique en ligne et d\u00e9couvrez des laines artisanales teintes \u00e0 la main \u00e0 Lille. Des fils de m\u00e9rinos, mohair et autres laines de haute qualit\u00e9 pour vos projets cr\u00e9atifs.","_seopress_robots_index":"","_et_pb_use_builder":"on","_et_pb_old_content":"","_et_gb_content_width":"","ep_exclude_from_search":false,"footnotes":""},"class_list":["post-4","page","type-page","status-publish","hentry"],"_links":{"self":[{"href":"https:\/\/www.inesgreen.com\/en\/wp-json\/wp\/v2\/pages\/4","targetHints":{"allow":["GET"]}}],"collection":[{"href":"https:\/\/www.inesgreen.com\/en\/wp-json\/wp\/v2\/pages"}],"about":[{"href":"https:\/\/www.inesgreen.com\/en\/wp-json\/wp\/v2\/types\/page"}],"author":[{"embeddable":true,"href":"https:\/\/www.inesgreen.com\/en\/wp-json\/wp\/v2\/users\/2"}],"replies":[{"embeddable":true,"href":"https:\/\/www.inesgreen.com\/en\/wp-json\/wp\/v2\/comments?post=4"}],"version-history":[{"count":6,"href":"https:\/\/www.inesgreen.com\/en\/wp-json\/wp\/v2\/pages\/4\/revisions"}],"predecessor-version":[{"id":241583,"href":"https:\/\/www.inesgreen.com\/en\/wp-json\/wp\/v2\/pages\/4\/revisions\/241583"}],"wp:attachment":[{"href":"https:\/\/www.inesgreen.com\/en\/wp-json\/wp\/v2\/media?parent=4"}],"curies":[{"name":"wp","href":"https:\/\/api.w.org\/{rel}","templated":true}]}}