{"id":241079,"date":"2023-08-30T14:53:28","date_gmt":"2023-08-30T12:53:28","guid":{"rendered":"https:\/\/www.inesgreen.com\/?post_type=product&#038;p=241079"},"modified":"2025-08-20T07:35:10","modified_gmt":"2025-08-20T05:35:10","slug":"au-coin-du-feu","status":"publish","type":"product","link":"https:\/\/www.inesgreen.com\/en\/product\/au-coin-du-feu\/","title":{"rendered":"Au coin du feu"},"content":{"rendered":"<p><span style=\"font-weight: 400;\">This beautiful beige-brown hue isn\u2019t just a color\u2014it\u2019s an experience, a moment of sweetness that wraps around you like a warm blanket on cool evenings. The brown and orange speckles add a touch of liveliness and exuberance, creating a beautiful visual complexity that makes every knitted project unique.<\/span><\/p>\n<p><span style=\"font-weight: 400;\">The Au coin du feu color embodies the essence of understated elegance with its delicate beige-brown hue, speckled with brown and orange. This soft, inviting shade evokes the warmth and comfort of a cozy fireplace, bringing a sense of calm and serenity.<\/span><\/p>\n<p>For more information on the bases and yarns offered by In\u00e8s Green, visit the bases section.<\/p>\n<p>The photographs are taken in natural daylight to achieve the closest possible color representation to reality. The image and colors may vary depending on your monitor settings and from one screen to another.<\/p>\n<p>Hand-dyed wool is a craft technique. Each skein is hand-dyed, making it unique. Skeins from the same dye bath may have color variations. It is recommended to alternate skeins for a harmonious result.<\/p>\n<p>Hand washing recommended and lay flat to dry.<\/p>","protected":false},"excerpt":{"rendered":"<p><span style=\"font-weight: 400;\"><strong>Au coin du feu<\/strong>, evokes a <strong>moment of relaxation<\/strong>, comfortably settled in his <strong>favorite armchair<\/strong>, with a <strong>Tea cup<\/strong> smoking or a good one <strong>hot chocolate<\/strong>.<br \/>\nEnjoy this moment of <strong>fullness<\/strong>\u00a0<strong>by the fireside<\/strong>, enjoy the <strong>softness of the knit<\/strong> on your needles.<\/span><\/p>\n<p><em>Hand-dyed yarn with passion.<\/em><\/p>\n<p>Color available exclusively on the fingering sock base. This color is not recommended for sweater quantities.<\/p>","protected":false},"featured_media":243802,"comment_status":"open","ping_status":"closed","template":"","meta":{"_seopress_robots_primary_cat":"none","_seopress_titles_title":"Au coin du feu - Laine Beige avec Speckles Marron et Orange","_seopress_titles_desc":"Explorez Au coin du feu, laine teinte \u00e0 la main, beige avec speckles marron\/orange. Id\u00e9ale pour des cr\u00e9ations \u00e9voquant une soir\u00e9e douillette et chaleureuse","_seopress_robots_index":"","_et_pb_use_builder":"off","_et_pb_old_content":"Albertine est un coloris orange vibrant et lumineux. Ce bel orang\u00e9 sera parfait pour apporter une couleur pop \u00e0 vos projets tricots, tel qu'un contrastant \u00e0 chaussettes.\r\n\r\nAlbertine tient son nom de la p\u00e9tillante Albertine, petite rousse de onze ans, h\u00e9ro\u00efne du livre La Maison sous la maison d'Emilie Chazerand.","_et_gb_content_width":"","ep_exclude_from_search":false},"product_brand":[],"product_cat":[63],"product_tag":[],"class_list":{"0":"post-241079","1":"product","2":"type-product","3":"status-publish","4":"has-post-thumbnail","6":"product_cat-nuancier","8":"first","9":"instock","10":"shipping-taxable","11":"purchasable","12":"product-type-woosb"},"_links":{"self":[{"href":"https:\/\/www.inesgreen.com\/en\/wp-json\/wp\/v2\/product\/241079","targetHints":{"allow":["GET"]}}],"collection":[{"href":"https:\/\/www.inesgreen.com\/en\/wp-json\/wp\/v2\/product"}],"about":[{"href":"https:\/\/www.inesgreen.com\/en\/wp-json\/wp\/v2\/types\/product"}],"replies":[{"embeddable":true,"href":"https:\/\/www.inesgreen.com\/en\/wp-json\/wp\/v2\/comments?post=241079"}],"wp:featuredmedia":[{"embeddable":true,"href":"https:\/\/www.inesgreen.com\/en\/wp-json\/wp\/v2\/media\/243802"}],"wp:attachment":[{"href":"https:\/\/www.inesgreen.com\/en\/wp-json\/wp\/v2\/media?parent=241079"}],"wp:term":[{"taxonomy":"product_brand","embeddable":true,"href":"https:\/\/www.inesgreen.com\/en\/wp-json\/wp\/v2\/product_brand?post=241079"},{"taxonomy":"product_cat","embeddable":true,"href":"https:\/\/www.inesgreen.com\/en\/wp-json\/wp\/v2\/product_cat?post=241079"},{"taxonomy":"product_tag","embeddable":true,"href":"https:\/\/www.inesgreen.com\/en\/wp-json\/wp\/v2\/product_tag?post=241079"}],"curies":[{"name":"wp","href":"https:\/\/api.w.org\/{rel}","templated":true}]}}