{"id":241261,"date":"2023-09-04T15:25:04","date_gmt":"2023-09-04T13:25:04","guid":{"rendered":"https:\/\/www.inesgreen.com\/?post_type=product&#038;p=241261"},"modified":"2025-12-08T11:22:23","modified_gmt":"2025-12-08T10:22:23","slug":"ciel-etoile","status":"publish","type":"product","link":"https:\/\/www.inesgreen.com\/en\/product\/ciel-etoile\/","title":{"rendered":"Ciel \u00e9toil\u00e9"},"content":{"rendered":"<p>For more information on the bases and yarns offered by In\u00e8s Green, visit the bases section.<\/p>\n<p>The photographs are taken in natural daylight to achieve the closest possible color representation to reality. The image and colors may vary depending on your monitor settings and from one screen to another.<\/p>\n<p>Hand-dyed wool is a craft technique. Each skein is hand-dyed, making it unique. Skeins from the same dye bath may have color variations. It is recommended to alternate skeins for a harmonious result.<\/p>\n<p>Hand washing recommended and lay flat to dry.<\/p>","protected":false},"excerpt":{"rendered":"<p>Ciel\u00e9 toil\u00e9 is an intense solid and luminous navy blue shade. Featured here on High Twist Sock.<\/p>\n<p><em>Hand-dyed yarn with passion.<\/em><\/p>\n<p>If you would like your skeins to be wound, please do not hesitate to let us know when finalizing your order.<\/p>\n<p>Available in several colors, please select your choice of wool quality from the dropdown menu.<\/p>","protected":false},"featured_media":244147,"comment_status":"open","ping_status":"closed","template":"","meta":{"_seopress_robots_primary_cat":"none","_seopress_titles_title":"Ciel \u00e9toil\u00e9 - \u00c9cheveau bleu - Laine artisanale | In\u00e8s Green","_seopress_titles_desc":"Laissez-vous emporter par la magie de Ciel \u00e9toil\u00e9. Une laine \u00e9voquant une nuit parsem\u00e9e d'\u00e9toiles. Id\u00e9ale pour des cr\u00e9ations mystiques et profondes.","_seopress_robots_index":"","_et_pb_use_builder":"off","_et_pb_old_content":"Albertine est un coloris orange vibrant et lumineux. Ce bel orang\u00e9 sera parfait pour apporter une couleur pop \u00e0 vos projets tricots, tel qu'un contrastant \u00e0 chaussettes.\r\n\r\nAlbertine tient son nom de la p\u00e9tillante Albertine, petite rousse de onze ans, h\u00e9ro\u00efne du livre La Maison sous la maison d'Emilie Chazerand.","_et_gb_content_width":"","ep_exclude_from_search":false},"product_brand":[],"product_cat":[63],"product_tag":[],"class_list":{"0":"post-241261","1":"product","2":"type-product","3":"status-publish","4":"has-post-thumbnail","6":"product_cat-nuancier","8":"first","9":"instock","10":"shipping-taxable","11":"purchasable","12":"product-type-woosb"},"_links":{"self":[{"href":"https:\/\/www.inesgreen.com\/en\/wp-json\/wp\/v2\/product\/241261","targetHints":{"allow":["GET"]}}],"collection":[{"href":"https:\/\/www.inesgreen.com\/en\/wp-json\/wp\/v2\/product"}],"about":[{"href":"https:\/\/www.inesgreen.com\/en\/wp-json\/wp\/v2\/types\/product"}],"replies":[{"embeddable":true,"href":"https:\/\/www.inesgreen.com\/en\/wp-json\/wp\/v2\/comments?post=241261"}],"wp:featuredmedia":[{"embeddable":true,"href":"https:\/\/www.inesgreen.com\/en\/wp-json\/wp\/v2\/media\/244147"}],"wp:attachment":[{"href":"https:\/\/www.inesgreen.com\/en\/wp-json\/wp\/v2\/media?parent=241261"}],"wp:term":[{"taxonomy":"product_brand","embeddable":true,"href":"https:\/\/www.inesgreen.com\/en\/wp-json\/wp\/v2\/product_brand?post=241261"},{"taxonomy":"product_cat","embeddable":true,"href":"https:\/\/www.inesgreen.com\/en\/wp-json\/wp\/v2\/product_cat?post=241261"},{"taxonomy":"product_tag","embeddable":true,"href":"https:\/\/www.inesgreen.com\/en\/wp-json\/wp\/v2\/product_tag?post=241261"}],"curies":[{"name":"wp","href":"https:\/\/api.w.org\/{rel}","templated":true}]}}