{"id":242327,"date":"2023-11-24T18:45:29","date_gmt":"2023-11-24T17:45:29","guid":{"rendered":"https:\/\/www.inesgreen.com\/?post_type=product&#038;p=242327"},"modified":"2025-10-12T17:35:34","modified_gmt":"2025-10-12T15:35:34","slug":"winterwood","status":"publish","type":"product","link":"https:\/\/www.inesgreen.com\/en\/product\/winterwood\/","title":{"rendered":"Winterwood"},"content":{"rendered":"<p>For more information on the bases and yarns offered by In\u00e8s Green, <strong><a href=\"https:\/\/www.inesgreen.com\/en\/bases\/\">consult the bases page.<\/a><\/strong><\/p>\n<p>The photographs are taken in natural daylight to achieve the closest possible color representation to reality. The image and colors may vary depending on your monitor settings and from one screen to another.<\/p>\n<p>Hand-dyed wool is a craft technique. Each skein is hand-dyed, making it unique. Skeins from the same dye bath may have color variations. It is recommended to alternate skeins for a harmonious result.<\/p>\n<p>Hand washing recommended and lay flat to dry.<\/p>","protected":false},"excerpt":{"rendered":"<p>Winterwood is a deep and intense green while being luminous. Immerse yourself in the magic of the forest.<\/p>\n<p><em>Hand-dyed yarn with passion.<br \/>\n<\/em><span style=\"color: #000000;\">If you would like your skeins to be wound, please indicate this when finalizing your order.<\/span><br \/>\nAvailable in several colors, please select your choice of wool quality from the dropdown menu.<\/p>","protected":false},"featured_media":243595,"comment_status":"open","ping_status":"closed","template":"","meta":{"_seopress_robots_primary_cat":"none","_seopress_titles_title":"Winterwood - Vert profond et inense teint \u00e0 la main | Laine naturelle Ines Green","_seopress_titles_desc":"Avec le coloris Winterwood, plongez dans la magie de la for\u00eat. Laine naturelle teinte \u00e0 la main.","_seopress_robots_index":"","_et_pb_use_builder":"off","_et_pb_old_content":"Albertine est un coloris orange vibrant et lumineux. Ce bel orang\u00e9 sera parfait pour apporter une couleur pop \u00e0 vos projets tricots, tel qu'un contrastant \u00e0 chaussettes.\r\n\r\nAlbertine tient son nom de la p\u00e9tillante Albertine, petite rousse de onze ans, h\u00e9ro\u00efne du livre La Maison sous la maison d'Emilie Chazerand.","_et_gb_content_width":"","ep_exclude_from_search":false},"product_brand":[],"product_cat":[63],"product_tag":[],"class_list":{"0":"post-242327","1":"product","2":"type-product","3":"status-publish","4":"has-post-thumbnail","6":"product_cat-nuancier","8":"first","9":"instock","10":"shipping-taxable","11":"purchasable","12":"product-type-woosb"},"_links":{"self":[{"href":"https:\/\/www.inesgreen.com\/en\/wp-json\/wp\/v2\/product\/242327","targetHints":{"allow":["GET"]}}],"collection":[{"href":"https:\/\/www.inesgreen.com\/en\/wp-json\/wp\/v2\/product"}],"about":[{"href":"https:\/\/www.inesgreen.com\/en\/wp-json\/wp\/v2\/types\/product"}],"replies":[{"embeddable":true,"href":"https:\/\/www.inesgreen.com\/en\/wp-json\/wp\/v2\/comments?post=242327"}],"wp:featuredmedia":[{"embeddable":true,"href":"https:\/\/www.inesgreen.com\/en\/wp-json\/wp\/v2\/media\/243595"}],"wp:attachment":[{"href":"https:\/\/www.inesgreen.com\/en\/wp-json\/wp\/v2\/media?parent=242327"}],"wp:term":[{"taxonomy":"product_brand","embeddable":true,"href":"https:\/\/www.inesgreen.com\/en\/wp-json\/wp\/v2\/product_brand?post=242327"},{"taxonomy":"product_cat","embeddable":true,"href":"https:\/\/www.inesgreen.com\/en\/wp-json\/wp\/v2\/product_cat?post=242327"},{"taxonomy":"product_tag","embeddable":true,"href":"https:\/\/www.inesgreen.com\/en\/wp-json\/wp\/v2\/product_tag?post=242327"}],"curies":[{"name":"wp","href":"https:\/\/api.w.org\/{rel}","templated":true}]}}