{"id":242823,"date":"2024-01-17T18:56:18","date_gmt":"2024-01-17T17:56:18","guid":{"rendered":"https:\/\/www.inesgreen.com\/?post_type=product&#038;p=242823"},"modified":"2025-10-12T17:14:11","modified_gmt":"2025-10-12T15:14:11","slug":"nordic-nights","status":"publish","type":"product","link":"https:\/\/www.inesgreen.com\/en\/product\/nordic-nights\/","title":{"rendered":"Nordic Nights"},"content":{"rendered":"<p><strong>Hand-dyed skeins, available in several yarn bases to choose from:<\/strong><\/p>\n<p><strong>\u2022 Fingering Sock<\/strong> \u2013 75% Superwash Merino, 25% Nylon \u2013 400m \/ 100g \u2013 needles 2.5 to 3.5 mm<br \/>\n<strong>\u2022 Merino Fingering<\/strong> \u2013 100% Merino Wool sw \u2013 400m \/ 100gr \u2013 needles 2.5 to 3.5 mm<strong><br \/>\n\u2022 Fingering Extrafine<\/strong> &#8211; 100% Superwash Merino 19.5 micron &#8211; 400m \/ 100gr &#8211; needles 2.5 to 3.5 mm<strong><br \/>\n\u2022 BFL <\/strong>&#8211; 100% Blueface Leicester superwash &#8211; 400m \/ 100gr &#8211; needles 2.5 to 3.5 mm<strong><br \/>\n<\/strong><strong>\u2022 MCN<\/strong> &#8211; 80% Superwash Merino, 10% Cashmere, 10% Nylon &#8211; 400m \/ 100gr &#8211; needles 2.5 to 3.5 mm<br \/>\n<strong>\u2022 DK Sock<\/strong> \u2014 75% Superwash Merino, 25% Nylon \u2014 225m \/ 100gr \u2014 needles 3.5 to 4.5 mm<br \/>\n<strong>\u2022 DK Merino<\/strong> &#8211; 100% Superwash Merino, 25% Nylon &#8211; 225m \/ 100gr &#8211; needles 3.5 to 4.5 mm<br \/>\n<strong>\u2022 Merino Bamboo Silk<\/strong> \u2013 65% Merino wool, 20% Bamboo, 15% Silk \u2013 Approximately 400m for 100gr \u2013 Needles 2.5 to 4 mm<br \/>\n<strong>\u2022 Merino Tencel<\/strong> \u2013 50% Merino wool, 50% Tencel \u2013 Approximately 333m for 100gr \u2013 Needles 3.5 to 4 mm<br \/>\n<strong>\u2022 Merino Cotton<\/strong> \u2013 50% Merino wool, 50% Cotton \u2013 Approximately 400 meters per 100g \u2013 Needles 2.5 to 4 mm<\/p>\n<p>For more information on the bases and yarns offered by In\u00e8s Green, visit the bases section.<\/p>\n<p>The photographs are taken in natural daylight to achieve the closest possible color representation to reality. The image and colors may vary depending on your monitor settings and from one screen to another.<\/p>\n<p>Hand-dyed wool is a craft technique. Each skein is hand-dyed, making it unique. Skeins from the same dye bath may have color variations. It is recommended to alternate skeins for a harmonious result.<\/p>\n<p>Hand washing recommended and lay flat to dry.<\/p>","protected":false},"excerpt":{"rendered":"<p>Let yourself be enveloped by the nuances of \u00ab Nordic Nights \u00bb, a yarn that embodies the quiet elegance of Scandinavian skies at dusk. The violet blue of this wool evokes the serenity of Nordic evenings, where nature dons a mysterious robe and the diaphanous sky invites daydreaming. Knitting with \u00ab Nordic Nights \u00bb is weaving a connection with the calm of the fjords and the majesty of the northern lights, creating pieces that reflect light in the winter darkness. Each stitch is a journey into the timeless beauty of the Nordic countries, where the tradition of simplicity blends with the intensity of natural colors. This violet blue, reminiscent of the pride and loyalty of Scandinavian flags, is an invitation to capture the magic of the North in every textile creation.<\/p>\n<p><em>Hand-dyed yarn with passion.<br \/>\n<\/em><span style=\"color: #000000;\">If you would like your skeins to be wound, please indicate this when finalizing your order.<\/span><br \/>\nAvailable in several colors, please select your choice of wool quality from the dropdown menu.<\/p>","protected":false},"featured_media":248300,"comment_status":"open","ping_status":"closed","template":"","meta":{"_seopress_robots_primary_cat":"none","_seopress_titles_title":"Laine \"Nordic Nights\" \u2013 Bleu Violet Inspir\u00e9 des Pays Nordiques | Ines Green","_seopress_titles_desc":"Cr\u00e9ez avec \"Nordic Nights\", notre laine artisanale aux teintes de bleu violet, \u00e9voquant les nuits sereines scandinaves. Parfait pour vos projets de tricot, disponible exclusivement chez Ines Green.","_seopress_robots_index":"","_et_pb_use_builder":"off","_et_pb_old_content":"Albertine est un coloris orange vibrant et lumineux. Ce bel orang\u00e9 sera parfait pour apporter une couleur pop \u00e0 vos projets tricots, tel qu'un contrastant \u00e0 chaussettes.\r\n\r\nAlbertine tient son nom de la p\u00e9tillante Albertine, petite rousse de onze ans, h\u00e9ro\u00efne du livre La Maison sous la maison d'Emilie Chazerand.","_et_gb_content_width":"","ep_exclude_from_search":false},"product_brand":[],"product_cat":[63],"product_tag":[],"class_list":{"0":"post-242823","1":"product","2":"type-product","3":"status-publish","4":"has-post-thumbnail","6":"product_cat-nuancier","8":"first","9":"instock","10":"shipping-taxable","11":"purchasable","12":"product-type-woosb"},"_links":{"self":[{"href":"https:\/\/www.inesgreen.com\/en\/wp-json\/wp\/v2\/product\/242823","targetHints":{"allow":["GET"]}}],"collection":[{"href":"https:\/\/www.inesgreen.com\/en\/wp-json\/wp\/v2\/product"}],"about":[{"href":"https:\/\/www.inesgreen.com\/en\/wp-json\/wp\/v2\/types\/product"}],"replies":[{"embeddable":true,"href":"https:\/\/www.inesgreen.com\/en\/wp-json\/wp\/v2\/comments?post=242823"}],"wp:featuredmedia":[{"embeddable":true,"href":"https:\/\/www.inesgreen.com\/en\/wp-json\/wp\/v2\/media\/248300"}],"wp:attachment":[{"href":"https:\/\/www.inesgreen.com\/en\/wp-json\/wp\/v2\/media?parent=242823"}],"wp:term":[{"taxonomy":"product_brand","embeddable":true,"href":"https:\/\/www.inesgreen.com\/en\/wp-json\/wp\/v2\/product_brand?post=242823"},{"taxonomy":"product_cat","embeddable":true,"href":"https:\/\/www.inesgreen.com\/en\/wp-json\/wp\/v2\/product_cat?post=242823"},{"taxonomy":"product_tag","embeddable":true,"href":"https:\/\/www.inesgreen.com\/en\/wp-json\/wp\/v2\/product_tag?post=242823"}],"curies":[{"name":"wp","href":"https:\/\/api.w.org\/{rel}","templated":true}]}}