{"id":243054,"date":"2024-02-06T17:50:36","date_gmt":"2024-02-06T16:50:36","guid":{"rendered":"https:\/\/www.inesgreen.com\/?post_type=product&#038;p=243054"},"modified":"2026-04-03T19:09:14","modified_gmt":"2026-04-03T17:09:14","slug":"kit-chaussettes-coeur-qui-petille","status":"publish","type":"product","link":"https:\/\/www.inesgreen.com\/en\/product\/kit-chaussettes-coeur-qui-petille\/","title":{"rendered":"Coeur qui p\u00e9tille Socks Kit"},"content":{"rendered":"<p><strong>Hand-dyed wool, available in several yarn bases to choose from:<\/strong><\/p>\n<p><strong>\u2022 Fingering Sock<\/strong> &#8211; 75% Superwash Merino, 25% Nylon<\/p>\n<p>For more information on the bases and yarns offered by In\u00e8s Green, visit the bases section.<\/p>\n<p>The photographs are taken in natural daylight to achieve the closest possible color representation to reality. The image and colors may vary depending on your monitor settings and from one screen to another.<\/p>\n<p>Hand-dyed wool is a craft technique. Each skein is hand-dyed, making it unique. Skeins from the same dye bath may have color variations. It is recommended to alternate skeins for a harmonious result.<\/p>\n<p>Hand washing recommended and lay flat to dry.<\/p>","protected":false},"excerpt":{"rendered":"<p>The 'C\u0153ur qui P\u00e9tille' kit combines the sweetness of the cr\u00e8me dotted with colorful accents, paired with the passion of deep red, creating a charming duo to knit socks that warm the heart and feet.<\/p>\n<p><strong>Kit including 1 skein of 50gr in the main color \"c\u0153ur qui p\u00e9tille\" and 1 contrasting skein \"c\u0153ur grenadine\" of 50gr.<br \/>\nFingering sock 75% merino sw and 25% nylon.<br \/>\n<\/strong><\/p>\n<p>This kit allows you to knit the pattern <a href=\"https:\/\/www.ravelry.com\/patterns\/library\/i-heart-socks-3\">\u00ab Love of socks \u00bb<\/a> available on Ravelry or in the book \u00ab Chaussettes Pop \u00e0 tricoter \u00bb by Charlotte Stone.<\/p>\n<p><em>Hand-dyed wool.<\/em><\/p>","protected":false},"featured_media":243844,"comment_status":"open","ping_status":"closed","template":"","meta":{"_seopress_robots_primary_cat":"none","_seopress_titles_title":"Kit Chaussettes 'C\u0153ur qui P\u00e9tille' - Alliance de Cr\u00e8me et Rouge","_seopress_titles_desc":"Exprimez votre cr\u00e9ativit\u00e9 avec le kit 'C\u0153ur qui P\u00e9tille', o\u00f9 les nuances joyeuses rencontrent la passion du rouge pour des chaussettes qui \u00e9gayeront vos journ\u00e9es.","_seopress_robots_index":"","_et_pb_use_builder":"off","_et_pb_old_content":"Albertine est un coloris orange vibrant et lumineux. Ce bel orang\u00e9 sera parfait pour apporter une couleur pop \u00e0 vos projets tricots, tel qu'un contrastant \u00e0 chaussettes.\r\n\r\nAlbertine tient son nom de la p\u00e9tillante Albertine, petite rousse de onze ans, h\u00e9ro\u00efne du livre La Maison sous la maison d'Emilie Chazerand.","_et_gb_content_width":"","ep_exclude_from_search":false},"product_brand":[],"product_cat":[76],"product_tag":[],"class_list":{"0":"post-243054","1":"product","2":"type-product","3":"status-publish","4":"has-post-thumbnail","6":"product_cat-kits-chaussettes","8":"first","9":"outofstock","10":"shipping-taxable","11":"purchasable","12":"product-type-simple"},"_links":{"self":[{"href":"https:\/\/www.inesgreen.com\/en\/wp-json\/wp\/v2\/product\/243054","targetHints":{"allow":["GET"]}}],"collection":[{"href":"https:\/\/www.inesgreen.com\/en\/wp-json\/wp\/v2\/product"}],"about":[{"href":"https:\/\/www.inesgreen.com\/en\/wp-json\/wp\/v2\/types\/product"}],"replies":[{"embeddable":true,"href":"https:\/\/www.inesgreen.com\/en\/wp-json\/wp\/v2\/comments?post=243054"}],"wp:featuredmedia":[{"embeddable":true,"href":"https:\/\/www.inesgreen.com\/en\/wp-json\/wp\/v2\/media\/243844"}],"wp:attachment":[{"href":"https:\/\/www.inesgreen.com\/en\/wp-json\/wp\/v2\/media?parent=243054"}],"wp:term":[{"taxonomy":"product_brand","embeddable":true,"href":"https:\/\/www.inesgreen.com\/en\/wp-json\/wp\/v2\/product_brand?post=243054"},{"taxonomy":"product_cat","embeddable":true,"href":"https:\/\/www.inesgreen.com\/en\/wp-json\/wp\/v2\/product_cat?post=243054"},{"taxonomy":"product_tag","embeddable":true,"href":"https:\/\/www.inesgreen.com\/en\/wp-json\/wp\/v2\/product_tag?post=243054"}],"curies":[{"name":"wp","href":"https:\/\/api.w.org\/{rel}","templated":true}]}}