{"id":243165,"date":"2024-02-15T18:39:25","date_gmt":"2024-02-15T17:39:25","guid":{"rendered":"https:\/\/www.inesgreen.com\/?post_type=product&#038;p=243165"},"modified":"2025-10-12T18:46:43","modified_gmt":"2025-10-12T16:46:43","slug":"fevrier-2024-tipsy-love","status":"publish","type":"product","link":"https:\/\/www.inesgreen.com\/en\/product\/fevrier-2024-tipsy-love\/","title":{"rendered":"February 2024 \u2013 Tipsy Love"},"content":{"rendered":"<p>Let your heart be guided by the flamboyant shades of \u00ab Tipsy Love \u00bb, a tribute in thread to the romance of February. The skeins, rich in vibrant orange and delicate pink, tell a story of love through their colors. Each fiber is infused with the sweetness of budding feelings and the warmth of old passions. This hand-dyed yarn is a comforting embrace, celebrating the love that has inspired poets and lovers forever. By knitting with \u00ab Tipsy Love \u00bb, you create more than just a garment\u2014you weave the threads of a love that warms the soul, as sparkling as the stars in the sky on an intimate Valentine's evening.<\/p>\n<p>For more information on the bases and yarns offered by In\u00e8s Green, <a href=\"https:\/\/www.inesgreen.com\/en\/bases\/\" target=\"_blank\" rel=\"noopener\">consult the bases section.<\/a><\/p>\n<p>The photographs are taken in natural daylight to achieve the closest possible color representation to reality. The image and colors may vary depending on your monitor settings and from one screen to another.<\/p>\n<p>Hand-dyed wool is a craft technique. Each skein is hand-dyed, making it unique. Skeins from the same dye bath may have color variations. It is recommended to alternate skeins for a harmonious result.<\/p>\n<p>Hand washing recommended and lay flat to dry.<\/p>","protected":false},"excerpt":{"rendered":"<p>Embrace the tenderness of February with our \u00ab Tipsy Love \u00bb colorway, a spun ode to passion and affection. Each skein pulses with the energy of love, weaving together intoxicating shades of blood orange and soft pink in a burst of fiery colors. Inspired by the sweet follies of love and hearts beating as one, this hand-dyed yarn evokes stolen kisses, shared smiles, and the warmth of sincere feelings. \u00ab Tipsy Love \u00bb is an invitation to celebrate heartfelt bonds, to create with passion, and to wrap your loved ones in the comfort of spun affection.<\/p>\n<p><em>Hand-dyed yarn with passion.<\/em><\/p>","protected":false},"featured_media":250352,"comment_status":"open","ping_status":"closed","template":"","meta":{"_seopress_robots_primary_cat":"none","_seopress_titles_title":"Tipsy Love - \u00c9dition Limit\u00e9e F\u00e9vrier 2024 Laine Teinte \u00e0 la Main | Ines Green","_seopress_titles_desc":"Accueillez la Saint-Valentin avec \"Tipsy Love\", notre \u00e9dition limit\u00e9e de f\u00e9vrier 2024. Cette laine m\u00e9lange audacieusement l'orange vibrant et le rose affectueux pour r\u00e9chauffer vos cr\u00e9ations tricot\u00e9es avec passion.","_seopress_robots_index":"","_et_pb_use_builder":"off","_et_pb_old_content":"Albertine est un coloris orange vibrant et lumineux. Ce bel orang\u00e9 sera parfait pour apporter une couleur pop \u00e0 vos projets tricots, tel qu'un contrastant \u00e0 chaussettes.\r\n\r\nAlbertine tient son nom de la p\u00e9tillante Albertine, petite rousse de onze ans, h\u00e9ro\u00efne du livre La Maison sous la maison d'Emilie Chazerand.","_et_gb_content_width":"","ep_exclude_from_search":false},"product_brand":[],"product_cat":[63],"product_tag":[],"class_list":{"0":"post-243165","1":"product","2":"type-product","3":"status-publish","4":"has-post-thumbnail","6":"product_cat-nuancier","8":"first","9":"instock","10":"shipping-taxable","11":"purchasable","12":"product-type-woosb"},"_links":{"self":[{"href":"https:\/\/www.inesgreen.com\/en\/wp-json\/wp\/v2\/product\/243165","targetHints":{"allow":["GET"]}}],"collection":[{"href":"https:\/\/www.inesgreen.com\/en\/wp-json\/wp\/v2\/product"}],"about":[{"href":"https:\/\/www.inesgreen.com\/en\/wp-json\/wp\/v2\/types\/product"}],"replies":[{"embeddable":true,"href":"https:\/\/www.inesgreen.com\/en\/wp-json\/wp\/v2\/comments?post=243165"}],"wp:featuredmedia":[{"embeddable":true,"href":"https:\/\/www.inesgreen.com\/en\/wp-json\/wp\/v2\/media\/250352"}],"wp:attachment":[{"href":"https:\/\/www.inesgreen.com\/en\/wp-json\/wp\/v2\/media?parent=243165"}],"wp:term":[{"taxonomy":"product_brand","embeddable":true,"href":"https:\/\/www.inesgreen.com\/en\/wp-json\/wp\/v2\/product_brand?post=243165"},{"taxonomy":"product_cat","embeddable":true,"href":"https:\/\/www.inesgreen.com\/en\/wp-json\/wp\/v2\/product_cat?post=243165"},{"taxonomy":"product_tag","embeddable":true,"href":"https:\/\/www.inesgreen.com\/en\/wp-json\/wp\/v2\/product_tag?post=243165"}],"curies":[{"name":"wp","href":"https:\/\/api.w.org\/{rel}","templated":true}]}}