{"id":243308,"date":"2024-03-04T15:13:52","date_gmt":"2024-03-04T14:13:52","guid":{"rendered":"https:\/\/www.inesgreen.com\/?post_type=product&#038;p=243308"},"modified":"2025-01-17T08:07:46","modified_gmt":"2025-01-17T07:07:46","slug":"wisteria-lane","status":"publish","type":"product","link":"https:\/\/www.inesgreen.com\/en\/product\/wisteria-lane\/","title":{"rendered":"Wisteria Lane"},"content":{"rendered":"<p>Hand-dyed skeins, available in several yarn bases to choose from:<\/p>\n<ul>\n<li>Fingering Sock \u2013 75% Superwash Merino, 25% Nylon \u2013 400m \/ 100g \u2013 needles 2.5 to 3.5 mm<\/li>\n<li>M\u00e9rino Fingering \u2013 100% Merino Wool sw \u2013 400m \/ 100g \u2013 needles 2.5 to 3.5 mm<\/li>\n<li>Fingering Extrafine \u2013 100% Superwash Merino 19.5 micron \u2013 400m \/ 100g \u2013 needles 2.5 to 3.5 mm<\/li>\n<li>BFL Silk \u2013 55% Bluefaced Leicester Wool sw, 45% Silk \u2013 400m \/ 100g \u2013 needles 2.5 to 3.5 mm<\/li>\n<li>Single Mohair \u2013 56% Merino Wool sw \u2013 44% Mohair \u2013 400m \/ 100gr \u2013 needles 2.5 to 3.5 mm<\/li>\n<li>Mohair &amp; Silk \u2013 72% Kid Mohair \u2013 28% Silk \u2013 420m \/ 50g \u2013 needles 2.5 to 4.5 mm<\/li>\n<li>MCN \u2013 80% Superwash Merino, 10% Cashmere, 10% Nylon \u2013 400m \/ 100g \u2013 needles 2.5 to 3.5 mm<\/li>\n<li>DK Sock \u2013 75% Superwash Merino, 25% Nylon \u2013 225m \/ 100g \u2013 needles 3.5 to 4.5 mm<\/li>\n<\/ul>\n<p>Leave \" <strong>Wisteria Lane<\/strong> \u00bb wrap you in its violet embraces, where each thread is a note in the symphony of spring renewal. The richness of this violet, hand-dyed with care, reflects the deep and inspiring shades of spring blooms, offering a lush backdrop for your knitting projects. By choosing \u00ab\u00a0<strong>Wisteria Lane<\/strong>Bring the splendor of blooming gardens into your wardrobe, creating wearable artworks that evoke the promise and poetry of longer, brighter days. It's an ode to joy, a reminder that every bud is a precursor to the beauty yet to come.<\/p>\n<p>For more information on the bases and yarns offered by In\u00e8s Green, visit the bases section.<\/p>\n<p>The photographs are taken in natural daylight to achieve the closest possible color representation to reality. The image and colors may vary depending on your monitor settings and from one screen to another.<\/p>\n<p>Hand-dyed wool is a craft technique. Each skein is hand-dyed, making it unique. Skeins from the same dye bath may have color variations. It is recommended to alternate skeins for a harmonious result.<\/p>\n<p>Hand washing recommended and lay flat to dry.<\/p>","protected":false},"excerpt":{"rendered":"<p>Discover the magic of \u00ab <strong>Wisteria Lane<\/strong> \u00bb, our woven tribute to the captivating nuances of spring. This shade, bathed in the delicate tones of violet, evokes the splendor of blooming wisterias, draping the alleys with a veil of beauty and mystery. Inspired by sunny afternoons where floral scents perfume the air, this hand-dyed thread is a celebration of femininity and rebirth. \u00ab <strong>Wisteria Lane<\/strong> \u00bb is a stroll through a secret garden, an invitation to create pieces that will capture the ephemeral essence and grace of the first flowers of spring.<\/p>\n<p><span style=\"color: #000000;\"><strong>Exclusive color of the month of March 2024.<\/strong><\/span><\/p>\n<p><em>Hand-dyed yarn with passion.<br \/>\n<\/em><span style=\"color: #808080;\">If you would like your skeins to be wound, please indicate this when finalizing your order.<\/span><br \/>\nAvailable in several colors, please select your choice of wool quality from the dropdown menu.<\/p>\n<p>&nbsp;<\/p>","protected":false},"featured_media":243361,"comment_status":"open","ping_status":"closed","template":"","meta":{"_seopress_robots_primary_cat":"none","_seopress_titles_title":"Wisteria Lane - Laine Violet Printemps Teint\u00e9e \u00e0 la Main | In\u00e8s Green","_seopress_titles_desc":"Plongez dans l'univers de Wisteria Lane, une laine teint\u00e9e \u00e0 la main en \u00e9dition limit\u00e9e chez In\u00e8s Green. Son violet inspir\u00e9 des glycines florissantes apportera une touche po\u00e9tique \u00e0 vos tricots.","_seopress_robots_index":"","_et_pb_use_builder":"off","_et_pb_old_content":"Albertine est un coloris orange vibrant et lumineux. Ce bel orang\u00e9 sera parfait pour apporter une couleur pop \u00e0 vos projets tricots, tel qu'un contrastant \u00e0 chaussettes.\r\n\r\nAlbertine tient son nom de la p\u00e9tillante Albertine, petite rousse de onze ans, h\u00e9ro\u00efne du livre La Maison sous la maison d'Emilie Chazerand.","_et_gb_content_width":"","ep_exclude_from_search":false},"product_brand":[],"product_cat":[108],"product_tag":[],"class_list":{"0":"post-243308","1":"product","2":"type-product","3":"status-publish","4":"has-post-thumbnail","6":"product_cat-anciens-coloris","8":"first","9":"instock","10":"shipping-taxable","11":"purchasable","12":"product-type-woosb"},"_links":{"self":[{"href":"https:\/\/www.inesgreen.com\/en\/wp-json\/wp\/v2\/product\/243308","targetHints":{"allow":["GET"]}}],"collection":[{"href":"https:\/\/www.inesgreen.com\/en\/wp-json\/wp\/v2\/product"}],"about":[{"href":"https:\/\/www.inesgreen.com\/en\/wp-json\/wp\/v2\/types\/product"}],"replies":[{"embeddable":true,"href":"https:\/\/www.inesgreen.com\/en\/wp-json\/wp\/v2\/comments?post=243308"}],"wp:featuredmedia":[{"embeddable":true,"href":"https:\/\/www.inesgreen.com\/en\/wp-json\/wp\/v2\/media\/243361"}],"wp:attachment":[{"href":"https:\/\/www.inesgreen.com\/en\/wp-json\/wp\/v2\/media?parent=243308"}],"wp:term":[{"taxonomy":"product_brand","embeddable":true,"href":"https:\/\/www.inesgreen.com\/en\/wp-json\/wp\/v2\/product_brand?post=243308"},{"taxonomy":"product_cat","embeddable":true,"href":"https:\/\/www.inesgreen.com\/en\/wp-json\/wp\/v2\/product_cat?post=243308"},{"taxonomy":"product_tag","embeddable":true,"href":"https:\/\/www.inesgreen.com\/en\/wp-json\/wp\/v2\/product_tag?post=243308"}],"curies":[{"name":"wp","href":"https:\/\/api.w.org\/{rel}","templated":true}]}}