{"id":243541,"date":"2024-03-12T17:29:42","date_gmt":"2024-03-12T16:29:42","guid":{"rendered":"https:\/\/www.inesgreen.com\/?post_type=product&#038;p=243541"},"modified":"2026-01-29T09:26:15","modified_gmt":"2026-01-29T08:26:15","slug":"rouge-gorge","status":"publish","type":"product","link":"https:\/\/www.inesgreen.com\/en\/product\/rouge-gorge\/","title":{"rendered":"Rouge Gorge"},"content":{"rendered":"<p><strong>Hand-dyed skein, available in several yarn bases to choose from.<br \/>\n<\/strong>For more information on the bases and yarns offered by In\u00e8s Green, visit the<strong>\u00a0<a href=\"https:\/\/www.inesgreen.com\/en\/bases\/?swcfpc=1\">category bases<\/a>.<\/strong><\/p>\n<p>The photographs are taken in natural daylight to achieve the closest possible color representation to reality. The image and colors may vary depending on your monitor settings and from one screen to another.<\/p>\n<p>Hand-dyed wool is a craft technique. Each skein is hand-dyed, making it unique. Skeins from the same dye bath may have color variations. It is recommended to alternate skeins for a harmonious result.<\/p>\n<p>Hand washing recommended and lay flat to dry.<\/p>","protected":false},"excerpt":{"rendered":"<p>Rouge gorge is a <strong>intense red shade<\/strong>, vibrant and luminous that captures the warm glow of this garden friend. It's a shade of <strong>red<\/strong>, vibrant and sweet at the same time, evoking the ardent breast of the bird. This red <strong>light and deep<\/strong>, is perfect for bringing a <strong>note of cheerfulness<\/strong> and of <strong>warmth<\/strong> to your creations, like a ray of sunshine in the heart of winter.<\/p>\n<p>Available in several colors, please select your choice of wool quality from the dropdown menu.<\/p>","protected":false},"featured_media":252629,"comment_status":"open","ping_status":"closed","template":"","meta":{"_seopress_robots_primary_cat":"none","_seopress_titles_title":"Rouge gorge - \u00c9cheveau rouge - Laine naturelle d'exception","_seopress_titles_desc":"Inspirez-vous de la nature avec Rouge gorge, une laine teinte \u00e0 la main \u00e9voquant le plumage vif du rouge-gorge. Pour des cr\u00e9ations audacieuses et vivantes.","_seopress_robots_index":"","_et_pb_use_builder":"off","_et_pb_old_content":"Albertine est un coloris orange vibrant et lumineux. Ce bel orang\u00e9 sera parfait pour apporter une couleur pop \u00e0 vos projets tricots, tel qu'un contrastant \u00e0 chaussettes.\r\n\r\nAlbertine tient son nom de la p\u00e9tillante Albertine, petite rousse de onze ans, h\u00e9ro\u00efne du livre La Maison sous la maison d'Emilie Chazerand.","_et_gb_content_width":"","ep_exclude_from_search":false},"product_brand":[],"product_cat":[63],"product_tag":[],"class_list":{"0":"post-243541","1":"product","2":"type-product","3":"status-publish","4":"has-post-thumbnail","6":"product_cat-nuancier","8":"first","9":"instock","10":"shipping-taxable","11":"purchasable","12":"product-type-woosb"},"_links":{"self":[{"href":"https:\/\/www.inesgreen.com\/en\/wp-json\/wp\/v2\/product\/243541","targetHints":{"allow":["GET"]}}],"collection":[{"href":"https:\/\/www.inesgreen.com\/en\/wp-json\/wp\/v2\/product"}],"about":[{"href":"https:\/\/www.inesgreen.com\/en\/wp-json\/wp\/v2\/types\/product"}],"replies":[{"embeddable":true,"href":"https:\/\/www.inesgreen.com\/en\/wp-json\/wp\/v2\/comments?post=243541"}],"wp:featuredmedia":[{"embeddable":true,"href":"https:\/\/www.inesgreen.com\/en\/wp-json\/wp\/v2\/media\/252629"}],"wp:attachment":[{"href":"https:\/\/www.inesgreen.com\/en\/wp-json\/wp\/v2\/media?parent=243541"}],"wp:term":[{"taxonomy":"product_brand","embeddable":true,"href":"https:\/\/www.inesgreen.com\/en\/wp-json\/wp\/v2\/product_brand?post=243541"},{"taxonomy":"product_cat","embeddable":true,"href":"https:\/\/www.inesgreen.com\/en\/wp-json\/wp\/v2\/product_cat?post=243541"},{"taxonomy":"product_tag","embeddable":true,"href":"https:\/\/www.inesgreen.com\/en\/wp-json\/wp\/v2\/product_tag?post=243541"}],"curies":[{"name":"wp","href":"https:\/\/api.w.org\/{rel}","templated":true}]}}