{"id":243718,"date":"2024-03-27T15:49:03","date_gmt":"2024-03-27T14:49:03","guid":{"rendered":"https:\/\/www.inesgreen.com\/?post_type=product&#038;p=243718"},"modified":"2026-04-14T14:02:48","modified_gmt":"2026-04-14T12:02:48","slug":"kit-chaussettes-coeur-de-guimauve","status":"publish","type":"product","link":"https:\/\/www.inesgreen.com\/en\/product\/kit-chaussettes-coeur-de-guimauve\/","title":{"rendered":"C\u0153ur de Guimauve Socks Kit"},"content":{"rendered":"<p><strong>Kit for making knitted or crocheted socks, allowing you to create a pair of socks.<\/strong><\/p>\n<p><strong>\u2022 Fingering Sock: 75% Superwash Merino, 25% Nylon<\/strong><\/p>\n<p>For more information on the bases and yarns offered by In\u00e8s Green, visit the bases section.<\/p>\n<p>The photographs are taken in natural daylight to achieve the closest possible color representation to reality. The image and colors may vary depending on your monitor settings and from one screen to another.<\/p>\n<p>Hand-dyed wool is a craft technique. Each skein is hand-dyed, making it unique. Skeins from the same dye bath may have color variations. It is recommended to alternate skeins for a harmonious result.<\/p>\n<p>Hand washing recommended and lay flat to dry.<\/p>","protected":false},"excerpt":{"rendered":"<p>Let <strong>\u00ab\u00a0C\u0153ur de Guimauve\u00a0\u00bb<\/strong> Enchant your creativity with its yellow and soft pink hues, evoking the gentle moments under the sun. This yarn, perfect for your hand-knitted creations with love, is a promise of comfort and inspiration.<\/p>\n<p><strong>Kit including 1 skein of 50gr and 1 matching mini of 20gr.<\/strong><\/p>\n<p><strong>Fingering sock yarn 75% merino superwash and 25% nylon.<\/strong><\/p>\n<p>With this kit, you can knit 1 pair of socks with a contrasting heel and toe.<\/p>\n<p><em>Hand-dyed wool.\u00a0<\/em><\/p>","protected":false},"featured_media":243706,"comment_status":"open","ping_status":"closed","template":"","meta":{"_seopress_robots_primary_cat":"none","_seopress_titles_title":"C\u0153ur de Guimauve Laine - Jaune & Rose Tendre | In\u00e8s Green","_seopress_titles_desc":"D\u00e9couvrez la laine \"C\u0153ur de Guimauve\" chez In\u00e8s Green : une harmonie de jaune et rose tendre pour vos projets tricot. Douceur et qualit\u00e9 garanties pour une cr\u00e9ativit\u00e9 sans limite.","_seopress_robots_index":"","_et_pb_use_builder":"off","_et_pb_old_content":"Albertine est un coloris orange vibrant et lumineux. Ce bel orang\u00e9 sera parfait pour apporter une couleur pop \u00e0 vos projets tricots, tel qu'un contrastant \u00e0 chaussettes.\r\n\r\nAlbertine tient son nom de la p\u00e9tillante Albertine, petite rousse de onze ans, h\u00e9ro\u00efne du livre La Maison sous la maison d'Emilie Chazerand.","_et_gb_content_width":"","ep_exclude_from_search":false},"product_brand":[],"product_cat":[76],"product_tag":[],"class_list":{"0":"post-243718","1":"product","2":"type-product","3":"status-publish","4":"has-post-thumbnail","6":"product_cat-kits-chaussettes","8":"first","9":"outofstock","10":"shipping-taxable","11":"purchasable","12":"product-type-simple"},"_links":{"self":[{"href":"https:\/\/www.inesgreen.com\/en\/wp-json\/wp\/v2\/product\/243718","targetHints":{"allow":["GET"]}}],"collection":[{"href":"https:\/\/www.inesgreen.com\/en\/wp-json\/wp\/v2\/product"}],"about":[{"href":"https:\/\/www.inesgreen.com\/en\/wp-json\/wp\/v2\/types\/product"}],"replies":[{"embeddable":true,"href":"https:\/\/www.inesgreen.com\/en\/wp-json\/wp\/v2\/comments?post=243718"}],"wp:featuredmedia":[{"embeddable":true,"href":"https:\/\/www.inesgreen.com\/en\/wp-json\/wp\/v2\/media\/243706"}],"wp:attachment":[{"href":"https:\/\/www.inesgreen.com\/en\/wp-json\/wp\/v2\/media?parent=243718"}],"wp:term":[{"taxonomy":"product_brand","embeddable":true,"href":"https:\/\/www.inesgreen.com\/en\/wp-json\/wp\/v2\/product_brand?post=243718"},{"taxonomy":"product_cat","embeddable":true,"href":"https:\/\/www.inesgreen.com\/en\/wp-json\/wp\/v2\/product_cat?post=243718"},{"taxonomy":"product_tag","embeddable":true,"href":"https:\/\/www.inesgreen.com\/en\/wp-json\/wp\/v2\/product_tag?post=243718"}],"curies":[{"name":"wp","href":"https:\/\/api.w.org\/{rel}","templated":true}]}}