{"id":243991,"date":"2024-04-04T12:00:23","date_gmt":"2024-04-04T10:00:23","guid":{"rendered":"https:\/\/www.inesgreen.com\/?post_type=product&#038;p=243991"},"modified":"2025-03-02T11:24:20","modified_gmt":"2025-03-02T10:24:20","slug":"avril-2024-petal-spark","status":"publish","type":"product","link":"https:\/\/www.inesgreen.com\/en\/product\/avril-2024-petal-spark\/","title":{"rendered":"April 2024 \u2013 Petal Spark"},"content":{"rendered":"<p>Hand-dyed skeins, available in several yarn bases to choose from:<\/p>\n<ul>\n<li>Fingering Sock \u2013 75% Superwash Merino, 25% Nylon \u2013 Approximately 400m for 100g \u2013 Needles 2.5 to 3.5 mm<\/li>\n<li>M\u00e9rino Fingering \u2013 100% Merino Wool sw \u2013 Approximately 400m for 100g \u2013 Needles 2.5 to 3.5 mm<\/li>\n<li>Fingering Extrafine \u2013 100% Superwash Merino 19.5 micron \u2013 Approximately 400m for 100g \u2013 Needles 2.5 to 3.5 mm<\/li>\n<li>BFL Soie \u2013 55% Bluefaced Leicester wool, 45% Silk \u2013 Approximately 400m for 100g \u2013 Needles 2.5 to 3.5 mm<\/li>\n<li>Single Mohair \u2013 56% Merino Wool sw \u2013 44% Mohair \u2013 Approximately 400m for 100gr \u2013 Needles 2.5 to 3.5 mm<\/li>\n<li>Mohair &amp; Silk \u2013 72% Kid Mohair \u2013 28% Silk \u2013 Approximately 420m for 50g \u2013 needles 2.5 to 4.5 mm<\/li>\n<li>MCN \u2013 80% Superwash Merino, 10% Cashmere, 10% Nylon \u2013 Approximately 400m for 100gr \u2013 Needles 2.5 to 3.5 mm<\/li>\n<li>DK Sock \u2013 75% Superwash Merino, 25% Nylon \u2013 Approximately 225m for 100g \u2013 Needles 3.5 to 4.5 mm<\/li>\n<li>DK M\u00e9rino \u2013 100% Merino sw \u2013 Approximately 225m for 100gr \u2013 needles 3.5 to 4.5 mm<\/li>\n<li>M\u00e9rino Bambou Soie \u2013 65% M\u00e9rino sw, 20% Bambou, 15% Soie \u2013 Approximately 400m for 100gr \u2013 needles 2.5 to 4 mm<\/li>\n<li>M\u00e9rino Tencel \u2013 50% M\u00e9rino sw, 50% Tencel &#8211; Approximately 333m for 100gr \u2013 needles 3.5 to 4 mm<\/li>\n<li>M\u00e9rino Coton \u2013 50% M\u00e9rinos sw, 50% Coton &#8211; Approximately 400 meters for 100 gr \u2013 needles 2.5 to 4 mm<\/li>\n<\/ul>\n<p>Revive your needlework with our new arrival, \u00ab\u00a0<strong>Petal Sparkle<\/strong>\u00ab This unique shade, blending the delicate charm of pink and the freshness of green, is directly inspired by the splendor of orchards in spring. Each skein is a promise of creativity, offering a rich palette for extraordinary works. Embrace the season of renewal with \u00ab\u00a0<strong>Petal Sparkle<\/strong>\"and let your needles dance to the rhythm of nature's colors.<\/p>\n<p>For more information on the bases and yarns offered by In\u00e8s Green, visit the bases section.<\/p>\n<p>The photographs are taken in natural daylight to achieve the closest possible color representation to reality. The image and colors may vary depending on your monitor settings and from one screen to another.<\/p>\n<p>Hand-dyed wool is a craft technique. Each skein is hand-dyed, making it unique. Skeins from the same dye bath may have color variations. It is recommended to alternate skeins for a harmonious result.<\/p>\n<p>Hand washing recommended and lay flat to dry.<\/p>","protected":false},"excerpt":{"rendered":"<p>Start your knitting projects with the \u00ab\u00a0<strong>Petal Spark<\/strong>, a yarn with springtime colors that combines the pink of the fruits and the green of their foliage. Perfect for those looking to add a touch of freshness to their creations, this hand-dyed yarn offers a unique result for all your projects. Ideal for various projects,\u00a0<strong>Petal Spark<\/strong>\u00a0\u00bb will bring light and color to your spring wardrobe.<\/p>\n<p><span style=\"color: #000000;\"><strong>Exclusive color of the month of April 2024.<\/strong><\/span><\/p>\n<p><em>Hand-dyed yarn with passion.<br \/>\n<\/em><span style=\"color: #808080;\">If you would like your skeins to be wound, please indicate this when finalizing your order.<\/span><br \/>\nAvailable in several colors, please select your choice of wool quality from the dropdown menu.<\/p>\n<p>&nbsp;<\/p>","protected":false},"featured_media":243999,"comment_status":"open","ping_status":"closed","template":"","meta":{"_seopress_robots_primary_cat":"none","_seopress_titles_title":"Petal Spark - Laine aux couleurs du printemps | In\u00e8s Green","_seopress_titles_desc":"D\u00e9couvrez \"Petal Spark\", notre laine teinte \u00e0 la main aux nuances de printemps, alliant le rose des fruits et le vert de leur feuillage. Parfait pour vos cr\u00e9ations uniques, apportez fra\u00eecheur et couleur \u00e0 vos projets de tricot.","_seopress_robots_index":"","_et_pb_use_builder":"off","_et_pb_old_content":"Albertine est un coloris orange vibrant et lumineux. Ce bel orang\u00e9 sera parfait pour apporter une couleur pop \u00e0 vos projets tricots, tel qu'un contrastant \u00e0 chaussettes.\r\n\r\nAlbertine tient son nom de la p\u00e9tillante Albertine, petite rousse de onze ans, h\u00e9ro\u00efne du livre La Maison sous la maison d'Emilie Chazerand.","_et_gb_content_width":"","ep_exclude_from_search":false},"product_brand":[],"product_cat":[108],"product_tag":[],"class_list":{"0":"post-243991","1":"product","2":"type-product","3":"status-publish","4":"has-post-thumbnail","6":"product_cat-anciens-coloris","8":"first","9":"instock","10":"shipping-taxable","11":"purchasable","12":"product-type-woosb"},"_links":{"self":[{"href":"https:\/\/www.inesgreen.com\/en\/wp-json\/wp\/v2\/product\/243991","targetHints":{"allow":["GET"]}}],"collection":[{"href":"https:\/\/www.inesgreen.com\/en\/wp-json\/wp\/v2\/product"}],"about":[{"href":"https:\/\/www.inesgreen.com\/en\/wp-json\/wp\/v2\/types\/product"}],"replies":[{"embeddable":true,"href":"https:\/\/www.inesgreen.com\/en\/wp-json\/wp\/v2\/comments?post=243991"}],"wp:featuredmedia":[{"embeddable":true,"href":"https:\/\/www.inesgreen.com\/en\/wp-json\/wp\/v2\/media\/243999"}],"wp:attachment":[{"href":"https:\/\/www.inesgreen.com\/en\/wp-json\/wp\/v2\/media?parent=243991"}],"wp:term":[{"taxonomy":"product_brand","embeddable":true,"href":"https:\/\/www.inesgreen.com\/en\/wp-json\/wp\/v2\/product_brand?post=243991"},{"taxonomy":"product_cat","embeddable":true,"href":"https:\/\/www.inesgreen.com\/en\/wp-json\/wp\/v2\/product_cat?post=243991"},{"taxonomy":"product_tag","embeddable":true,"href":"https:\/\/www.inesgreen.com\/en\/wp-json\/wp\/v2\/product_tag?post=243991"}],"curies":[{"name":"wp","href":"https:\/\/api.w.org\/{rel}","templated":true}]}}