{"id":244088,"date":"2024-04-27T18:37:58","date_gmt":"2024-04-27T16:37:58","guid":{"rendered":"https:\/\/www.inesgreen.com\/?post_type=product&#038;p=244088"},"modified":"2025-10-30T13:44:51","modified_gmt":"2025-10-30T12:44:51","slug":"mai-2024-pastel-paradise","status":"publish","type":"product","link":"https:\/\/www.inesgreen.com\/en\/product\/mai-2024-pastel-paradise\/","title":{"rendered":"May 2024 \u2013 Pastel Paradise"},"content":{"rendered":"<p>Hand-dyed skeins, available in several yarn bases to choose from:<\/p>\n<ul>\n<li>Fingering Sock \u2013 75% Superwash Merino, 25% Nylon \u2013 Approximately 400m for 100g \u2013 Needles 2.5 to 3.5 mm<\/li>\n<li>M\u00e9rino Fingering \u2013 100% Merino Wool sw \u2013 Approximately 400m for 100g \u2013 Needles 2.5 to 3.5 mm<\/li>\n<li>Fingering Extrafine \u2013 100% Superwash Merino 19.5 micron \u2013 Approximately 400m for 100g \u2013 Needles 2.5 to 3.5 mm<\/li>\n<li>BFL Soie \u2013 55% Bluefaced Leicester wool, 45% Silk \u2013 Approximately 400m for 100g \u2013 Needles 2.5 to 3.5 mm<\/li>\n<li>Single Mohair \u2013 56% Merino Wool sw \u2013 44% Mohair \u2013 Approximately 400m for 100gr \u2013 Needles 2.5 to 3.5 mm<\/li>\n<li>Mohair &amp; Silk \u2013 72% Kid Mohair \u2013 28% Silk \u2013 Approximately 420m for 50g \u2013 needles 2.5 to 4.5 mm<\/li>\n<li>MCN \u2013 80% Superwash Merino, 10% Cashmere, 10% Nylon \u2013 Approximately 400m for 100gr \u2013 Needles 2.5 to 3.5 mm<\/li>\n<li>DK Sock \u2013 75% Superwash Merino, 25% Nylon \u2013 Approximately 225m for 100g \u2013 Needles 3.5 to 4.5 mm<\/li>\n<li>DK M\u00e9rino \u2013 100% Merino sw \u2013 Approximately 225m for 100gr \u2013 needles 3.5 to 4.5 mm<\/li>\n<li>M\u00e9rino Bambou Soie \u2013 65% M\u00e9rino sw, 20% Bambou, 15% Soie \u2013 Approximately 400m for 100gr \u2013 needles 2.5 to 4 mm<\/li>\n<li>M\u00e9rino Tencel \u2013 50% M\u00e9rino sw, 50% Tencel &#8211; Approximately 333m for 100gr \u2013 needles 3.5 to 4 mm<\/li>\n<li>M\u00e9rino Coton \u2013 50% M\u00e9rinos sw, 50% Coton &#8211; Approximately 400 meters for 100 gr \u2013 needles 2.5 to 4 mm<\/li>\n<\/ul>\n<p>For more information on the bases and yarns offered by In\u00e8s Green, visit the bases section.<\/p>\n<p>The photographs are taken in natural daylight to achieve the closest possible color representation to reality. The image and colors may vary depending on your monitor settings and from one screen to another.<\/p>\n<p>Hand-dyed wool is a craft technique. Each skein is hand-dyed, making it unique. Skeins from the same dye bath may have color variations. It is recommended to alternate skeins for a harmonious result.<\/p>\n<p>Hand washing recommended and lay flat to dry.<\/p>","protected":false},"excerpt":{"rendered":"<p>Dive into the soft and comforting world of <strong>Pastel Paradise<\/strong>, an artisan yarn inspired by the pastel colors of the 90s. The shades of pastel purple and pink blend harmoniously to create a soothing and nostalgic color palette. This hand-dyed yarn is perfect for all your knitting and crochet projects, adding a touch of sweetness and nostalgia to your creations. Let yourself be transported to a pastel paradise with <strong>Pastel Paradise<\/strong>, a yarn that evokes a comforting and soothing atmosphere. Each skein of <strong>Pastel Paradise<\/strong> It is carefully hand-dyed, offering a unique result for all your projects. Let yourself be seduced by the sweetness of Pastel Paradise and create unique and nostalgic pieces.<\/p>\n<p><span style=\"color: #000000;\"><strong>Exclusive color of the month of May 2024.<\/strong><\/span><\/p>\n<p><em>Hand-dyed yarn with passion.<br \/>\n<\/em><span style=\"color: #808080;\">If you would like your skeins to be wound, please indicate this when finalizing your order.<\/span><br \/>\nAvailable in several colors, please select your choice of wool quality from the dropdown menu.<\/p>\n<p>&nbsp;<\/p>","protected":false},"featured_media":244136,"comment_status":"open","ping_status":"closed","template":"","meta":{"_seopress_robots_primary_cat":"none","_seopress_titles_title":"Pastel Paradise : la laine artisanale pour des cr\u00e9ations douces et nostalgiques | In\u00e8s Green","_seopress_titles_desc":"Plongez dans l'univers doux et r\u00e9confortant de Pastel Paradise, la laine artisanale aux couleurs pastel inspir\u00e9es des ann\u00e9es 90. Teinte \u00e0 la main, cette laine est parfaite pour tous vos projets de tricot et de crochet. Commandez d\u00e8s maintenant sur In\u00e8s Green.","_seopress_robots_index":"","_et_pb_use_builder":"off","_et_pb_old_content":"Albertine est un coloris orange vibrant et lumineux. Ce bel orang\u00e9 sera parfait pour apporter une couleur pop \u00e0 vos projets tricots, tel qu'un contrastant \u00e0 chaussettes.\r\n\r\nAlbertine tient son nom de la p\u00e9tillante Albertine, petite rousse de onze ans, h\u00e9ro\u00efne du livre La Maison sous la maison d'Emilie Chazerand.","_et_gb_content_width":"","ep_exclude_from_search":false},"product_brand":[],"product_cat":[108],"product_tag":[],"class_list":{"0":"post-244088","1":"product","2":"type-product","3":"status-publish","4":"has-post-thumbnail","6":"product_cat-anciens-coloris","8":"first","9":"instock","10":"shipping-taxable","11":"purchasable","12":"product-type-woosb"},"_links":{"self":[{"href":"https:\/\/www.inesgreen.com\/en\/wp-json\/wp\/v2\/product\/244088","targetHints":{"allow":["GET"]}}],"collection":[{"href":"https:\/\/www.inesgreen.com\/en\/wp-json\/wp\/v2\/product"}],"about":[{"href":"https:\/\/www.inesgreen.com\/en\/wp-json\/wp\/v2\/types\/product"}],"replies":[{"embeddable":true,"href":"https:\/\/www.inesgreen.com\/en\/wp-json\/wp\/v2\/comments?post=244088"}],"wp:featuredmedia":[{"embeddable":true,"href":"https:\/\/www.inesgreen.com\/en\/wp-json\/wp\/v2\/media\/244136"}],"wp:attachment":[{"href":"https:\/\/www.inesgreen.com\/en\/wp-json\/wp\/v2\/media?parent=244088"}],"wp:term":[{"taxonomy":"product_brand","embeddable":true,"href":"https:\/\/www.inesgreen.com\/en\/wp-json\/wp\/v2\/product_brand?post=244088"},{"taxonomy":"product_cat","embeddable":true,"href":"https:\/\/www.inesgreen.com\/en\/wp-json\/wp\/v2\/product_cat?post=244088"},{"taxonomy":"product_tag","embeddable":true,"href":"https:\/\/www.inesgreen.com\/en\/wp-json\/wp\/v2\/product_tag?post=244088"}],"curies":[{"name":"wp","href":"https:\/\/api.w.org\/{rel}","templated":true}]}}