{"id":244245,"date":"2024-05-23T19:12:25","date_gmt":"2024-05-23T17:12:25","guid":{"rendered":"https:\/\/www.inesgreen.com\/?post_type=product&#038;p=244245"},"modified":"2025-08-22T07:47:19","modified_gmt":"2025-08-22T05:47:19","slug":"carte-cadeau","status":"publish","type":"product","link":"https:\/\/www.inesgreen.com\/en\/product\/carte-cadeau\/","title":{"rendered":"Gift card"},"content":{"rendered":"<h2><u>How to order and use the gift card?<\/u><\/h2>\n<p>On this page, choose the amount of the <strong>gift card to give<\/strong>, starting from \u20ac20, by selecting a predefined amount or entering the desired amount. You will also have the option to provide <strong>the recipient's email<\/strong> so that they receive the code to enter during their order, along with a personalized message from you. You can even specify a sending date, perfect for birthdays!<br \/>\nAn option will also allow you to get a nice <strong>Printable PDF<\/strong> containing the gift card and its code, perfect for giving in person. Use the PREVIEW button to see the email that will be sent or the PDF that will be generated.<\/p>\n<p>Once the gift card is received, your loved one will only need to go to inesgreen.com, choose the yarns they like, and enter the code at the payment stage. The amount will be automatically deducted from their order. If the total exceeds the card balance, they can pay the difference by another method. The gift card is valid for 1 year from the date of issue and can be used in one or more transactions as needed. Plenty of time to find the perfect yarn!<\/p>\n<p>Don\u2019t hesitate any longer, bring joy to your loved ones by gifting them the<strong> custom gift<\/strong> of an In\u00e8s Green gift card. They will thank you for this delicious moment of creative freedom!<\/p>","protected":false},"excerpt":{"rendered":"<p>One <strong>In\u00e8s Green gift card<\/strong> is the perfect gift to spoil your loved ones who are passionate about wool and knitting. Let your friend or loved one choose the hand-dyed natural wools that catch their eye from our rich collection of unique shades. Whether it's for a birthday, Mother's Day, a Christmas gift, or any other special occasion, nothing beats a gift card to be sure to hit the mark.<\/p>\n<p>No need to guess tastes and preferences, your loved one can choose freely<strong> the perfect wool<\/strong> for her next knitting or crochet project. Silky merino wools or soft mohair and silk wools as light as a cloud, In\u00e8s Green offers a wide range of high-quality natural wools.<\/p>\n<p>Your recipient will be spoiled for choice to find the ideal wool base, whether it's to create an airy shawl, a trendy sweater, or a unique accessory. Giving a gift card is also about making <strong>an eco-responsible gesture<\/strong> by supporting local craftsmanship and sustainable products. Each skein is dyed with love in our French workshop using environmentally friendly processes.<\/p>","protected":false},"featured_media":250732,"comment_status":"closed","ping_status":"closed","template":"","meta":{"_seopress_robots_primary_cat":"none","_seopress_titles_title":"Carte Cadeau Laine Naturelle | Offrez une Carte Cadeau In\u00e8s Green","_seopress_titles_desc":"Offrez une carte cadeau In\u00e8s Green pour faire plaisir \u00e0 vos proches passionn\u00e9s de laine et tricot. Laissez-les choisir leurs laines naturelles teintes \u00e0 la main pr\u00e9f\u00e9r\u00e9es parmi notre collection unique. Montants \u00e0 partir de 50\u20ac, envoi par email ou PDF \u00e0 imprimer.","_seopress_robots_index":"","_et_pb_use_builder":"","_et_pb_old_content":"","_et_gb_content_width":"","ep_exclude_from_search":false},"product_brand":[],"product_cat":[91],"product_tag":[],"class_list":{"0":"post-244245","1":"product","2":"type-product","3":"status-publish","4":"has-post-thumbnail","6":"product_cat-cartes-cadeau","8":"first","9":"instock","10":"shipping-taxable","11":"purchasable","12":"product-type-pw-gift-card","13":"has-default-attributes"},"_links":{"self":[{"href":"https:\/\/www.inesgreen.com\/en\/wp-json\/wp\/v2\/product\/244245","targetHints":{"allow":["GET"]}}],"collection":[{"href":"https:\/\/www.inesgreen.com\/en\/wp-json\/wp\/v2\/product"}],"about":[{"href":"https:\/\/www.inesgreen.com\/en\/wp-json\/wp\/v2\/types\/product"}],"replies":[{"embeddable":true,"href":"https:\/\/www.inesgreen.com\/en\/wp-json\/wp\/v2\/comments?post=244245"}],"wp:featuredmedia":[{"embeddable":true,"href":"https:\/\/www.inesgreen.com\/en\/wp-json\/wp\/v2\/media\/250732"}],"wp:attachment":[{"href":"https:\/\/www.inesgreen.com\/en\/wp-json\/wp\/v2\/media?parent=244245"}],"wp:term":[{"taxonomy":"product_brand","embeddable":true,"href":"https:\/\/www.inesgreen.com\/en\/wp-json\/wp\/v2\/product_brand?post=244245"},{"taxonomy":"product_cat","embeddable":true,"href":"https:\/\/www.inesgreen.com\/en\/wp-json\/wp\/v2\/product_cat?post=244245"},{"taxonomy":"product_tag","embeddable":true,"href":"https:\/\/www.inesgreen.com\/en\/wp-json\/wp\/v2\/product_tag?post=244245"}],"curies":[{"name":"wp","href":"https:\/\/api.w.org\/{rel}","templated":true}]}}