{"id":244531,"date":"2024-05-27T19:10:42","date_gmt":"2024-05-27T17:10:42","guid":{"rendered":"https:\/\/www.inesgreen.com\/?post_type=product&#038;p=244531"},"modified":"2025-10-12T13:13:04","modified_gmt":"2025-10-12T11:13:04","slug":"fleur-bleue","status":"publish","type":"product","link":"https:\/\/www.inesgreen.com\/en\/product\/fleur-bleue\/","title":{"rendered":"Fleur Bleue"},"content":{"rendered":"<p><strong>Hand-dyed skein, available in several yarn bases to choose from:<\/strong><\/p>\n<ul>\n<li>Fingering Sock \u2013 75% Superwash Merino, 25% Nylon \u2013 Approximately 400m for 100g \u2013 Needles 2.5 to 3.5 mm<\/li>\n<li>M\u00e9rino Fingering \u2013 100% Merino Wool sw \u2013 Approximately 400m for 100g \u2013 Needles 2.5 to 3.5 mm<\/li>\n<li>Fingering Extrafine \u2013 100% Superwash Merino 19.5 micron \u2013 Approximately 400m for 100g \u2013 Needles 2.5 to 3.5 mm<\/li>\n<li>BFL Soie \u2013 55% Bluefaced Leicester wool, 45% Silk \u2013 Approximately 400m for 100g \u2013 Needles 2.5 to 3.5 mm<\/li>\n<li>Single Mohair \u2013 56% Merino Wool sw \u2013 44% Mohair \u2013 Approximately 400m for 100gr \u2013 Needles 2.5 to 3.5 mm<\/li>\n<li>Mohair &amp; Silk \u2013 72% Kid Mohair \u2013 28% Silk \u2013 Approximately 420m for 50g \u2013 needles 2.5 to 4.5 mm<\/li>\n<li>MCN \u2013 80% Superwash Merino, 10% Cashmere, 10% Nylon \u2013 Approximately 400m for 100gr \u2013 Needles 2.5 to 3.5 mm<\/li>\n<li>DK Sock \u2013 75% Superwash Merino, 25% Nylon \u2013 Approximately 225m for 100g \u2013 Needles 3.5 to 4.5 mm<\/li>\n<li>DK M\u00e9rino \u2013 100% Merino sw \u2013 Approximately 225m for 100gr \u2013 needles 3.5 to 4.5 mm<\/li>\n<li>M\u00e9rino Bambou Soie \u2013 65% M\u00e9rino sw, 20% Bambou, 15% Soie \u2013 Approximately 400m for 100gr \u2013 needles 2.5 to 4 mm<\/li>\n<li>M\u00e9rino Tencel \u2013 50% M\u00e9rino sw, 50% Tencel &#8211; Approximately 333m for 100gr \u2013 needles 3.5 to 4 mm<\/li>\n<li>M\u00e9rino Coton \u2013 50% M\u00e9rinos sw, 50% Coton &#8211; Approximately 400 meters for 100 gr \u2013 needles 2.5 to 4 mm<\/li>\n<\/ul>\n<p>For more information on the bases and yarns offered by In\u00e8s Green, visit the bases section.<\/p>\n<p>The photographs are taken in natural daylight to achieve the closest possible color representation to reality. The image and colors may vary depending on your monitor settings and from one screen to another.<\/p>\n<p>Hand-dyed wool is a craft technique. Each skein is hand-dyed, making it unique. Skeins from the same dye bath may have color variations. It is recommended to alternate skeins for a harmonious result.<\/p>\n<p>Hand washing recommended and lay flat to dry.<\/p>","protected":false},"excerpt":{"rendered":"<p>Inspired by the carefree grace of wildflowers, the wool \u00ab\u00a0<strong>Fleur Bleue<\/strong>\u00a0\u00bb wraps itself in a delicate blue, evoking the serene shades of petals opening to the spring sunshine. Each fiber is a celebration of the fleeting beauty of wildflowers, inviting your needles to weave an eternal garden on your creations. Let the <strong>bluish hues<\/strong> to transport you into a world of bucolic daydreams, where each dot becomes a note in the symphony of nature reborn.<\/p>\n<p><em>Hand-dyed yarn with passion.<\/em><\/p>\n<p>If you would like your skeins to be wound, please do not hesitate to let us know when finalizing your order.<\/p>\n<p>Available in several colors, please select your choice of wool quality from the dropdown menu.<\/p>","protected":false},"featured_media":244433,"comment_status":"open","ping_status":"closed","template":"","meta":{"_seopress_robots_primary_cat":"none","_seopress_titles_title":"Fleur Bleue - \u00c9cheveau de laine bleu d\u00e9licat | In\u00e8s Green","_seopress_titles_desc":"D\u00e9couvrez l'\u00e9cheveau Fleur Bleue, une laine teint\u00e9e d'un bleu c\u00e9leste \u00e9voquant la beaut\u00e9 \u00e9ph\u00e9m\u00e8re des fleurs des champs. Chaque fibre est une invitation \u00e0 tisser un jardin imaginaire.","_seopress_robots_index":"","_et_pb_use_builder":"off","_et_pb_old_content":"Albertine est un coloris orange vibrant et lumineux. Ce bel orang\u00e9 sera parfait pour apporter une couleur pop \u00e0 vos projets tricots, tel qu'un contrastant \u00e0 chaussettes.\r\n\r\nAlbertine tient son nom de la p\u00e9tillante Albertine, petite rousse de onze ans, h\u00e9ro\u00efne du livre La Maison sous la maison d'Emilie Chazerand.","_et_gb_content_width":"","ep_exclude_from_search":false},"product_brand":[],"product_cat":[63],"product_tag":[],"class_list":{"0":"post-244531","1":"product","2":"type-product","3":"status-publish","4":"has-post-thumbnail","6":"product_cat-nuancier","8":"first","9":"instock","10":"shipping-taxable","11":"purchasable","12":"product-type-woosb"},"_links":{"self":[{"href":"https:\/\/www.inesgreen.com\/en\/wp-json\/wp\/v2\/product\/244531","targetHints":{"allow":["GET"]}}],"collection":[{"href":"https:\/\/www.inesgreen.com\/en\/wp-json\/wp\/v2\/product"}],"about":[{"href":"https:\/\/www.inesgreen.com\/en\/wp-json\/wp\/v2\/types\/product"}],"replies":[{"embeddable":true,"href":"https:\/\/www.inesgreen.com\/en\/wp-json\/wp\/v2\/comments?post=244531"}],"wp:featuredmedia":[{"embeddable":true,"href":"https:\/\/www.inesgreen.com\/en\/wp-json\/wp\/v2\/media\/244433"}],"wp:attachment":[{"href":"https:\/\/www.inesgreen.com\/en\/wp-json\/wp\/v2\/media?parent=244531"}],"wp:term":[{"taxonomy":"product_brand","embeddable":true,"href":"https:\/\/www.inesgreen.com\/en\/wp-json\/wp\/v2\/product_brand?post=244531"},{"taxonomy":"product_cat","embeddable":true,"href":"https:\/\/www.inesgreen.com\/en\/wp-json\/wp\/v2\/product_cat?post=244531"},{"taxonomy":"product_tag","embeddable":true,"href":"https:\/\/www.inesgreen.com\/en\/wp-json\/wp\/v2\/product_tag?post=244531"}],"curies":[{"name":"wp","href":"https:\/\/api.w.org\/{rel}","templated":true}]}}