{"id":245952,"date":"2024-08-07T17:35:40","date_gmt":"2024-08-07T15:35:40","guid":{"rendered":"https:\/\/www.inesgreen.com\/?post_type=product&#038;p=245952"},"modified":"2025-10-11T17:58:25","modified_gmt":"2025-10-11T15:58:25","slug":"menthe-a-leau","status":"publish","type":"product","link":"https:\/\/www.inesgreen.com\/en\/product\/menthe-a-leau\/","title":{"rendered":"Menthe \u00e0 l&rsquo;eau"},"content":{"rendered":"<p>The photographs are taken in natural daylight to achieve the closest possible color representation to reality. The image and colors may vary depending on your monitor settings and from one screen to another.<\/p>\n<p>Hand-dyed wool is a craft technique. Each skein is hand-dyed, making it unique. Skeins from the same dye bath may have color variations. It is recommended to alternate skeins for a harmonious result.<\/p>\n<p>Hand washing recommended and lay flat to dry.<\/p>","protected":false},"excerpt":{"rendered":"<p>Dive into the freshness of \u00ab\u00a0<strong>Menthe \u00e0 l&rsquo;eau<\/strong>\u00ab , a hand-dyed artisan wool that captures the invigorating essence of green mint. With its refreshing shades of <strong>mint green<\/strong>, this shade brings a touch of freshness and vitality to your creations. Perfect for knitting light scarves, summer accessories, or airy tops, \u00ab\u00a0<strong>Menthe \u00e0 l&rsquo;eau<\/strong>\u00a0\u00bb turns every project into a breath of <strong>freshness<\/strong>Each skein, meticulously hand-dyed, ensures a unique and vibrant piece for your knitting or crochet projects. Immerse yourself in the summer freshness of \u00ab\u00a0<strong>Menthe \u00e0 l&rsquo;eau<\/strong>\u00a0\u00bb and create works that breathe vitality and lightness.<\/p>\n<p><em><strong>Hand-dyed yarn. Available for pre-order, delivery time 1 to 2 weeks.<\/strong><\/em><\/p>\n<p>If you would like your skeins to be wound, please do not hesitate to let us know when finalizing your order.<\/p>\n<p>Available in several colors, please select your choice of wool quality from the dropdown menu.<\/p>","protected":false},"featured_media":249865,"comment_status":"open","ping_status":"closed","template":"","meta":{"_seopress_robots_primary_cat":"none","_seopress_titles_title":"Menthe \u00e0 l'eau - Laine Teinte \u00e0 la Main aux Nuances de Vert Menthe | In\u00e8s Green","_seopress_titles_desc":"D\u00e9couvrez Menthe \u00e0 l'eau, une laine artisanale teint\u00e9e \u00e0 la main aux nuances rafra\u00eechissantes de vert menthe. Parfaite pour ajouter une touche de vitalit\u00e9 et de fra\u00eecheur \u00e0 vos projets de tricot et crochet. Apportez la brise estivale \u00e0 vos cr\u00e9ations avec Menthe \u00e0 l'eau de In\u00e8s Green.","_seopress_robots_index":"","_et_pb_use_builder":"off","_et_pb_old_content":"Albertine est un coloris orange vibrant et lumineux. Ce bel orang\u00e9 sera parfait pour apporter une couleur pop \u00e0 vos projets tricots, tel qu'un contrastant \u00e0 chaussettes.\r\n\r\nAlbertine tient son nom de la p\u00e9tillante Albertine, petite rousse de onze ans, h\u00e9ro\u00efne du livre La Maison sous la maison d'Emilie Chazerand.","_et_gb_content_width":"","ep_exclude_from_search":false},"product_brand":[],"product_cat":[63],"product_tag":[],"class_list":{"0":"post-245952","1":"product","2":"type-product","3":"status-publish","4":"has-post-thumbnail","6":"product_cat-nuancier","8":"first","9":"instock","10":"shipping-taxable","11":"purchasable","12":"product-type-woosb"},"_links":{"self":[{"href":"https:\/\/www.inesgreen.com\/en\/wp-json\/wp\/v2\/product\/245952","targetHints":{"allow":["GET"]}}],"collection":[{"href":"https:\/\/www.inesgreen.com\/en\/wp-json\/wp\/v2\/product"}],"about":[{"href":"https:\/\/www.inesgreen.com\/en\/wp-json\/wp\/v2\/types\/product"}],"replies":[{"embeddable":true,"href":"https:\/\/www.inesgreen.com\/en\/wp-json\/wp\/v2\/comments?post=245952"}],"wp:featuredmedia":[{"embeddable":true,"href":"https:\/\/www.inesgreen.com\/en\/wp-json\/wp\/v2\/media\/249865"}],"wp:attachment":[{"href":"https:\/\/www.inesgreen.com\/en\/wp-json\/wp\/v2\/media?parent=245952"}],"wp:term":[{"taxonomy":"product_brand","embeddable":true,"href":"https:\/\/www.inesgreen.com\/en\/wp-json\/wp\/v2\/product_brand?post=245952"},{"taxonomy":"product_cat","embeddable":true,"href":"https:\/\/www.inesgreen.com\/en\/wp-json\/wp\/v2\/product_cat?post=245952"},{"taxonomy":"product_tag","embeddable":true,"href":"https:\/\/www.inesgreen.com\/en\/wp-json\/wp\/v2\/product_tag?post=245952"}],"curies":[{"name":"wp","href":"https:\/\/api.w.org\/{rel}","templated":true}]}}