{"id":246443,"date":"2024-09-25T11:54:33","date_gmt":"2024-09-25T09:54:33","guid":{"rendered":"https:\/\/www.inesgreen.com\/?post_type=product&#038;p=246443"},"modified":"2025-10-11T17:21:02","modified_gmt":"2025-10-11T15:21:02","slug":"doux-comme-un-nuage","status":"publish","type":"product","link":"https:\/\/www.inesgreen.com\/en\/product\/doux-comme-un-nuage\/","title":{"rendered":"Doux comme un nuage"},"content":{"rendered":"<p><strong>Hand-dyed skein, available in several yarn bases to choose from:<\/strong><\/p>\n<ul>\n<li><strong>Fingering Sock<\/strong> \u2013 75% Superwash Merino, 25% Nylon \u2013 400m \/ 100g \u2013 needles 2.5 to 3.5 mm<\/li>\n<li><strong>M\u00e9rino Fingering<\/strong> \u2013 100% Merino Wool sw \u2013 400m \/ 100gr \u2013 needles 2.5 to 3.5 mm<\/li>\n<li><strong>Fingering Extra Fine<\/strong> &#8211; 100% Superwash Merino 19.5 micron &#8211; 400m \/ 100gr &#8211; needles 2.5 to 3.5 mm<\/li>\n<li><strong>BFL <\/strong>&#8211; 100% Blueface Leicester superwash &#8211; 400m \/ 100gr &#8211; needles 2.5 to 3.5 mm<\/li>\n<li><strong>DK Sock<\/strong> \u2014 75% Superwash Merino, 25% Nylon \u2014 225m \/ 100gr \u2014 needles 3.5 to 4.5 mm<\/li>\n<li><strong>DK Merino<\/strong> &#8211; 100% Superwash Merino, 25% Nylon &#8211; 225m \/ 100gr &#8211; needles 3.5 to 4.5 mm<\/li>\n<li><strong>M\u00e9rino Bambou Soie<\/strong> \u2013 65% Merino wool, 20% Bamboo, 15% Silk \u2013 Approximately 400m for 100gr \u2013 Needles 2.5 to 4 mm<\/li>\n<li><strong>M\u00e9rino Tencel<\/strong> \u2013 50% Merino wool, 50% Tencel \u2013 Approximately 333m for 100gr \u2013 Needles 3.5 to 4 mm<\/li>\n<li><strong>Merino Cotton<\/strong> \u2013 50% Merino wool, 50% Cotton \u2013 Approximately 400 meters per 100g \u2013 Needles 2.5 to 4 mm<\/li>\n<\/ul>\n<p>For more information on the bases and yarns offered by In\u00e8s Green, visit the bases section.<\/p>\n<p>The photographs are taken in natural daylight to achieve the closest possible color representation to reality. The image and colors may vary depending on your monitor settings and from one screen to another.<\/p>\n<p>Hand-dyed wool is a craft technique. Each skein is hand-dyed, making it unique. Skeins from the same dye bath may have color variations. It is recommended to alternate skeins for a harmonious result.<\/p>\n<p>Hand washing recommended and lay flat to dry.<\/p>","protected":false},"excerpt":{"rendered":"<p>Discover\u00a0<strong>Doux comme un nuage<\/strong>, a hand-dyed artisanal yarn that transports you to a world of sweetness and serenity. This powder blue dye, inspired by sky and glacier blues, brings a touch of freshness and lightness to your creations. Ideal for projects that require a touch of elegance and refinement,\u00a0<strong>Doux comme un nuage<\/strong>\u00a0is perfect for creating airy shawls, delicate accessories, or pieces that enhance fair complexions and blue and green eyes. Each skein, carefully hand-dyed, ensures a unique and vibrant piece for your knitting or crochet. Let yourself be enveloped by the sweetness and lightness of\u00a0<strong>Doux comme un nuage<\/strong>\u00a0and create works that breathe serenity and daydreaming.<\/p>\n<p><em><strong>Hand-dyed yarn. Available for pre-order, delivery time 1 to 2 weeks.<\/strong><\/em><\/p>\n<p>If you would like your skeins to be wound, please do not hesitate to let us know when finalizing your order.<\/p>\n<p>Available in several colors, please select your choice of wool quality from the dropdown menu.<\/p>","protected":false},"featured_media":246590,"comment_status":"open","ping_status":"closed","template":"","meta":{"_seopress_robots_primary_cat":"none","_seopress_titles_title":"Doux comme un nuage - Laine artisanale teint\u00e9e \u00e0 la main, bleu poudr\u00e9 pour tricots et crochets","_seopress_titles_desc":"D\u00e9couvrez Doux comme un nuage, une laine artisanale teint\u00e9e \u00e0 la main dans un bleu poudr\u00e9 inspir\u00e9 des bleus ciel et glacier. Id\u00e9ale pour tricots et crochets \u00e9l\u00e9gants, cette laine apporte une touche de fra\u00eecheur et de l\u00e9g\u00e8ret\u00e9 \u00e0 vos cr\u00e9ations. Laine teinte \u00e0 la main, \u00e9cheveau unique pour des pi\u00e8ces exceptionnelles.","_seopress_robots_index":"","_et_pb_use_builder":"off","_et_pb_old_content":"Albertine est un coloris orange vibrant et lumineux. Ce bel orang\u00e9 sera parfait pour apporter une couleur pop \u00e0 vos projets tricots, tel qu'un contrastant \u00e0 chaussettes.\r\n\r\nAlbertine tient son nom de la p\u00e9tillante Albertine, petite rousse de onze ans, h\u00e9ro\u00efne du livre La Maison sous la maison d'Emilie Chazerand.","_et_gb_content_width":"","ep_exclude_from_search":false},"product_brand":[],"product_cat":[63],"product_tag":[],"class_list":{"0":"post-246443","1":"product","2":"type-product","3":"status-publish","4":"has-post-thumbnail","6":"product_cat-nuancier","8":"first","9":"instock","10":"shipping-taxable","11":"purchasable","12":"product-type-woosb"},"_links":{"self":[{"href":"https:\/\/www.inesgreen.com\/en\/wp-json\/wp\/v2\/product\/246443","targetHints":{"allow":["GET"]}}],"collection":[{"href":"https:\/\/www.inesgreen.com\/en\/wp-json\/wp\/v2\/product"}],"about":[{"href":"https:\/\/www.inesgreen.com\/en\/wp-json\/wp\/v2\/types\/product"}],"replies":[{"embeddable":true,"href":"https:\/\/www.inesgreen.com\/en\/wp-json\/wp\/v2\/comments?post=246443"}],"wp:featuredmedia":[{"embeddable":true,"href":"https:\/\/www.inesgreen.com\/en\/wp-json\/wp\/v2\/media\/246590"}],"wp:attachment":[{"href":"https:\/\/www.inesgreen.com\/en\/wp-json\/wp\/v2\/media?parent=246443"}],"wp:term":[{"taxonomy":"product_brand","embeddable":true,"href":"https:\/\/www.inesgreen.com\/en\/wp-json\/wp\/v2\/product_brand?post=246443"},{"taxonomy":"product_cat","embeddable":true,"href":"https:\/\/www.inesgreen.com\/en\/wp-json\/wp\/v2\/product_cat?post=246443"},{"taxonomy":"product_tag","embeddable":true,"href":"https:\/\/www.inesgreen.com\/en\/wp-json\/wp\/v2\/product_tag?post=246443"}],"curies":[{"name":"wp","href":"https:\/\/api.w.org\/{rel}","templated":true}]}}