{"id":246456,"date":"2024-09-25T14:39:10","date_gmt":"2024-09-25T12:39:10","guid":{"rendered":"https:\/\/www.inesgreen.com\/?post_type=product&#038;p=246456"},"modified":"2025-10-11T16:34:33","modified_gmt":"2025-10-11T14:34:33","slug":"belle-de-nuit","status":"publish","type":"product","link":"https:\/\/www.inesgreen.com\/en\/product\/belle-de-nuit\/","title":{"rendered":"Belle de nuit"},"content":{"rendered":"<p>For more information on the bases and yarns offered by In\u00e8s Green, <strong><a href=\"https:\/\/www.inesgreen.com\/en\/bases\/\" target=\"_blank\" rel=\"noopener\">consult the bases section.<\/a><\/strong><\/p>\n<p>The photographs are taken in natural daylight to achieve the closest possible color representation to reality. The image and colors may vary depending on your monitor settings and from one screen to another.<\/p>\n<p>Hand-dyed wool is a craft technique. Each skein is hand-dyed, making it unique. Skeins from the same dye bath may have color variations. It is recommended to alternate skeins for a harmonious result.<\/p>\n<p>Hand washing recommended and lay flat to dry.<\/p>","protected":false},"excerpt":{"rendered":"<p>Discover\u00a0<strong>Belle de nuit<\/strong>, a hand-dyed wool that embodies elegance and sophistication. This luminous and captivating fuchsia pink shade is designed for bold and remarkable women who dare to stand out. With its vibrant and seductive nuances, <strong>Belle de nuit<\/strong>\u00a0brings a touch of glamour and femininity to your creative projects. Ideal for crafting unique and elegant pieces, this hand-dyed artisan yarn ensures exceptional and vibrant creations. Let yourself be seduced by the light and beauty of\u00a0<strong>Belle de nuit<\/strong> and create knitwear that exudes confidence and audacity.<\/p>\n<p><em><strong>Hand-dyed wool.<\/strong><\/em><\/p>\n<p>Color available on <a href=\"https:\/\/www.inesgreen.com\/en\/bases\/\" target=\"_blank\" rel=\"noopener\"><strong>our different bases<\/strong><\/a>, please select from the dropdown menu the quality of wool of your choice.<\/p>","protected":false},"featured_media":246610,"comment_status":"open","ping_status":"closed","template":"","meta":{"_seopress_robots_primary_cat":"none","_seopress_titles_title":"Belle de nuit - Laine artisanale rose fuchsia lumineux","_seopress_titles_desc":"D\u00e9couvrez Belle de nuit, une laine artisanale teint\u00e9e \u00e0 la main rose fuchsia lumineux. Id\u00e9ale pour confectionner des pi\u00e8ces uniques et \u00e9l\u00e9gantes. Laine teinte \u00e0 la main pour des cr\u00e9ations exceptionnelles.","_seopress_robots_index":"","_et_pb_use_builder":"off","_et_pb_old_content":"Albertine est un coloris orange vibrant et lumineux. Ce bel orang\u00e9 sera parfait pour apporter une couleur pop \u00e0 vos projets tricots, tel qu'un contrastant \u00e0 chaussettes.\r\n\r\nAlbertine tient son nom de la p\u00e9tillante Albertine, petite rousse de onze ans, h\u00e9ro\u00efne du livre La Maison sous la maison d'Emilie Chazerand.","_et_gb_content_width":"","ep_exclude_from_search":false},"product_brand":[],"product_cat":[63],"product_tag":[],"class_list":{"0":"post-246456","1":"product","2":"type-product","3":"status-publish","4":"has-post-thumbnail","6":"product_cat-nuancier","8":"first","9":"instock","10":"shipping-taxable","11":"purchasable","12":"product-type-woosb"},"_links":{"self":[{"href":"https:\/\/www.inesgreen.com\/en\/wp-json\/wp\/v2\/product\/246456","targetHints":{"allow":["GET"]}}],"collection":[{"href":"https:\/\/www.inesgreen.com\/en\/wp-json\/wp\/v2\/product"}],"about":[{"href":"https:\/\/www.inesgreen.com\/en\/wp-json\/wp\/v2\/types\/product"}],"replies":[{"embeddable":true,"href":"https:\/\/www.inesgreen.com\/en\/wp-json\/wp\/v2\/comments?post=246456"}],"wp:featuredmedia":[{"embeddable":true,"href":"https:\/\/www.inesgreen.com\/en\/wp-json\/wp\/v2\/media\/246610"}],"wp:attachment":[{"href":"https:\/\/www.inesgreen.com\/en\/wp-json\/wp\/v2\/media?parent=246456"}],"wp:term":[{"taxonomy":"product_brand","embeddable":true,"href":"https:\/\/www.inesgreen.com\/en\/wp-json\/wp\/v2\/product_brand?post=246456"},{"taxonomy":"product_cat","embeddable":true,"href":"https:\/\/www.inesgreen.com\/en\/wp-json\/wp\/v2\/product_cat?post=246456"},{"taxonomy":"product_tag","embeddable":true,"href":"https:\/\/www.inesgreen.com\/en\/wp-json\/wp\/v2\/product_tag?post=246456"}],"curies":[{"name":"wp","href":"https:\/\/api.w.org\/{rel}","templated":true}]}}