{"id":248076,"date":"2025-01-15T17:25:16","date_gmt":"2025-01-15T16:25:16","guid":{"rendered":"https:\/\/www.inesgreen.com\/?post_type=product&#038;p=248076"},"modified":"2025-10-12T15:56:19","modified_gmt":"2025-10-12T13:56:19","slug":"moutarde","status":"publish","type":"product","link":"https:\/\/www.inesgreen.com\/en\/product\/moutarde\/","title":{"rendered":"Moutarde"},"content":{"rendered":"<p><strong>Hand-dyed skein, available in several yarn bases to choose from:<\/strong><\/p>\n<ul>\n<li><strong>Fingering Sock<\/strong>\u00a0\u2013 75% Superwash Merino, 25% Nylon \u2013 400m \/ 100g \u2013 needles 2.5 to 3.5 mm<\/li>\n<li><strong>Fingering Extra Fine<\/strong> \u2013 100% Superwash Merino 19.5 micron \u2013 400m \/ 100g \u2013 needles 2.5 to 3.5 mm<\/li>\n<li><strong>Single<\/strong> \u2013 100% Superwash Merino \u2013 366m \/ 100gr \u2013 needles 2.5 to 3.5 mm<\/li>\n<li><strong>DK Sock<\/strong>\u00a0\u2013 75% Superwash Merino, 25% Nylon \u2013 225m \/ 100gr \u2013 needles 3.5 to 4.5 mm<\/li>\n<li><strong>DK Merino<\/strong>\u00a0\u2013 100% Superwash Merino, 25% Nylon \u2013 225m \/ 100gr \u2013 needles 3.5 to 4.5 mm<\/li>\n<li><strong>Mohair &amp; Silk<\/strong> \u2013 72% Kid Mohair \u2013 28% Silk \u2013 Approximately 420m for 50gr \u2013 needles 2.5 to 4.5 mm<\/li>\n<\/ul>\n<p>The photographs are taken in natural daylight to achieve the closest possible color representation to reality. The image and colors may vary depending on your monitor settings and from one screen to another.<\/p>\n<p>Hand-dyed wool is a craft technique. Each skein is hand-dyed, making it unique. Skeins from the same dye bath may have color variations. It is recommended to alternate skeins for a harmonious result.<\/p>\n<p>Hand washing recommended and lay flat to dry.<\/p>","protected":false},"excerpt":{"rendered":"<div class=\"mb-md\">\n<div class=\"relative default font-sans text-base text-textMain dark:text-textMainDark selection:bg-super\/50 selection:text-textMain dark:selection:bg-superDuper\/10 dark:selection:text-superDark\">\n<div class=\"min-w-0 break-words [word-break:break-word]\">\n<div dir=\"auto\">\n<p>Plongez dans la richesse de <strong>Moutarde<\/strong>, une laine artisanale teint\u00e9e \u00e0 la main qui \u00e9voque les tons ocre vibrants et profonds de la nature. Inspir\u00e9e par les \u00e9pices chaudes, cette couleur r\u00e9confortante apporte une touche d&rsquo;\u00e9l\u00e9gance et de chaleur \u00e0 vos cr\u00e9ations laineuses. Id\u00e9ale pour des accessoires comme des ch\u00e2les ou des bonnets, <strong>Moutarde <\/strong>ajoute une dimension unique \u00e0 vos projets cr\u00e9atifs. Chaque \u00e9cheveau est soigneusement teint \u00e0 la main, garantissant une pi\u00e8ce exceptionnelle et pleine de caract\u00e8re pour vos tricots ou crochets.<\/p>\n<p><em><strong>Laine teinte \u00e0 la main.<\/strong><\/em><\/p>\n<\/div>\n<\/div>\n<\/div>\n<\/div>\n<div class=\"mt-sm flex items-center justify-between\">\n<div class=\"-ml-sm flex items-center gap-xs\">\n<div class=\"flex items-center min-w-0 justify-center gap-xs\">\n<p class=\"text-align-center relative truncate leading-loose\">Si vous souhaitez que vos \u00e9cheveaux soient bobin\u00e9s, n&rsquo;h\u00e9sitez pas \u00e0 le communiquer lors de la validation de votre commande.<\/p>\n<p class=\"text-align-center relative truncate leading-loose\">Coloris disponible sur plusieurs bases, veuillez s\u00e9lectionner dans le menu d\u00e9roulant la qualit\u00e9 de laine de votre choix.<\/p>\n<\/div>\n<\/div>\n<\/div>\n","protected":false},"featured_media":248057,"comment_status":"open","ping_status":"closed","template":"","meta":{"_seopress_robots_primary_cat":"none","_seopress_titles_title":"Laine Teint\u00e9e \u00e0 la Main en Couleur Moutarde - In\u00e8s Green","_seopress_titles_desc":"Explorez notre laine artisanale teint\u00e9e \u00e0 la main en couleur Moutarde, \u00e9voquant les tons ocre vibrants de la nature. Id\u00e9ale pour des accessoires comme des \u00e9charpes ou des bonnets, cette nuance chaude et \u00e9l\u00e9gante ajoute une dimension unique \u00e0 vos projets textiles. Chaque \u00e9cheveau est soigneusement teint \u00e0 la main, garantissant une pi\u00e8ce exceptionnelle pleine de caract\u00e8re. D\u00e9couvrez l'authenticit\u00e9 et la chaleur de Moutarde sur In\u00e8s Green.","_seopress_robots_index":"","_et_pb_use_builder":"off","_et_pb_old_content":"Albertine est un coloris orange vibrant et lumineux. Ce bel orang\u00e9 sera parfait pour apporter une couleur pop \u00e0 vos projets tricots, tel qu'un contrastant \u00e0 chaussettes.\r\n\r\nAlbertine tient son nom de la p\u00e9tillante Albertine, petite rousse de onze ans, h\u00e9ro\u00efne du livre La Maison sous la maison d'Emilie Chazerand.","_et_gb_content_width":"","ep_exclude_from_search":false},"product_brand":[],"product_cat":[63],"product_tag":[],"class_list":{"0":"post-248076","1":"product","2":"type-product","3":"status-publish","4":"has-post-thumbnail","6":"product_cat-nuancier","8":"first","9":"instock","10":"shipping-taxable","11":"purchasable","12":"product-type-woosb"},"_links":{"self":[{"href":"https:\/\/www.inesgreen.com\/en\/wp-json\/wp\/v2\/product\/248076","targetHints":{"allow":["GET"]}}],"collection":[{"href":"https:\/\/www.inesgreen.com\/en\/wp-json\/wp\/v2\/product"}],"about":[{"href":"https:\/\/www.inesgreen.com\/en\/wp-json\/wp\/v2\/types\/product"}],"replies":[{"embeddable":true,"href":"https:\/\/www.inesgreen.com\/en\/wp-json\/wp\/v2\/comments?post=248076"}],"wp:featuredmedia":[{"embeddable":true,"href":"https:\/\/www.inesgreen.com\/en\/wp-json\/wp\/v2\/media\/248057"}],"wp:attachment":[{"href":"https:\/\/www.inesgreen.com\/en\/wp-json\/wp\/v2\/media?parent=248076"}],"wp:term":[{"taxonomy":"product_brand","embeddable":true,"href":"https:\/\/www.inesgreen.com\/en\/wp-json\/wp\/v2\/product_brand?post=248076"},{"taxonomy":"product_cat","embeddable":true,"href":"https:\/\/www.inesgreen.com\/en\/wp-json\/wp\/v2\/product_cat?post=248076"},{"taxonomy":"product_tag","embeddable":true,"href":"https:\/\/www.inesgreen.com\/en\/wp-json\/wp\/v2\/product_tag?post=248076"}],"curies":[{"name":"wp","href":"https:\/\/api.w.org\/{rel}","templated":true}]}}