{"id":248936,"date":"2025-03-10T15:45:16","date_gmt":"2025-03-10T14:45:16","guid":{"rendered":"https:\/\/www.inesgreen.com\/?post_type=product&#038;p=248936"},"modified":"2026-04-18T08:04:16","modified_gmt":"2026-04-18T06:04:16","slug":"kit-chaussettes-charlottes-aux-fraises","status":"publish","type":"product","link":"https:\/\/www.inesgreen.com\/en\/product\/kit-chaussettes-charlottes-aux-fraises\/","title":{"rendered":"Charlotte aux Fraises Socks Kit"},"content":{"rendered":"<p><strong>Hand-dyed wool.<\/strong><\/p>\n<p><strong>\u2022 Fingering Sock<\/strong> &#8211; 75% Superwash Merino, 25% Nylon<\/p>\n<p>The photographs are taken in natural daylight to achieve the closest possible color representation to reality. The image and colors may vary depending on your monitor settings and from one screen to another.<\/p>\n<p>Hand-dyed wool is a craft technique. Each skein is hand-dyed, making it unique. Skeins from the same dye bath may have color variations. It is recommended to alternate skeins for a harmonious result.<\/p>\n<p>Hand washing recommended and lay flat to dry.<\/p>","protected":false},"excerpt":{"rendered":"<p>Give in to indulgence with the\u00a0<strong>Charlotte aux Fraises Socks Kit<\/strong>, a savory trio of hand-dyed wool skeins with deliciously fruity nuances. The main skein, <strong>cream sprinkled with fluorescent pink and bright green shards,<\/strong> evokes a sweet, spring-like sweetness.<br \/>\n<strong>Accompanied by the mini skeins \"fraise des bois\", with its tangy pink hue, and \"calice\", in soft green<\/strong> reminding of fresh leaves, this kit of <strong>artisanal wool<\/strong> is ideal for knitting sparkling and original socks. Thanks to this hand-dyed yarn, give your feet a <strong>vitamin boost and joyful touch<\/strong>, inspired by the simple pleasures of childhood.<\/p>\n<p><strong>Kit including 1 skein of 50gr in the main color and 2 contrasting minis of 20gr each.<br \/>\nFingering sock 75% merino sw and 25% nylon.<\/strong><\/p>\n<p><em>Hand-dyed wool.<\/em><\/p>","protected":false},"featured_media":249142,"comment_status":"open","ping_status":"closed","template":"","meta":{"_seopress_robots_primary_cat":"none","_seopress_titles_title":"Kit Chaussettes Charlottes aux fraises - Laine teinte main | In\u00e8s Green","_seopress_titles_desc":"Savourez la douceur fruit\u00e9e avec notre Kit Chaussettes Charlottes aux fraises. \u00c9cheveaux de laine artisanale aux teintes gourmandes pour tricoter des chaussettes uniques et p\u00e9tillantes. Cr\u00e9ez votre accessoire vitamin\u00e9 d\u00e8s maintenant !","_seopress_robots_index":"","_et_pb_use_builder":"off","_et_pb_old_content":"Albertine est un coloris orange vibrant et lumineux. Ce bel orang\u00e9 sera parfait pour apporter une couleur pop \u00e0 vos projets tricots, tel qu'un contrastant \u00e0 chaussettes.\r\n\r\nAlbertine tient son nom de la p\u00e9tillante Albertine, petite rousse de onze ans, h\u00e9ro\u00efne du livre La Maison sous la maison d'Emilie Chazerand.","_et_gb_content_width":"","ep_exclude_from_search":false},"product_brand":[],"product_cat":[76],"product_tag":[],"class_list":{"0":"post-248936","1":"product","2":"type-product","3":"status-publish","4":"has-post-thumbnail","6":"product_cat-kits-chaussettes","8":"first","9":"instock","10":"shipping-taxable","11":"purchasable","12":"product-type-simple"},"_links":{"self":[{"href":"https:\/\/www.inesgreen.com\/en\/wp-json\/wp\/v2\/product\/248936","targetHints":{"allow":["GET"]}}],"collection":[{"href":"https:\/\/www.inesgreen.com\/en\/wp-json\/wp\/v2\/product"}],"about":[{"href":"https:\/\/www.inesgreen.com\/en\/wp-json\/wp\/v2\/types\/product"}],"replies":[{"embeddable":true,"href":"https:\/\/www.inesgreen.com\/en\/wp-json\/wp\/v2\/comments?post=248936"}],"wp:featuredmedia":[{"embeddable":true,"href":"https:\/\/www.inesgreen.com\/en\/wp-json\/wp\/v2\/media\/249142"}],"wp:attachment":[{"href":"https:\/\/www.inesgreen.com\/en\/wp-json\/wp\/v2\/media?parent=248936"}],"wp:term":[{"taxonomy":"product_brand","embeddable":true,"href":"https:\/\/www.inesgreen.com\/en\/wp-json\/wp\/v2\/product_brand?post=248936"},{"taxonomy":"product_cat","embeddable":true,"href":"https:\/\/www.inesgreen.com\/en\/wp-json\/wp\/v2\/product_cat?post=248936"},{"taxonomy":"product_tag","embeddable":true,"href":"https:\/\/www.inesgreen.com\/en\/wp-json\/wp\/v2\/product_tag?post=248936"}],"curies":[{"name":"wp","href":"https:\/\/api.w.org\/{rel}","templated":true}]}}