{"id":250105,"date":"2025-08-08T11:44:46","date_gmt":"2025-08-08T09:44:46","guid":{"rendered":"https:\/\/www.inesgreen.com\/?post_type=product&#038;p=250105"},"modified":"2026-04-10T10:58:24","modified_gmt":"2026-04-10T08:58:24","slug":"kit-chaussettes-fraisier","status":"publish","type":"product","link":"https:\/\/www.inesgreen.com\/en\/product\/kit-chaussettes-fraisier\/","title":{"rendered":"Fraisier Socks Kit"},"content":{"rendered":"<p><strong>Hand-dyed wool.<\/strong><\/p>\n<p><strong>\u2022 Fingering Sock<\/strong> 75% Superwash Merino, 25% Nylon<\/p>\n<p>The photographs are taken in natural daylight to achieve the closest possible color representation to reality. The image and colors may vary depending on your monitor settings and from one screen to another.<\/p>\n<p>Hand-dyed wool is a craft technique. Each skein is hand-dyed, making it unique. Skeins from the same dye bath may have color variations. It is recommended to alternate skeins for a harmonious result.<\/p>\n<p>Hand washing recommended and lay flat to dry.<\/p>","protected":false},"excerpt":{"rendered":"<p>Fall for the <strong>Fraisier Socks Kit<\/strong>, a gourmet assortment of hand-dyed wool that blends sweetness and pep. The main skein \u00ab <strong>Fraisier<\/strong> \u00bb, natural beige speckled with pink and green, is available in 50gr. It comes with two contrasting minis: \u00ab <strong>Rose des bois<\/strong> \u00bb, a rose jus de fraise between red and pink for vibrant edges, heels, or tips, and \u00ab <strong>Vert des bois<\/strong> \u00bb, a nuanced green from light to deep, reminiscent of the forest. An ideal kit of handcrafted wool for <strong>unique socks<\/strong>, modern and bright.<\/p>\n<p><strong>Kit including 1 skein of 50gr in the main color and 2 contrasting minis of 20gr each.<br \/>\nFingering sock: 75% merino wool and 25% nylon.<\/strong><\/p>\n<p><em>Hand-dyed wool.<\/em><\/p>","protected":false},"featured_media":250114,"comment_status":"open","ping_status":"closed","template":"","meta":{"_seopress_robots_primary_cat":"none","_seopress_titles_title":"Kit chaussettes Fraisier \u2013 \u00e9cheveau naturel avec minis rose et vert | In\u00e8s Green","_seopress_titles_desc":"Kit chaussettes Fraisier: \u00e9cheveau beige mouchet\u00e9 rose\/vert + deux minis \u00ab Rose des bois \u00bb et \u00ab Vert des bois \u00bb. Laine teinte \u00e0 la main, \u00e9clat artisanal.","_seopress_robots_index":"","_et_pb_use_builder":"off","_et_pb_old_content":"Albertine est un coloris orange vibrant et lumineux. Ce bel orang\u00e9 sera parfait pour apporter une couleur pop \u00e0 vos projets tricots, tel qu'un contrastant \u00e0 chaussettes.\r\n\r\nAlbertine tient son nom de la p\u00e9tillante Albertine, petite rousse de onze ans, h\u00e9ro\u00efne du livre La Maison sous la maison d'Emilie Chazerand.","_et_gb_content_width":"","ep_exclude_from_search":false},"product_brand":[],"product_cat":[76],"product_tag":[],"class_list":{"0":"post-250105","1":"product","2":"type-product","3":"status-publish","4":"has-post-thumbnail","6":"product_cat-kits-chaussettes","8":"first","9":"instock","10":"shipping-taxable","11":"purchasable","12":"product-type-simple"},"_links":{"self":[{"href":"https:\/\/www.inesgreen.com\/en\/wp-json\/wp\/v2\/product\/250105","targetHints":{"allow":["GET"]}}],"collection":[{"href":"https:\/\/www.inesgreen.com\/en\/wp-json\/wp\/v2\/product"}],"about":[{"href":"https:\/\/www.inesgreen.com\/en\/wp-json\/wp\/v2\/types\/product"}],"replies":[{"embeddable":true,"href":"https:\/\/www.inesgreen.com\/en\/wp-json\/wp\/v2\/comments?post=250105"}],"wp:featuredmedia":[{"embeddable":true,"href":"https:\/\/www.inesgreen.com\/en\/wp-json\/wp\/v2\/media\/250114"}],"wp:attachment":[{"href":"https:\/\/www.inesgreen.com\/en\/wp-json\/wp\/v2\/media?parent=250105"}],"wp:term":[{"taxonomy":"product_brand","embeddable":true,"href":"https:\/\/www.inesgreen.com\/en\/wp-json\/wp\/v2\/product_brand?post=250105"},{"taxonomy":"product_cat","embeddable":true,"href":"https:\/\/www.inesgreen.com\/en\/wp-json\/wp\/v2\/product_cat?post=250105"},{"taxonomy":"product_tag","embeddable":true,"href":"https:\/\/www.inesgreen.com\/en\/wp-json\/wp\/v2\/product_tag?post=250105"}],"curies":[{"name":"wp","href":"https:\/\/api.w.org\/{rel}","templated":true}]}}