{"id":251469,"date":"2025-10-02T20:39:01","date_gmt":"2025-10-02T18:39:01","guid":{"rendered":"https:\/\/www.inesgreen.com\/?post_type=product&#038;p=251469"},"modified":"2025-10-18T15:24:58","modified_gmt":"2025-10-18T13:24:58","slug":"aiguilles-a-laine-en-bois-knit-pro-mindfull","status":"publish","type":"product","link":"https:\/\/www.inesgreen.com\/en\/product\/aiguilles-a-laine-en-bois-knit-pro-mindfull\/","title":{"rendered":"Knit Pro Mindfull wooden knitting needles"},"content":{"rendered":"<p>Knit Pro wooden knitting needles with matching wooden case, a beautiful knitting accessory, allowing you to tuck in the yarn and achieve perfect finishes.<\/p>\n<p><strong>Brand: Knit Pro<\/strong><\/p>","protected":false},"excerpt":{"rendered":"<p>The <strong>Mindfull Knit Pro wooden knitting needles<\/strong> are the perfect tool for weaving in ends and creating finishing rows easily and with sweetness.<br \/>\nWe love them for their comfort, the <strong>wood is extremely soft<\/strong>, which makes their use particularly pleasant.<\/p>\n<p>They are large and very easy to handle. <strong>The<\/strong> <strong>chas is specifically designed to insert thick wool threads<\/strong>. <strong>You won't be able to do without it anymore!<\/strong><\/p>\n<p><strong>Brand Knit Pro<\/strong><\/p>\n<p><strong>Needle sizes: 9 cm and 8.5 cm<\/strong><\/p>\n<p><strong>4 knitting needles<\/strong> in beautiful wooden box with a matching pouch from the Mindfull range.<\/p>","protected":false},"featured_media":251470,"comment_status":"open","ping_status":"closed","template":"","meta":{"_seopress_robots_primary_cat":"none","_seopress_titles_title":"Aiguilles \u00e0 laine en bois pour rentrer les fils en tricot - KnitPro Mindfull - In\u00e8s Green","_seopress_titles_desc":"Aiguilles en bois Knit Pro avec \u00e9tui assorti en bois, un magnifique accessoire tricot, permettant de rentrer les fils en tricot et r\u00e9aliser des finitions parfaites.","_seopress_robots_index":"","_et_pb_use_builder":"","_et_pb_old_content":"","_et_gb_content_width":"","ep_exclude_from_search":false},"product_brand":[],"product_cat":[102],"product_tag":[],"class_list":{"0":"post-251469","1":"product","2":"type-product","3":"status-publish","4":"has-post-thumbnail","6":"product_cat-mercerie","8":"first","9":"instock","10":"shipping-taxable","11":"purchasable","12":"product-type-simple"},"_links":{"self":[{"href":"https:\/\/www.inesgreen.com\/en\/wp-json\/wp\/v2\/product\/251469","targetHints":{"allow":["GET"]}}],"collection":[{"href":"https:\/\/www.inesgreen.com\/en\/wp-json\/wp\/v2\/product"}],"about":[{"href":"https:\/\/www.inesgreen.com\/en\/wp-json\/wp\/v2\/types\/product"}],"replies":[{"embeddable":true,"href":"https:\/\/www.inesgreen.com\/en\/wp-json\/wp\/v2\/comments?post=251469"}],"wp:featuredmedia":[{"embeddable":true,"href":"https:\/\/www.inesgreen.com\/en\/wp-json\/wp\/v2\/media\/251470"}],"wp:attachment":[{"href":"https:\/\/www.inesgreen.com\/en\/wp-json\/wp\/v2\/media?parent=251469"}],"wp:term":[{"taxonomy":"product_brand","embeddable":true,"href":"https:\/\/www.inesgreen.com\/en\/wp-json\/wp\/v2\/product_brand?post=251469"},{"taxonomy":"product_cat","embeddable":true,"href":"https:\/\/www.inesgreen.com\/en\/wp-json\/wp\/v2\/product_cat?post=251469"},{"taxonomy":"product_tag","embeddable":true,"href":"https:\/\/www.inesgreen.com\/en\/wp-json\/wp\/v2\/product_tag?post=251469"}],"curies":[{"name":"wp","href":"https:\/\/api.w.org\/{rel}","templated":true}]}}