{"id":251660,"date":"2025-10-10T11:01:51","date_gmt":"2025-10-10T09:01:51","guid":{"rendered":"https:\/\/www.inesgreen.com\/?post_type=product&#038;p=251660"},"modified":"2025-12-19T09:18:14","modified_gmt":"2025-12-19T08:18:14","slug":"metre-ruban-chiaogoo","status":"publish","type":"product","link":"https:\/\/www.inesgreen.com\/en\/product\/metre-ruban-chiaogoo\/","title":{"rendered":"ChiaoGoo Tape Measure"},"content":{"rendered":"<p>Tape measure for sewing, knitting, crochet. Size 5 x 5 cm.<\/p>\n<p><strong>Brand: Chiaogoo<\/strong><\/p>","protected":false},"excerpt":{"rendered":"<p>In addition to being very elegant, the <strong>ChiaoGoo measuring tape<\/strong> is essential for all knitters <strong>measure your knitting<\/strong>It will easily slip into your sewing, crochet, or knitting kits.<br \/>\nEngraving of the logo on the front side.<br \/>\nPush button for <strong>automatic wrapping<\/strong>.<\/p>\n<p><strong>Brand ChiaoGoo<\/strong><\/p>\n<p><strong>150 cm flexible measuring tape.<br \/>\nRibbon width: 7 mm.<\/strong><\/p>","protected":false},"featured_media":251662,"comment_status":"open","ping_status":"closed","template":"","meta":{"_seopress_robots_primary_cat":"none","_seopress_titles_title":"M\u00e8tre ruban tricot - ChiaoGoo - In\u00e8s Green","_seopress_titles_desc":"En plus d'\u00eatre tr\u00e8s \u00e9l\u00e9gant, le m\u00e8tre ruban ChiaoGoo est indispensable \u00e0 toutes les tricoteuses pour mesurer son tricot. Il se glissera ais\u00e9ment dans vos trousses de couture ou tricot.","_seopress_robots_index":"","_et_pb_use_builder":"","_et_pb_old_content":"","_et_gb_content_width":"","ep_exclude_from_search":false},"product_brand":[],"product_cat":[102],"product_tag":[],"class_list":{"0":"post-251660","1":"product","2":"type-product","3":"status-publish","4":"has-post-thumbnail","6":"product_cat-mercerie","8":"first","9":"instock","10":"shipping-taxable","11":"purchasable","12":"product-type-simple"},"_links":{"self":[{"href":"https:\/\/www.inesgreen.com\/en\/wp-json\/wp\/v2\/product\/251660","targetHints":{"allow":["GET"]}}],"collection":[{"href":"https:\/\/www.inesgreen.com\/en\/wp-json\/wp\/v2\/product"}],"about":[{"href":"https:\/\/www.inesgreen.com\/en\/wp-json\/wp\/v2\/types\/product"}],"replies":[{"embeddable":true,"href":"https:\/\/www.inesgreen.com\/en\/wp-json\/wp\/v2\/comments?post=251660"}],"wp:featuredmedia":[{"embeddable":true,"href":"https:\/\/www.inesgreen.com\/en\/wp-json\/wp\/v2\/media\/251662"}],"wp:attachment":[{"href":"https:\/\/www.inesgreen.com\/en\/wp-json\/wp\/v2\/media?parent=251660"}],"wp:term":[{"taxonomy":"product_brand","embeddable":true,"href":"https:\/\/www.inesgreen.com\/en\/wp-json\/wp\/v2\/product_brand?post=251660"},{"taxonomy":"product_cat","embeddable":true,"href":"https:\/\/www.inesgreen.com\/en\/wp-json\/wp\/v2\/product_cat?post=251660"},{"taxonomy":"product_tag","embeddable":true,"href":"https:\/\/www.inesgreen.com\/en\/wp-json\/wp\/v2\/product_tag?post=251660"}],"curies":[{"name":"wp","href":"https:\/\/api.w.org\/{rel}","templated":true}]}}