{"id":251695,"date":"2025-10-10T18:28:01","date_gmt":"2025-10-10T16:28:01","guid":{"rendered":"https:\/\/www.inesgreen.com\/?post_type=product&#038;p=251695"},"modified":"2025-10-12T12:34:34","modified_gmt":"2025-10-12T10:34:34","slug":"aiguilles-a-laine-13-tulip","status":"publish","type":"product","link":"https:\/\/www.inesgreen.com\/en\/product\/aiguilles-a-laine-13-tulip\/","title":{"rendered":"Tulip Knitting Needles n\u00b013"},"content":{"rendered":"<p>Knitting needles for weaving in yarn ends and achieving flawless finishes. Needles with rounded tips.<\/p>\n<p>Tapestry needles n\u00b013<\/p>\n<p><strong>Brand: Tulip<\/strong><\/p>","protected":false},"excerpt":{"rendered":"<p>The <strong>knitting needles <\/strong>also known as<strong> tapestry needles<\/strong> are ideal for weaving in ends and creating edges and finishing rows in knitting.<br \/>\n<strong>Round-tipped needles.<\/strong><br \/>\nThey are very practical and easy to handle. A must-have to slip into your knitting accessories pouch.<\/p>\n<p><strong>Tapestry needles n\u00b013<\/strong><\/p>\n<p><strong>Needle sizes: 7.5 cm<\/strong><\/p>\n<p><strong>Set of 2 needles<\/strong><\/p>","protected":false},"featured_media":251696,"comment_status":"open","ping_status":"closed","template":"","meta":{"_seopress_robots_primary_cat":"none","_seopress_titles_title":"Aiguilles \u00e0 laine n\u00b013 pour rentrer les fils en tricot - Tulip - In\u00e8s Green","_seopress_titles_desc":"Les aiguilles \u00e0 laine aussi appel\u00e9es aiguilles \u00e0 tapisserie sont id\u00e9ales pour rentrer les fils.\r\nAiguilles \u00e0 bout rond.\r\n\r\nElles sont tr\u00e8s pratiques et maniables. A glisser dans votre trousse d'accessoires tricot.","_seopress_robots_index":"","_et_pb_use_builder":"","_et_pb_old_content":"","_et_gb_content_width":"","ep_exclude_from_search":false},"product_brand":[],"product_cat":[102],"product_tag":[],"class_list":{"0":"post-251695","1":"product","2":"type-product","3":"status-publish","4":"has-post-thumbnail","6":"product_cat-mercerie","8":"first","9":"instock","10":"shipping-taxable","11":"purchasable","12":"product-type-simple"},"_links":{"self":[{"href":"https:\/\/www.inesgreen.com\/en\/wp-json\/wp\/v2\/product\/251695","targetHints":{"allow":["GET"]}}],"collection":[{"href":"https:\/\/www.inesgreen.com\/en\/wp-json\/wp\/v2\/product"}],"about":[{"href":"https:\/\/www.inesgreen.com\/en\/wp-json\/wp\/v2\/types\/product"}],"replies":[{"embeddable":true,"href":"https:\/\/www.inesgreen.com\/en\/wp-json\/wp\/v2\/comments?post=251695"}],"wp:featuredmedia":[{"embeddable":true,"href":"https:\/\/www.inesgreen.com\/en\/wp-json\/wp\/v2\/media\/251696"}],"wp:attachment":[{"href":"https:\/\/www.inesgreen.com\/en\/wp-json\/wp\/v2\/media?parent=251695"}],"wp:term":[{"taxonomy":"product_brand","embeddable":true,"href":"https:\/\/www.inesgreen.com\/en\/wp-json\/wp\/v2\/product_brand?post=251695"},{"taxonomy":"product_cat","embeddable":true,"href":"https:\/\/www.inesgreen.com\/en\/wp-json\/wp\/v2\/product_cat?post=251695"},{"taxonomy":"product_tag","embeddable":true,"href":"https:\/\/www.inesgreen.com\/en\/wp-json\/wp\/v2\/product_tag?post=251695"}],"curies":[{"name":"wp","href":"https:\/\/api.w.org\/{rel}","templated":true}]}}