{"id":251702,"date":"2025-10-10T19:18:40","date_gmt":"2025-10-10T17:18:40","guid":{"rendered":"https:\/\/www.inesgreen.com\/?post_type=product&#038;p=251702"},"modified":"2025-10-12T12:34:34","modified_gmt":"2025-10-12T10:34:34","slug":"gleener-swift","status":"publish","type":"product","link":"https:\/\/www.inesgreen.com\/en\/product\/gleener-swift\/","title":{"rendered":"Gleener Swift"},"content":{"rendered":"<p>Gleener Swift made of recycled plastic and has an ergonomic design for a comfortable grip.<\/p>\n<p>Included with 2 brushes<\/p>\n<p><strong>Brand: Gleener<\/strong><\/p>","protected":false},"excerpt":{"rendered":"<p><strong>Extend the life and beauty<\/strong> of your <strong>woolen garments<\/strong> thanks to the Gleener Swift razor. It allows you to <strong>shave and remove the pills<\/strong> on synthetic fabrics, cotton, and wool.<\/p>\n<p><strong>Includes 2 interchangeable heads<\/strong> : a brush for thick woolen fabrics or heavy materials, a second brush for medium and fine woolen fabrics.<\/p>\n<p>Very practical, the brush that is not used fits into the handle.<\/p>","protected":false},"featured_media":251703,"comment_status":"open","ping_status":"closed","template":"","meta":{"_seopress_robots_primary_cat":"none","_seopress_titles_title":"Gleener Swift - Entretien des pulls en laine - In\u00e8s Green","_seopress_titles_desc":"Prolongez la vie et la beaut\u00e9 de vos v\u00eatements en laine gr\u00e2ce au rasoir Gleener Swift. Fourni avec 2 t\u00eates interchangeables. Il permet de raser et retirer les bouloches sur les tissus synth\u00e9tiques, les cotons et la laine.","_seopress_robots_index":"","_et_pb_use_builder":"","_et_pb_old_content":"","_et_gb_content_width":"","ep_exclude_from_search":false},"product_brand":[],"product_cat":[102],"product_tag":[],"class_list":{"0":"post-251702","1":"product","2":"type-product","3":"status-publish","4":"has-post-thumbnail","6":"product_cat-mercerie","8":"first","9":"instock","10":"shipping-taxable","11":"purchasable","12":"product-type-simple"},"_links":{"self":[{"href":"https:\/\/www.inesgreen.com\/en\/wp-json\/wp\/v2\/product\/251702","targetHints":{"allow":["GET"]}}],"collection":[{"href":"https:\/\/www.inesgreen.com\/en\/wp-json\/wp\/v2\/product"}],"about":[{"href":"https:\/\/www.inesgreen.com\/en\/wp-json\/wp\/v2\/types\/product"}],"replies":[{"embeddable":true,"href":"https:\/\/www.inesgreen.com\/en\/wp-json\/wp\/v2\/comments?post=251702"}],"wp:featuredmedia":[{"embeddable":true,"href":"https:\/\/www.inesgreen.com\/en\/wp-json\/wp\/v2\/media\/251703"}],"wp:attachment":[{"href":"https:\/\/www.inesgreen.com\/en\/wp-json\/wp\/v2\/media?parent=251702"}],"wp:term":[{"taxonomy":"product_brand","embeddable":true,"href":"https:\/\/www.inesgreen.com\/en\/wp-json\/wp\/v2\/product_brand?post=251702"},{"taxonomy":"product_cat","embeddable":true,"href":"https:\/\/www.inesgreen.com\/en\/wp-json\/wp\/v2\/product_cat?post=251702"},{"taxonomy":"product_tag","embeddable":true,"href":"https:\/\/www.inesgreen.com\/en\/wp-json\/wp\/v2\/product_tag?post=251702"}],"curies":[{"name":"wp","href":"https:\/\/api.w.org\/{rel}","templated":true}]}}