{"id":251885,"date":"2025-10-12T10:03:24","date_gmt":"2025-10-12T08:03:24","guid":{"rendered":"https:\/\/www.inesgreen.com\/?post_type=product&#038;p=251885"},"modified":"2025-12-28T23:04:51","modified_gmt":"2025-12-28T22:04:51","slug":"progress-keeper-brin-muguet","status":"publish","type":"product","link":"https:\/\/www.inesgreen.com\/en\/product\/progress-keeper-brin-muguet\/","title":{"rendered":"Progress keeper brin de muguet"},"content":{"rendered":"<p>Hand-assembled progress keeper.<\/p>\n<p>Sold individually.<\/p>","protected":false},"excerpt":{"rendered":"<p><strong>Progress keeper brin de muguet.<br \/>\n<\/strong>The progress keeper helps you track your progress on your knitting or crochet work in progress.<br \/>\nWhen you drop a stitch, you can use the carabiner to retrieve it while waiting to repair your knitting.<br \/>\nHandmade in limited edition.<br \/>\nLittle carabiner<strong> 9 mm, opening of 3 mm.<\/strong><\/p>\n<p><strong>Gilded with 18K gold.<\/strong><\/p>","protected":false},"featured_media":251888,"comment_status":"open","ping_status":"closed","template":"","meta":{"_seopress_robots_primary_cat":"none","_seopress_titles_title":"Progress keeper brin de muguet - Accessoire tricot In\u00e8s Green","_seopress_titles_desc":"Le progress keeper est l'outil indispensable pour rep\u00e9rer son avanc\u00e9e sur son ouvrage tricot, crochet. Il permet de rattraper une maille perdue. A collectionner!","_seopress_robots_index":"","_et_pb_use_builder":"","_et_pb_old_content":"","_et_gb_content_width":"","ep_exclude_from_search":false},"product_brand":[],"product_cat":[122],"product_tag":[],"class_list":{"0":"post-251885","1":"product","2":"type-product","3":"status-publish","4":"has-post-thumbnail","6":"product_cat-progress-keeper","8":"first","9":"instock","10":"shipping-taxable","11":"purchasable","12":"product-type-simple"},"_links":{"self":[{"href":"https:\/\/www.inesgreen.com\/en\/wp-json\/wp\/v2\/product\/251885","targetHints":{"allow":["GET"]}}],"collection":[{"href":"https:\/\/www.inesgreen.com\/en\/wp-json\/wp\/v2\/product"}],"about":[{"href":"https:\/\/www.inesgreen.com\/en\/wp-json\/wp\/v2\/types\/product"}],"replies":[{"embeddable":true,"href":"https:\/\/www.inesgreen.com\/en\/wp-json\/wp\/v2\/comments?post=251885"}],"wp:featuredmedia":[{"embeddable":true,"href":"https:\/\/www.inesgreen.com\/en\/wp-json\/wp\/v2\/media\/251888"}],"wp:attachment":[{"href":"https:\/\/www.inesgreen.com\/en\/wp-json\/wp\/v2\/media?parent=251885"}],"wp:term":[{"taxonomy":"product_brand","embeddable":true,"href":"https:\/\/www.inesgreen.com\/en\/wp-json\/wp\/v2\/product_brand?post=251885"},{"taxonomy":"product_cat","embeddable":true,"href":"https:\/\/www.inesgreen.com\/en\/wp-json\/wp\/v2\/product_cat?post=251885"},{"taxonomy":"product_tag","embeddable":true,"href":"https:\/\/www.inesgreen.com\/en\/wp-json\/wp\/v2\/product_tag?post=251885"}],"curies":[{"name":"wp","href":"https:\/\/api.w.org\/{rel}","templated":true}]}}