{"id":251940,"date":"2025-10-12T11:49:47","date_gmt":"2025-10-12T09:49:47","guid":{"rendered":"https:\/\/www.inesgreen.com\/?post_type=product&#038;p=251940"},"modified":"2026-03-24T13:59:58","modified_gmt":"2026-03-24T12:59:58","slug":"etiquette-mon-pull-doudou","status":"publish","type":"product","link":"https:\/\/www.inesgreen.com\/en\/product\/etiquette-mon-pull-doudou\/","title":{"rendered":"My cocoon sweater"},"content":{"rendered":"<p>Sew-on cotton label.<\/p>\n<p>Sold individually.<\/p>","protected":false},"excerpt":{"rendered":"<p><strong>Sew-on label \u00ab my cocoon sweater \u00bb.<br \/>\n<\/strong>The labels are made of 100% cotton.<br \/>\nPre-folded edges. Easy to sew. Doesn't scratch.<\/p>\n<p>Label to sew onto your knitted or crocheted work. Helps identify the front from the back of the sweater and enhances your garment.<\/p>\n<p><strong>Cream cotton with brown writing.<\/strong><strong><br \/>\n<\/strong><strong>Size: 6 x 2 cm<\/strong><\/p>","protected":false},"featured_media":251952,"comment_status":"open","ping_status":"closed","template":"","meta":{"_seopress_robots_primary_cat":"none","_seopress_titles_title":"Etiquette \u00e0 coudre mon pull doudou - In\u00e8s Green","_seopress_titles_desc":"Etiquette \u00e0 coudre sur votre ouvrage tricot ou crochet. Permet de rep\u00e9rer le devant du dos du pull. Ne gratte pas, en 100% coton.","_seopress_robots_index":"","_et_pb_use_builder":"","_et_pb_old_content":"","_et_gb_content_width":"","ep_exclude_from_search":false},"product_brand":[],"product_cat":[121],"product_tag":[],"class_list":{"0":"post-251940","1":"product","2":"type-product","3":"status-publish","4":"has-post-thumbnail","6":"product_cat-etiquettes-a-coudre","8":"first","9":"instock","10":"shipping-taxable","11":"purchasable","12":"product-type-simple"},"_links":{"self":[{"href":"https:\/\/www.inesgreen.com\/en\/wp-json\/wp\/v2\/product\/251940","targetHints":{"allow":["GET"]}}],"collection":[{"href":"https:\/\/www.inesgreen.com\/en\/wp-json\/wp\/v2\/product"}],"about":[{"href":"https:\/\/www.inesgreen.com\/en\/wp-json\/wp\/v2\/types\/product"}],"replies":[{"embeddable":true,"href":"https:\/\/www.inesgreen.com\/en\/wp-json\/wp\/v2\/comments?post=251940"}],"wp:featuredmedia":[{"embeddable":true,"href":"https:\/\/www.inesgreen.com\/en\/wp-json\/wp\/v2\/media\/251952"}],"wp:attachment":[{"href":"https:\/\/www.inesgreen.com\/en\/wp-json\/wp\/v2\/media?parent=251940"}],"wp:term":[{"taxonomy":"product_brand","embeddable":true,"href":"https:\/\/www.inesgreen.com\/en\/wp-json\/wp\/v2\/product_brand?post=251940"},{"taxonomy":"product_cat","embeddable":true,"href":"https:\/\/www.inesgreen.com\/en\/wp-json\/wp\/v2\/product_cat?post=251940"},{"taxonomy":"product_tag","embeddable":true,"href":"https:\/\/www.inesgreen.com\/en\/wp-json\/wp\/v2\/product_tag?post=251940"}],"curies":[{"name":"wp","href":"https:\/\/api.w.org\/{rel}","templated":true}]}}