{"id":252002,"date":"2025-10-12T13:09:49","date_gmt":"2025-10-12T11:09:49","guid":{"rendered":"https:\/\/www.inesgreen.com\/?post_type=product&#038;p=252002"},"modified":"2026-03-15T19:13:51","modified_gmt":"2026-03-15T18:13:51","slug":"prete-merveilleuse-journee","status":"publish","type":"product","link":"https:\/\/www.inesgreen.com\/en\/product\/prete-merveilleuse-journee\/","title":{"rendered":"Ready for a wonderful day"},"content":{"rendered":"<p>Sew-on cotton label.<\/p>\n<p>Sold individually.<\/p>","protected":false},"excerpt":{"rendered":"<p><strong>Sew-on label \u00ab ready to have a wonderful day \u00bb.<br \/>\n<\/strong>The labels are made of 100% cotton.<br \/>\nPre-folded edges. Easy to sew. Doesn't scratch.<\/p>\n<p>Label to sew onto your knitted or crocheted work. Helps identify the front from the back and embellish your garment.<\/p>\n<p><strong>Cream cotton with brown writing.<\/strong><strong><br \/>\n<\/strong><strong>Size: 6 x 2 cm<\/strong><\/p>","protected":false},"featured_media":252003,"comment_status":"open","ping_status":"closed","template":"","meta":{"_seopress_robots_primary_cat":"none","_seopress_titles_title":"Etiquette \u00e0 coudre pr\u00eate pour passer une merveilleuse journ\u00e9e - In\u00e8s Green","_seopress_titles_desc":"Etiquette \u00e0 coudre sur votre ouvrage tricot ou crochet. Permet de rep\u00e9rer le devant du dos du pull. Ne gratte pas, en 100% coton.","_seopress_robots_index":"","_et_pb_use_builder":"","_et_pb_old_content":"","_et_gb_content_width":"","ep_exclude_from_search":false},"product_brand":[],"product_cat":[121],"product_tag":[],"class_list":{"0":"post-252002","1":"product","2":"type-product","3":"status-publish","4":"has-post-thumbnail","6":"product_cat-etiquettes-a-coudre","8":"first","9":"instock","10":"shipping-taxable","11":"purchasable","12":"product-type-simple"},"_links":{"self":[{"href":"https:\/\/www.inesgreen.com\/en\/wp-json\/wp\/v2\/product\/252002","targetHints":{"allow":["GET"]}}],"collection":[{"href":"https:\/\/www.inesgreen.com\/en\/wp-json\/wp\/v2\/product"}],"about":[{"href":"https:\/\/www.inesgreen.com\/en\/wp-json\/wp\/v2\/types\/product"}],"replies":[{"embeddable":true,"href":"https:\/\/www.inesgreen.com\/en\/wp-json\/wp\/v2\/comments?post=252002"}],"wp:featuredmedia":[{"embeddable":true,"href":"https:\/\/www.inesgreen.com\/en\/wp-json\/wp\/v2\/media\/252003"}],"wp:attachment":[{"href":"https:\/\/www.inesgreen.com\/en\/wp-json\/wp\/v2\/media?parent=252002"}],"wp:term":[{"taxonomy":"product_brand","embeddable":true,"href":"https:\/\/www.inesgreen.com\/en\/wp-json\/wp\/v2\/product_brand?post=252002"},{"taxonomy":"product_cat","embeddable":true,"href":"https:\/\/www.inesgreen.com\/en\/wp-json\/wp\/v2\/product_cat?post=252002"},{"taxonomy":"product_tag","embeddable":true,"href":"https:\/\/www.inesgreen.com\/en\/wp-json\/wp\/v2\/product_tag?post=252002"}],"curies":[{"name":"wp","href":"https:\/\/api.w.org\/{rel}","templated":true}]}}