{"id":253089,"date":"2025-12-08T10:03:03","date_gmt":"2025-12-08T09:03:03","guid":{"rendered":"https:\/\/www.inesgreen.com\/?post_type=product&#038;p=253089"},"modified":"2026-03-20T19:03:30","modified_gmt":"2026-03-20T18:03:30","slug":"kit-echarpe-charlie-laine-et-patron-pdf-rouge-ocre","status":"publish","type":"product","link":"https:\/\/www.inesgreen.com\/en\/product\/kit-echarpe-charlie-laine-et-patron-pdf-rouge-ocre\/","title":{"rendered":"Charlie Scarf Kit \u2013 Ocher Red (Yarn and PDF Pattern)"},"content":{"rendered":"<h2 id=\"un-jeu-de-matires-et-de-textures-dexception\" class=\"mb-2 mt-4 font-display font-semimedium text-base first:mt-0 md:text-lg [hr+&amp;]:mt-4\">Un jeu de mati\u00e8res et de textures d&rsquo;exception<\/h2>\n<p class=\"my-2 [&amp;+p]:mt-4 [&amp;_strong:has(+br)]:inline-block [&amp;_strong:has(+br)]:pb-2\">Le coffret Charlie n&rsquo;est pas qu&rsquo;un simple projet tricot, c&rsquo;est une exploration de fibres nobles. Le secret de cette \u00e9toffe r\u00e9side dans le mariage de deux bases d&rsquo;exception :<\/p>\n<ul class=\"marker:text-quiet list-disc\">\n<li class=\"py-0 my-0 prose-p:pt-0 prose-p:mb-2 prose-p:my-0 [&amp;&gt;p]:pt-0 [&amp;&gt;p]:mb-2 [&amp;&gt;p]:my-0\">\n<p class=\"my-2 [&amp;+p]:mt-4 [&amp;_strong:has(+br)]:inline-block [&amp;_strong:has(+br)]:pb-2\"><strong>La base Yak Tibet (Fingering)<\/strong>\u00a0: Compos\u00e9e de 60% de m\u00e9rinos sw, 20% de soie et surtout\u00a0<strong>20% de Yak<\/strong>, cette laine offre une base grise naturelle qui donne aux coloris une profondeur in\u00e9gal\u00e9e et une intensit\u00e9 myst\u00e9rieuse. Elle apporte au tricot un drap\u00e9 impeccable et une douceur comparable au cachemire.<\/p>\n<\/li>\n<li class=\"py-0 my-0 prose-p:pt-0 prose-p:mb-2 prose-p:my-0 [&amp;&gt;p]:pt-0 [&amp;&gt;p]:mb-2 [&amp;&gt;p]:my-0\">\n<p class=\"my-2 [&amp;+p]:mt-4 [&amp;_strong:has(+br)]:inline-block [&amp;_strong:has(+br)]:pb-2\"><strong>Le Mohair &amp; Soie (Lace)<\/strong>\u00a0: Un m\u00e9lange a\u00e9rien de 64% kid mohair et 36% soie qui vient cr\u00e9er un halo vaporeux et lumineux autour de l&rsquo;ouvrage.<\/p>\n<\/li>\n<\/ul>\n<p class=\"my-2 [&amp;+p]:mt-4 [&amp;_strong:has(+br)]:inline-block [&amp;_strong:has(+br)]:pb-2\">Tricot\u00e9s ensemble pour le moelleux, ces fils cr\u00e9ent un rythme visuel captivant et une chaleur enveloppante.<\/p>\n<h2 id=\"le-coloris-rouge-ocre--une-palette-chaude-et-vibra\" class=\"mb-2 mt-4 font-display font-semimedium text-base first:mt-0 md:text-lg [hr+&amp;]:mt-4\">Le coloris \u00ab\u00a0Rouge ocre\u00a0\u00bb : une palette chaude et vibrante<\/h2>\n<p class=\"my-2 [&amp;+p]:mt-4 [&amp;_strong:has(+br)]:inline-block [&amp;_strong:has(+br)]:pb-2\">Pour cette d\u00e9clinaison, nous avons s\u00e9lectionn\u00e9 une harmonie de teintes automnales et chaleureuses :<\/p>\n<ul class=\"marker:text-quiet list-disc\">\n<li class=\"py-0 my-0 prose-p:pt-0 prose-p:mb-2 prose-p:my-0 [&amp;&gt;p]:pt-0 [&amp;&gt;p]:mb-2 [&amp;&gt;p]:my-0\">\n<p class=\"my-2 [&amp;+p]:mt-4 [&amp;_strong:has(+br)]:inline-block [&amp;_strong:has(+br)]:pb-2\"><a href=\"https:\/\/www.inesgreen.com\/produit\/canyon\/\"><strong>Canyon<\/strong><\/a>\u00a0: Une nuance terreuse et solaire.<\/p>\n<\/li>\n<li class=\"py-0 my-0 prose-p:pt-0 prose-p:mb-2 prose-p:my-0 [&amp;&gt;p]:pt-0 [&amp;&gt;p]:mb-2 [&amp;&gt;p]:my-0\">\n<p class=\"my-2 [&amp;+p]:mt-4 [&amp;_strong:has(+br)]:inline-block [&amp;_strong:has(+br)]:pb-2\"><a href=\"https:\/\/www.inesgreen.com\/produit\/rouge-gorge\/\"><strong>Rouge gorge<\/strong><\/a>\u00a0: Un rouge vibrant et profond.<\/p>\n<\/li>\n<\/ul>\n<p class=\"my-2 [&amp;+p]:mt-4 [&amp;_strong:has(+br)]:inline-block [&amp;_strong:has(+br)]:pb-2\">L&rsquo;alternance de ces coloris avec les changements de bases (Yak ou Mohair) permet de dessiner des motifs graphiques et des lignes horizontales contrast\u00e9es (r\u00e9alis\u00e9es au crochet) pour un rendu style \u00ab\u00a0\u00e9cossais\u00a0\u00bb revisit\u00e9.<\/p>\n<h2 id=\"un-kit-tricot-complet-et-pdagogique\" class=\"mb-2 mt-4 font-display font-semimedium text-base first:mt-0 md:text-lg [hr+&amp;]:mt-4\">Un kit tricot complet et p\u00e9dagogique<\/h2>\n<p class=\"my-2 [&amp;+p]:mt-4 [&amp;_strong:has(+br)]:inline-block [&amp;_strong:has(+br)]:pb-2\">Que vous souhaitiez vous lancer un nouveau d\u00e9fi ou tricoter sereinement, tout a \u00e9t\u00e9 pens\u00e9 pour votre confort.<br \/>\n<strong>Le coffret contient :<\/strong><\/p>\n<ul class=\"marker:text-quiet list-disc\">\n<li class=\"py-0 my-0 prose-p:pt-0 prose-p:mb-2 prose-p:my-0 [&amp;&gt;p]:pt-0 [&amp;&gt;p]:mb-2 [&amp;&gt;p]:my-0\">\n<p class=\"my-2 [&amp;+p]:mt-4 [&amp;_strong:has(+br)]:inline-block [&amp;_strong:has(+br)]:pb-2\"><strong>4 \u00c9cheveaux de luxe<\/strong>\u00a0: 2 \u00e9cheveaux de Fingering Yak Tibet (366m\/100g) et 2 \u00e9cheveaux de Mohair &amp; Soie (420m\/50g).<\/p>\n<\/li>\n<li class=\"py-0 my-0 prose-p:pt-0 prose-p:mb-2 prose-p:my-0 [&amp;&gt;p]:pt-0 [&amp;&gt;p]:mb-2 [&amp;&gt;p]:my-0\">\n<p class=\"my-2 [&amp;+p]:mt-4 [&amp;_strong:has(+br)]:inline-block [&amp;_strong:has(+br)]:pb-2\"><strong>Le patron PDF<\/strong> : Un pas \u00e0 pas complet d\u00e9taillant chaque \u00e9tape.<\/p>\n<\/li>\n<\/ul>\n<p class=\"my-2 [&amp;+p]:mt-4 [&amp;_strong:has(+br)]:inline-block [&amp;_strong:has(+br)]:pb-2\"><strong>Mat\u00e9riel recommand\u00e9 (non inclus) :<\/strong>\u00a0Une paire d&rsquo;aiguilles 4,5 mm et <a href=\"https:\/\/www.inesgreen.com\/produit\/crochets-reparation-bois\/\">un crochet<\/a>, <a href=\"https:\/\/www.inesgreen.com\/anneaux-marqueurs\/\">6 anneaux marqueurs<\/a> et une <a href=\"https:\/\/www.inesgreen.com\/produit\/aiguilles-a-laine-13-tulip\/\">aiguille \u00e0 laine.<\/a><\/p>\n","protected":false},"excerpt":{"rendered":"<p>Wrap yourself in sweetness with the scarf<strong> Charlie<\/strong>, blending the depth of the <strong>Yak Tibet<\/strong>\u00a0to the airy\u00a0<strong>Mohair and Silk<\/strong>This complete kit allows you to create a modern \"tartan\" style scarf, playing with textures and colors thanks to the alternation of knitted threads together. Available in the \"Rouge Ocre\" version, this knitting project comes with a <strong>PDF pattern<\/strong>\u00a0to guide you step by step. Knit your must-have winter accessory, both warm, comfortable, and timelessly elegant.<br \/>\n<span class=\"a_GcMg font-feature-liga-off font-feature-clig-off font-feature-calt-off text-decoration-none text-strikethrough-none\">The scarf measures approximately 32 cm in width and 200 cm in height (adjustable length).<\/span><\/p>\n<p>&nbsp;<\/p>","protected":false},"featured_media":253120,"comment_status":"open","ping_status":"closed","template":"","meta":{"_seopress_robots_primary_cat":"none","_seopress_titles_title":"Kit \u00e9charpe Charlie rouge ocre avec Patron PDF - In\u00e8s Green","_seopress_titles_desc":"Enveloppez-vous de douceur avec l'\u00e9charpe Charlie, une exp\u00e9rience sensorielle unique mariant la profondeur du\u00a0Yak Tibet\u00a0\u00e0 l'a\u00e9rien\u00a0Mohair et Soie. Ce kit complet vous permet de r\u00e9aliser une \u00e9charpe au style \"tartan\" moderne, jouant sur les textures et la transparence gr\u00e2ce \u00e0 l'alternance de fils tricot\u00e9s seuls ou ensemble.","_seopress_robots_index":"","_et_pb_use_builder":"","_et_pb_old_content":"","_et_gb_content_width":"","ep_exclude_from_search":false},"product_brand":[],"product_cat":[124],"product_tag":[],"class_list":{"0":"post-253089","1":"product","2":"type-product","3":"status-publish","4":"has-post-thumbnail","6":"product_cat-kit-tricot-avec-patron","8":"first","9":"instock","10":"shipping-taxable","11":"purchasable","12":"product-type-woosb"},"_links":{"self":[{"href":"https:\/\/www.inesgreen.com\/en\/wp-json\/wp\/v2\/product\/253089","targetHints":{"allow":["GET"]}}],"collection":[{"href":"https:\/\/www.inesgreen.com\/en\/wp-json\/wp\/v2\/product"}],"about":[{"href":"https:\/\/www.inesgreen.com\/en\/wp-json\/wp\/v2\/types\/product"}],"replies":[{"embeddable":true,"href":"https:\/\/www.inesgreen.com\/en\/wp-json\/wp\/v2\/comments?post=253089"}],"wp:featuredmedia":[{"embeddable":true,"href":"https:\/\/www.inesgreen.com\/en\/wp-json\/wp\/v2\/media\/253120"}],"wp:attachment":[{"href":"https:\/\/www.inesgreen.com\/en\/wp-json\/wp\/v2\/media?parent=253089"}],"wp:term":[{"taxonomy":"product_brand","embeddable":true,"href":"https:\/\/www.inesgreen.com\/en\/wp-json\/wp\/v2\/product_brand?post=253089"},{"taxonomy":"product_cat","embeddable":true,"href":"https:\/\/www.inesgreen.com\/en\/wp-json\/wp\/v2\/product_cat?post=253089"},{"taxonomy":"product_tag","embeddable":true,"href":"https:\/\/www.inesgreen.com\/en\/wp-json\/wp\/v2\/product_tag?post=253089"}],"curies":[{"name":"wp","href":"https:\/\/api.w.org\/{rel}","templated":true}]}}