{"id":253130,"date":"2025-12-08T13:13:31","date_gmt":"2025-12-08T12:13:31","guid":{"rendered":"https:\/\/www.inesgreen.com\/?post_type=product&#038;p=253130"},"modified":"2026-03-20T19:12:33","modified_gmt":"2026-03-20T18:12:33","slug":"kit-echarpe-charlie-rose-laine-et-patron-pdf","status":"publish","type":"product","link":"https:\/\/www.inesgreen.com\/en\/product\/kit-echarpe-charlie-rose-laine-et-patron-pdf\/","title":{"rendered":"Kit Charlie Scarf - Rose (Yarn and PDF Pattern)"},"content":{"rendered":"<h2 id=\"lalliance-prcieuse-du-yak-et-de-la-soie\" class=\"mb-2 mt-4 font-display font-semimedium text-base first:mt-0 md:text-lg [hr+&amp;]:mt-4\">L&rsquo;alliance pr\u00e9cieuse du yak et de la soie<\/h2>\n<p class=\"my-2 [&amp;+p]:mt-4 [&amp;_strong:has(+br)]:inline-block [&amp;_strong:has(+br)]:pb-2\">Le v\u00e9ritable luxe du mod\u00e8le Charlie r\u00e9side dans la qualit\u00e9 exceptionnelle de ses fibres. Ce coffret vous propose de travailler deux bases compl\u00e9mentaires qui transforment l&rsquo;exp\u00e9rience du tricot :<\/p>\n<ul class=\"marker:text-quiet list-disc\">\n<li class=\"py-0 my-0 prose-p:pt-0 prose-p:mb-2 prose-p:my-0 [&amp;&gt;p]:pt-0 [&amp;&gt;p]:mb-2 [&amp;&gt;p]:my-0\">\n<p class=\"my-2 [&amp;+p]:mt-4 [&amp;_strong:has(+br)]:inline-block [&amp;_strong:has(+br)]:pb-2\"><strong>La Fingering Yak Tibet<\/strong>\u00a0: Une composition rare (60% m\u00e9rinos sw, 20% soie,\u00a0<strong>20% Yak<\/strong>) dont la base grise naturelle est la signature. Elle apporte une richesse incroyable aux couleurs, les rendant plus profondes et vibrantes. C&rsquo;est un fil au drap\u00e9 lourd et soyeux, dont la douceur est comparable \u00e0 celle du cachemire.<\/p>\n<\/li>\n<li class=\"py-0 my-0 prose-p:pt-0 prose-p:mb-2 prose-p:my-0 [&amp;&gt;p]:pt-0 [&amp;&gt;p]:mb-2 [&amp;&gt;p]:my-0\">\n<p class=\"my-2 [&amp;+p]:mt-4 [&amp;_strong:has(+br)]:inline-block [&amp;_strong:has(+br)]:pb-2\"><strong>Le Mohair &amp; Soie<\/strong>\u00a0: Un fil dentelle (64% kid mohair, 36% soie) qui vient apporter la touche de magie. Brillant et a\u00e9rien, il cr\u00e9e un halo duveteux autour de l&rsquo;\u00e9charpe pour une chaleur enveloppante et ultra-l\u00e9g\u00e8re.<\/p>\n<\/li>\n<\/ul>\n<p class=\"my-2 [&amp;+p]:mt-4 [&amp;_strong:has(+br)]:inline-block [&amp;_strong:has(+br)]:pb-2\">Le jeu de textures est au c\u0153ur du mod\u00e8le : les fils sont tricot\u00e9s ensemble et m\u00e9lang\u00e9s pour alterner entre texture d\u00e9licate et moelleux douillet.<\/p>\n<h2 id=\"un-camaeu-tendre--belle-de-nuit-et-cheeky-pink\" class=\"mb-2 mt-4 font-display font-semimedium text-base first:mt-0 md:text-lg [hr+&amp;]:mt-4\">Un cama\u00efeu tendre : \u00ab\u00a0Belle de nuit\u00a0\u00bb et \u00ab\u00a0Cheeky pink\u00a0\u00bb<\/h2>\n<p class=\"my-2 [&amp;+p]:mt-4 [&amp;_strong:has(+br)]:inline-block [&amp;_strong:has(+br)]:pb-2\">Pour cette version Rose, nous avons imagin\u00e9 une harmonie en ton sur ton qui \u00e9voque la f\u00e9minit\u00e9 et la lumi\u00e8re. Gr\u00e2ce \u00e0 la base grise du Yak, ces roses \u00e9vitent tout effet \u00ab\u00a0bonbon\u00a0\u00bb pour r\u00e9v\u00e9ler des nuances poudr\u00e9es et sophistiqu\u00e9es :<\/p>\n<ul class=\"marker:text-quiet list-disc\">\n<li class=\"py-0 my-0 prose-p:pt-0 prose-p:mb-2 prose-p:my-0 [&amp;&gt;p]:pt-0 [&amp;&gt;p]:mb-2 [&amp;&gt;p]:my-0\">\n<p class=\"my-2 [&amp;+p]:mt-4 [&amp;_strong:has(+br)]:inline-block [&amp;_strong:has(+br)]:pb-2\"><a href=\"https:\/\/www.inesgreen.com\/produit\/belle-de-nuit\/\"><strong>Belle de nuit<\/strong><\/a>\u00a0: Une teinte profonde, myst\u00e9rieuse et \u00e9l\u00e9gante qui structure l&rsquo;\u00e9charpe.<\/p>\n<\/li>\n<li class=\"py-0 my-0 prose-p:pt-0 prose-p:mb-2 prose-p:my-0 [&amp;&gt;p]:pt-0 [&amp;&gt;p]:mb-2 [&amp;&gt;p]:my-0\">\n<p class=\"my-2 [&amp;+p]:mt-4 [&amp;_strong:has(+br)]:inline-block [&amp;_strong:has(+br)]:pb-2\"><a href=\"https:\/\/www.inesgreen.com\/produit\/cheeky-pink\/\"><strong>Cheeky pink<\/strong><\/a>\u00a0: Une note plus p\u00e9tillante et joyeuse qui vient capter la lumi\u00e8re.<\/p>\n<\/li>\n<\/ul>\n<p class=\"my-2 [&amp;+p]:mt-4 [&amp;_strong:has(+br)]:inline-block [&amp;_strong:has(+br)]:pb-2\">Le design graphique de l&rsquo;\u00e9charpe Charlie, avec ses lignes verticales et horizontales (r\u00e9alis\u00e9es au crochet), m\u00e9lange ces deux teintes pour cr\u00e9er un tartan moderne, doux et incroyablement chic.<\/p>\n<h2 id=\"un-kit-complet-pour-un-tricot-serein\" class=\"mb-2 mt-4 font-display font-semimedium text-base first:mt-0 md:text-lg [hr+&amp;]:mt-4\">Un kit complet pour un tricot serein<\/h2>\n<p class=\"my-2 [&amp;+p]:mt-4 [&amp;_strong:has(+br)]:inline-block [&amp;_strong:has(+br)]:pb-2\">Que vous souhaitiez offrir ce coffret ou vous faire plaisir, tout a \u00e9t\u00e9 pens\u00e9 pour une r\u00e9alisation sans stress.<br \/>\n<strong>Votre kit contient :<\/strong><\/p>\n<ul class=\"marker:text-quiet list-disc\">\n<li class=\"py-0 my-0 prose-p:pt-0 prose-p:mb-2 prose-p:my-0 [&amp;&gt;p]:pt-0 [&amp;&gt;p]:mb-2 [&amp;&gt;p]:my-0\">\n<p class=\"my-2 [&amp;+p]:mt-4 [&amp;_strong:has(+br)]:inline-block [&amp;_strong:has(+br)]:pb-2\"><strong>4 \u00c9cheveaux d&rsquo;Exception<\/strong>\u00a0: 2 \u00e9cheveaux de Fingering Yak Tibet (366m\/100g) et 2 \u00e9cheveaux de Mohair &amp; Soie (420m\/50g).<\/p>\n<\/li>\n<li class=\"py-0 my-0 prose-p:pt-0 prose-p:mb-2 prose-p:my-0 [&amp;&gt;p]:pt-0 [&amp;&gt;p]:mb-2 [&amp;&gt;p]:my-0\">\n<p class=\"my-2 [&amp;+p]:mt-4 [&amp;_strong:has(+br)]:inline-block [&amp;_strong:has(+br)]:pb-2\"><strong>Le patron PDF<\/strong> : Un pas \u00e0 pas complet d\u00e9taillant chaque \u00e9tape.<\/p>\n<\/li>\n<\/ul>\n<p class=\"my-2 [&amp;+p]:mt-4 [&amp;_strong:has(+br)]:inline-block [&amp;_strong:has(+br)]:pb-2\"><strong>Mat\u00e9riel recommand\u00e9 (non inclus) :<\/strong>\u00a0Une paire d&rsquo;aiguilles 4,5 mm et <a href=\"https:\/\/www.inesgreen.com\/produit\/crochets-reparation-bois\/\">un crochet<\/a>, <a href=\"https:\/\/www.inesgreen.com\/anneaux-marqueurs\/\">6 anneaux marqueurs<\/a> et une <a href=\"https:\/\/www.inesgreen.com\/produit\/aiguilles-a-laine-13-tulip\/\">aiguille \u00e0 laine.<\/a><\/p>\n","protected":false},"excerpt":{"rendered":"<p>Bring a touch of sweetness to your wardrobe with the\u00a0<strong>Charlie scarf kit in Rose version<\/strong>The Charlie scarf in its pink version combines the intensity of the color <a href=\"https:\/\/www.inesgreen.com\/en\/product\/belle-de-nuit\/\">\u00ab\u00a0Belle de Nuit\u00a0\u00bb<\/a> to the audacity of the <a href=\"https:\/\/www.inesgreen.com\/en\/product\/cheeky-pink\/\">\u00ab Cheeky Pink \u00bb<\/a>, creating a resolutely girly and sparkling accessory. Thanks to the precious base in <strong>Yak Tibet<\/strong>\u00a0(grey natural base) and the\u00a0<strong>Mohair Silk<\/strong>, the shades of pink become deep for a chic and sophisticated look. Includes: 4 skeins of yarn, and the PDF pattern to make your scarf and master this elegant play of textures.<br \/>\n<span class=\"a_GcMg font-feature-liga-off font-feature-clig-off font-feature-calt-off text-decoration-none text-strikethrough-none\">The scarf measures approximately 32 cm in width and 200 cm in height (adjustable length).<\/span><\/p>","protected":false},"featured_media":253159,"comment_status":"open","ping_status":"closed","template":"","meta":{"_seopress_robots_primary_cat":"none","_seopress_titles_title":"Kit \u00c9charpe Charlie avec patron PDF - Rose - Yak & Mohair | In\u00e8s Green","_seopress_titles_desc":"Le kit complet pour tricoter le mod\u00e8le Charlie en Rose. 4 \u00e9cheveaux (Yak\/Mohair) pour cr\u00e9er une \u00e9charpe chaude chic et f\u00e9minine. Tuto inclus.","_seopress_robots_index":"","_et_pb_use_builder":"","_et_pb_old_content":"","_et_gb_content_width":"","ep_exclude_from_search":false},"product_brand":[],"product_cat":[124],"product_tag":[],"class_list":{"0":"post-253130","1":"product","2":"type-product","3":"status-publish","4":"has-post-thumbnail","6":"product_cat-kit-tricot-avec-patron","8":"first","9":"instock","10":"shipping-taxable","11":"purchasable","12":"product-type-woosb"},"_links":{"self":[{"href":"https:\/\/www.inesgreen.com\/en\/wp-json\/wp\/v2\/product\/253130","targetHints":{"allow":["GET"]}}],"collection":[{"href":"https:\/\/www.inesgreen.com\/en\/wp-json\/wp\/v2\/product"}],"about":[{"href":"https:\/\/www.inesgreen.com\/en\/wp-json\/wp\/v2\/types\/product"}],"replies":[{"embeddable":true,"href":"https:\/\/www.inesgreen.com\/en\/wp-json\/wp\/v2\/comments?post=253130"}],"wp:featuredmedia":[{"embeddable":true,"href":"https:\/\/www.inesgreen.com\/en\/wp-json\/wp\/v2\/media\/253159"}],"wp:attachment":[{"href":"https:\/\/www.inesgreen.com\/en\/wp-json\/wp\/v2\/media?parent=253130"}],"wp:term":[{"taxonomy":"product_brand","embeddable":true,"href":"https:\/\/www.inesgreen.com\/en\/wp-json\/wp\/v2\/product_brand?post=253130"},{"taxonomy":"product_cat","embeddable":true,"href":"https:\/\/www.inesgreen.com\/en\/wp-json\/wp\/v2\/product_cat?post=253130"},{"taxonomy":"product_tag","embeddable":true,"href":"https:\/\/www.inesgreen.com\/en\/wp-json\/wp\/v2\/product_tag?post=253130"}],"curies":[{"name":"wp","href":"https:\/\/api.w.org\/{rel}","templated":true}]}}