{"id":253555,"date":"2026-03-18T11:05:35","date_gmt":"2026-03-18T10:05:35","guid":{"rendered":"https:\/\/www.inesgreen.com\/?post_type=product&#038;p=253555"},"modified":"2026-03-19T09:45:27","modified_gmt":"2026-03-19T08:45:27","slug":"patron-echarpe-charlie-pdf","status":"publish","type":"product","link":"https:\/\/www.inesgreen.com\/en\/product\/patron-echarpe-charlie-pdf\/","title":{"rendered":"Patron Echarpe Charlie \u2013 PDF"},"content":{"rendered":"<p>Wrap yourself in sweetness with the scarf<strong>\u00a0Charlie<\/strong>, blending the depth of the\u00a0<strong>Yak Tibet<\/strong>\u00a0to the airy\u00a0<strong>Mohair and Silk<\/strong>Create a modern scarf, playing with textures and colors through the alternation of knitted yarns together. The <strong>PDF pattern<\/strong> We guide you step by step. Knit your must-have winter accessory, both warm, comfortable, and timelessly elegant.<\/p>\n<p><em><span class=\"a_GcMg font-feature-liga-off font-feature-clig-off font-feature-calt-off text-decoration-none text-strikethrough-none\">The scarf measures approximately 32 cm in width and 200 cm in height (adjustable length).<\/span><\/em><\/p>\n<p><a href=\"https:\/\/www.inesgreen.com\/en\/echarpe-charlie\/\"><strong>The scarf is also available in ready-to-knit kits with the recommended yarn. The original gray Yak Tibet base allows for a color contrast with the mohair &amp; silk in the same shade.<\/strong><\/a><\/p>\n<p><strong>Recommended material: A pair of 4.5 mm needles and <a href=\"https:\/\/www.inesgreen.com\/en\/product\/crochets-reparation-bois\/\">a hook<\/a>,\u00a0<a href=\"https:\/\/www.inesgreen.com\/en\/anneaux-marqueurs\/\">6 marker rings<\/a>\u00a0and a\u00a0<a href=\"https:\/\/www.inesgreen.com\/en\/product\/aiguilles-a-laine-13-tulip\/\">knitting needle.<\/a><\/strong><\/p>","protected":false},"excerpt":{"rendered":"<p><em><strong>Charlie est une \u00e9charpe bicolore r\u00e9solument moderne.<\/strong><\/em><br \/>\nLe m\u00e9lange des fibres m\u00e9rino, yak, mohair et soie offre une douceur tr\u00e8s agr\u00e9able \u00e0 porter. Charlie est un subtile jeu de mati\u00e8res et de couleurs, jouant sur l\u2019alternance des teintes et des textures de points pour cr\u00e9er des lignes graphiques, tr\u00e8s visuelles et stimulantes \u00e0 tricoter.<\/p>\n<p>Charlie est l\u2019\u00e9charpe\u00a0<strong>facile \u00e0 tricoter<\/strong>, id\u00e9ale pour vous prot\u00e9ger du froid et habillera joliment vos manteaux et tenues hivernales.<\/p>\n<p><strong>Aiguilles : 4,5 mm<\/strong><\/p>\n<p><strong>Laines recommand\u00e9es :<\/strong><\/p>\n<ul class=\"marker:text-quiet list-disc\">\n<li class=\"py-0 my-0 prose-p:pt-0 prose-p:mb-2 prose-p:my-0 [&amp;&gt;p]:pt-0 [&amp;&gt;p]:mb-2 [&amp;&gt;p]:my-0\">\n<p class=\"my-2 [&amp;+p]:mt-4 [&amp;_strong:has(+br)]:inline-block [&amp;_strong:has(+br)]:pb-2\"><a href=\"https:\/\/www.inesgreen.com\/nuancier-laines\/?yith_wcan=1&amp;filter_base=fingering-yak-tibet&amp;query_type_base=or\"><strong>2 \u00e9cheveaux de Fingering Yak Tibet<\/strong><\/a><\/p>\n<\/li>\n<li class=\"py-0 my-0 prose-p:pt-0 prose-p:mb-2 prose-p:my-0 [&amp;&gt;p]:pt-0 [&amp;&gt;p]:mb-2 [&amp;&gt;p]:my-0\">\n<p class=\"my-2 [&amp;+p]:mt-4 [&amp;_strong:has(+br)]:inline-block [&amp;_strong:has(+br)]:pb-2\"><a href=\"https:\/\/www.inesgreen.com\/nuancier-laines\/?yith_wcan=1&amp;filter_base=mohair_soie&amp;query_type_base=or\"><strong>2 \u00e9cheveaux de Mohair &amp; Soie<\/strong><\/a><\/p>\n<\/li>\n<\/ul>\n","protected":false},"featured_media":253156,"comment_status":"open","ping_status":"closed","template":"","meta":{"_seopress_robots_primary_cat":"none","_seopress_titles_title":"Patron Echarpe Charlie PDF - Ines Green","_seopress_titles_desc":"Tricotez l'\u00e9charpe Charlie en version gr\u00e2ce au patron PDF expliqu\u00e9 pas \u00e0 pas.","_seopress_robots_index":"","_et_pb_use_builder":"","_et_pb_old_content":"","_et_gb_content_width":"","ep_exclude_from_search":false},"product_brand":[],"product_cat":[125],"product_tag":[],"class_list":{"0":"post-253555","1":"product","2":"type-product","3":"status-publish","4":"has-post-thumbnail","6":"product_cat-patrons","8":"first","9":"instock","10":"downloadable","11":"virtual","12":"purchasable","13":"product-type-simple"},"_links":{"self":[{"href":"https:\/\/www.inesgreen.com\/en\/wp-json\/wp\/v2\/product\/253555","targetHints":{"allow":["GET"]}}],"collection":[{"href":"https:\/\/www.inesgreen.com\/en\/wp-json\/wp\/v2\/product"}],"about":[{"href":"https:\/\/www.inesgreen.com\/en\/wp-json\/wp\/v2\/types\/product"}],"replies":[{"embeddable":true,"href":"https:\/\/www.inesgreen.com\/en\/wp-json\/wp\/v2\/comments?post=253555"}],"wp:featuredmedia":[{"embeddable":true,"href":"https:\/\/www.inesgreen.com\/en\/wp-json\/wp\/v2\/media\/253156"}],"wp:attachment":[{"href":"https:\/\/www.inesgreen.com\/en\/wp-json\/wp\/v2\/media?parent=253555"}],"wp:term":[{"taxonomy":"product_brand","embeddable":true,"href":"https:\/\/www.inesgreen.com\/en\/wp-json\/wp\/v2\/product_brand?post=253555"},{"taxonomy":"product_cat","embeddable":true,"href":"https:\/\/www.inesgreen.com\/en\/wp-json\/wp\/v2\/product_cat?post=253555"},{"taxonomy":"product_tag","embeddable":true,"href":"https:\/\/www.inesgreen.com\/en\/wp-json\/wp\/v2\/product_tag?post=253555"}],"curies":[{"name":"wp","href":"https:\/\/api.w.org\/{rel}","templated":true}]}}