{"id":253685,"date":"2026-04-11T09:55:01","date_gmt":"2026-04-11T07:55:01","guid":{"rendered":"https:\/\/www.inesgreen.com\/?post_type=product&#038;p=253685"},"modified":"2026-04-12T14:17:21","modified_gmt":"2026-04-12T12:17:21","slug":"kit-chaussettes-daphne","status":"publish","type":"product","link":"https:\/\/www.inesgreen.com\/en\/product\/kit-chaussettes-daphne\/","title":{"rendered":"Daphn\u00e9 Socks Kit"},"content":{"rendered":"<p><strong>Hand-dyed wool.<br \/>\n<\/strong><strong>Fingering Sock: 75% Superwash Merino, 25% Nylon<\/strong><\/p>\n<p>The photographs are taken in natural daylight to achieve the closest possible color representation to reality. The image and colors may vary depending on your monitor settings and from one screen to another.<\/p>\n<p>Hand-dyed wool is a craft technique. Each skein is hand-dyed, making it unique. Skeins from the same dye bath may have color variations. It is recommended to alternate skeins for a harmonious result.<\/p>\n<p>Hand washing recommended and lay flat to dry.<\/p>","protected":false},"excerpt":{"rendered":"<p><strong>Daphn\u00e9 Socks Kit<\/strong>, perfect for knitting your socks with vibrant hues and soft shades. Hand-dyed yarn kit. The main skein \u00ab <strong>Clematis<\/strong> \u00bb, is a vibrant pink with fuschia and colorful pink speckles. It comes with three contrasting minis: <strong>\u00ab\u00a0Rose Garden\u00a0\u00bb<\/strong> a delicate pastel peach-orange, <strong>\u00ab\u00a0Vitamine\u00a0\u00bb<\/strong> a bright and varied orange and <strong>\u00ab Bleu Menthe \u00bb<\/strong> a soft pastel green. An ideal artisan wool kit for <strong>unique socks<\/strong>.<\/p>\n<p><strong>Kit including 1 skein of 50gr in the main color and 3 contrasting minis of 20gr each.<br \/>\nFingering sock: 75% merino wool and 25% nylon.<\/strong><\/p>\n<p><em>Hand-dyed wool.<\/em><\/p>","protected":false},"featured_media":253715,"comment_status":"open","ping_status":"closed","template":"","meta":{"_seopress_robots_primary_cat":"none","_seopress_titles_title":"Kit chaussettes Daphn\u00e9 \u2013 \u00e9cheveau naturel avec minis rose et vert | In\u00e8s Green","_seopress_titles_desc":"Kit de laine \u00e0 chaussettes Daphn\u00e9. Id\u00e9al pour tricoter vos chaussettes en laine et oser les mod\u00e8les en jacquard facilement.","_seopress_robots_index":"","_et_pb_use_builder":"off","_et_pb_old_content":"Albertine est un coloris orange vibrant et lumineux. Ce bel orang\u00e9 sera parfait pour apporter une couleur pop \u00e0 vos projets tricots, tel qu'un contrastant \u00e0 chaussettes.\r\n\r\nAlbertine tient son nom de la p\u00e9tillante Albertine, petite rousse de onze ans, h\u00e9ro\u00efne du livre La Maison sous la maison d'Emilie Chazerand.","_et_gb_content_width":"","ep_exclude_from_search":false},"product_brand":[],"product_cat":[76,129],"product_tag":[],"class_list":{"0":"post-253685","1":"product","2":"type-product","3":"status-publish","4":"has-post-thumbnail","6":"product_cat-kits-chaussettes","7":"product_cat-new","9":"first","10":"outofstock","11":"shipping-taxable","12":"purchasable","13":"product-type-simple"},"_links":{"self":[{"href":"https:\/\/www.inesgreen.com\/en\/wp-json\/wp\/v2\/product\/253685","targetHints":{"allow":["GET"]}}],"collection":[{"href":"https:\/\/www.inesgreen.com\/en\/wp-json\/wp\/v2\/product"}],"about":[{"href":"https:\/\/www.inesgreen.com\/en\/wp-json\/wp\/v2\/types\/product"}],"replies":[{"embeddable":true,"href":"https:\/\/www.inesgreen.com\/en\/wp-json\/wp\/v2\/comments?post=253685"}],"wp:featuredmedia":[{"embeddable":true,"href":"https:\/\/www.inesgreen.com\/en\/wp-json\/wp\/v2\/media\/253715"}],"wp:attachment":[{"href":"https:\/\/www.inesgreen.com\/en\/wp-json\/wp\/v2\/media?parent=253685"}],"wp:term":[{"taxonomy":"product_brand","embeddable":true,"href":"https:\/\/www.inesgreen.com\/en\/wp-json\/wp\/v2\/product_brand?post=253685"},{"taxonomy":"product_cat","embeddable":true,"href":"https:\/\/www.inesgreen.com\/en\/wp-json\/wp\/v2\/product_cat?post=253685"},{"taxonomy":"product_tag","embeddable":true,"href":"https:\/\/www.inesgreen.com\/en\/wp-json\/wp\/v2\/product_tag?post=253685"}],"curies":[{"name":"wp","href":"https:\/\/api.w.org\/{rel}","templated":true}]}}