{"id":253716,"date":"2026-04-11T17:58:02","date_gmt":"2026-04-11T15:58:02","guid":{"rendered":"https:\/\/www.inesgreen.com\/?post_type=product&#038;p=253716"},"modified":"2026-04-12T08:40:39","modified_gmt":"2026-04-12T06:40:39","slug":"kit-laine-love-me-tender","status":"publish","type":"product","link":"https:\/\/www.inesgreen.com\/en\/product\/kit-laine-love-me-tender\/","title":{"rendered":"Love me tender yarn kit"},"content":{"rendered":"<p>Each skein of yarn is carefully hand-dyed, ensuring a unique piece for your creations.<\/p>","protected":false},"excerpt":{"rendered":"<p>Kit de laine de 6 \u00e9ch\u00e9veaux du coloris <strong>Love me tender<\/strong>.<br \/>\n<span class=\"hover:duration-80 duration-800 cursor-pointer underline decoration-super\/50 decoration-1 underline-offset-[2px] transition-all first:mt-3 hover:text-super hover:decoration-super\/80 hover:underline-offset-[5px] motion-reduce:transition-none dark:decoration-superDark\/35 dark:hover:text-superDark dark:hover:decoration-superDark\/80\" data-state=\"closed\"><strong>\u00ab Love me tender \u00bb<\/strong><\/span><span class=\"\"> incarne la douceur, o\u00f9 chaque maille tricot\u00e9e devient une caresse. Ce coloris invite \u00e0 la douceur et au cocooning, m\u00eale des <\/span><span class=\"\"><strong>nuances de rose poudr\u00e9<\/strong><\/span><span class=\"\">, des\u00a0<\/span><span class=\"\"><strong>\u00e9clats de rose fuchsia<\/strong><\/span><span class=\"\"> vibrants et des petites touches d&rsquo;\u00e9clats d&rsquo;amour<\/span><span class=\"\">. Chaque \u00e9cheveau <\/span><span class=\"\"><strong>teint est unique<\/strong>\u00a0et\u00a0<\/span><span class=\"\">r\u00e9v\u00e8le des variations po\u00e9tiques de\u00a0<strong>rose poudr\u00e9 saupoudr\u00e9 d\u2019amour et de d\u00e9licatesse<\/strong>.<\/span>. Avec ce kit vous pouvez tricoter un pull ou cardigan de la taille S \u00e0 L.<\/p>\n<p><em>Laine teinte \u00e0 la main avec passion.<\/em><\/p>\n<p><strong>Contenu du kit :<\/strong><br \/>\n<strong>&#8211; 3 \u00e9cheveaux fingering Sock &#8211; Love me tender<\/strong><br \/>\n<strong>&#8211; 3 \u00e9cheveaux Mohair &amp; Soie &#8211; Love me tender<\/strong><\/p>\n<p><em>Kit en \u00e9dition limit\u00e9e, pr\u00eat \u00e0 \u00eatre exp\u00e9di\u00e9 sous 48 heures.<br \/>\n<a href=\"https:\/\/www.inesgreen.com\/produit\/fevrier-2025-love-me-tender\/\">Coloris disponible en pr\u00e9commande ici.<\/a><\/em><\/p>\n","protected":false},"featured_media":253721,"comment_status":"open","ping_status":"closed","template":"","meta":{"_seopress_robots_primary_cat":"none","_seopress_titles_title":"Kit laine Love me tender - In\u00e8s Green","_seopress_titles_desc":"","_seopress_robots_index":"yes","_et_pb_use_builder":"","_et_pb_old_content":"","_et_gb_content_width":"","ep_exclude_from_search":false},"product_brand":[],"product_cat":[128,129],"product_tag":[],"class_list":{"0":"post-253716","1":"product","2":"type-product","3":"status-publish","4":"has-post-thumbnail","6":"product_cat-kit-pulls-cardigans","7":"product_cat-new","9":"first","10":"instock","11":"shipping-taxable","12":"purchasable","13":"product-type-simple"},"_links":{"self":[{"href":"https:\/\/www.inesgreen.com\/en\/wp-json\/wp\/v2\/product\/253716","targetHints":{"allow":["GET"]}}],"collection":[{"href":"https:\/\/www.inesgreen.com\/en\/wp-json\/wp\/v2\/product"}],"about":[{"href":"https:\/\/www.inesgreen.com\/en\/wp-json\/wp\/v2\/types\/product"}],"replies":[{"embeddable":true,"href":"https:\/\/www.inesgreen.com\/en\/wp-json\/wp\/v2\/comments?post=253716"}],"wp:featuredmedia":[{"embeddable":true,"href":"https:\/\/www.inesgreen.com\/en\/wp-json\/wp\/v2\/media\/253721"}],"wp:attachment":[{"href":"https:\/\/www.inesgreen.com\/en\/wp-json\/wp\/v2\/media?parent=253716"}],"wp:term":[{"taxonomy":"product_brand","embeddable":true,"href":"https:\/\/www.inesgreen.com\/en\/wp-json\/wp\/v2\/product_brand?post=253716"},{"taxonomy":"product_cat","embeddable":true,"href":"https:\/\/www.inesgreen.com\/en\/wp-json\/wp\/v2\/product_cat?post=253716"},{"taxonomy":"product_tag","embeddable":true,"href":"https:\/\/www.inesgreen.com\/en\/wp-json\/wp\/v2\/product_tag?post=253716"}],"curies":[{"name":"wp","href":"https:\/\/api.w.org\/{rel}","templated":true}]}}